{"id":20958,"date":"2025-01-01T12:05:50","date_gmt":"2025-01-01T12:05:50","guid":{"rendered":"https:\/\/streetpower-rekond.se\/newsite\/product\/clay-clean-rubber-pad-150mm\/"},"modified":"2025-01-12T11:36:04","modified_gmt":"2025-01-12T11:36:04","slug":"clay-clean-rubber-pad-150mm","status":"publish","type":"product","link":"https:\/\/streetpower-rekond.se\/newsite\/sv\/product\/clay-clean-rubber-pad-150mm\/","title":{"rendered":"Clay &amp; Clean Rubber Pad 150mm"},"content":{"rendered":"<div>Clay &amp; Clean Rubber Pad\u00a0avl\u00e4gsnar p\u00e5 enkelt och s\u00e4kert s\u00e4tt f\u00f6roreningar fr\u00e5n \u00a0insekter, flygrost \u00a0tj\u00e4ra fr\u00e5n olika ytor s\u00e5som billack, glasfiber, glas<\/div>\n<div>Clay &amp; Clean Rubber Pad\u00a0ska anv\u00e4ndas tillsammans\u00a0med\u00a0Clay &amp; Finish Fluid<\/div>\n<div><\/div>\n<div>Specifikationer:<br \/>\nStorlek: 150mm<br \/>\nMaterial: Avancerad gummi polymerteknologi<br \/>\nF\u00e4rg svart<br \/>\nAnv\u00e4nd med: Oscillerande polermaskiner<\/div>\n<div><\/div>\n<div><img fetchpriority=\"high\" decoding=\"async\" src=\"https:\/\/streetpower-rekond.se\/newsite\/img\/cms\/ClayPad_Size_M_peodukt_en.jpg\" alt=\"\" width=\"900\" height=\"696\" title=\"\"><\/div>\n","protected":false},"excerpt":{"rendered":"<p>Clay &amp; Clean Rubber Pad<\/p>\n","protected":false},"featured_media":21656,"comment_status":"open","ping_status":"closed","template":"","meta":[],"etheme_brands":[],"product_brand":[],"product_cat":[242],"product_tag":[],"class_list":{"0":"post-20958","1":"product","2":"type-product","3":"status-publish","4":"has-post-thumbnail","6":"product_cat-lack-lera","8":"first","9":"instock","10":"taxable","11":"shipping-taxable","12":"purchasable","13":"product-type-simple"},"_links":{"self":[{"href":"https:\/\/streetpower-rekond.se\/newsite\/sv\/wp-json\/wp\/v2\/product\/20958","targetHints":{"allow":["GET"]}}],"collection":[{"href":"https:\/\/streetpower-rekond.se\/newsite\/sv\/wp-json\/wp\/v2\/product"}],"about":[{"href":"https:\/\/streetpower-rekond.se\/newsite\/sv\/wp-json\/wp\/v2\/types\/product"}],"replies":[{"embeddable":true,"href":"https:\/\/streetpower-rekond.se\/newsite\/sv\/wp-json\/wp\/v2\/comments?post=20958"}],"version-history":[{"count":0,"href":"https:\/\/streetpower-rekond.se\/newsite\/sv\/wp-json\/wp\/v2\/product\/20958\/revisions"}],"wp:featuredmedia":[{"embeddable":true,"href":"https:\/\/streetpower-rekond.se\/newsite\/sv\/wp-json\/wp\/v2\/media\/21656"}],"wp:attachment":[{"href":"https:\/\/streetpower-rekond.se\/newsite\/sv\/wp-json\/wp\/v2\/media?parent=20958"}],"wp:term":[{"taxonomy":"brand","embeddable":true,"href":"https:\/\/streetpower-rekond.se\/newsite\/sv\/wp-json\/wp\/v2\/etheme_brands?post=20958"},{"taxonomy":"product_brand","embeddable":true,"href":"https:\/\/streetpower-rekond.se\/newsite\/sv\/wp-json\/wp\/v2\/product_brand?post=20958"},{"taxonomy":"product_cat","embeddable":true,"href":"https:\/\/streetpower-rekond.se\/newsite\/sv\/wp-json\/wp\/v2\/product_cat?post=20958"},{"taxonomy":"product_tag","embeddable":true,"href":"https:\/\/streetpower-rekond.se\/newsite\/sv\/wp-json\/wp\/v2\/product_tag?post=20958"}],"curies":[{"name":"wp","href":"https:\/\/api.w.org\/{rel}","templated":true}]}}