{"id":20928,"date":"2025-01-01T12:05:03","date_gmt":"2025-01-01T12:05:03","guid":{"rendered":"https:\/\/streetpower-rekond.se\/newsite\/product\/skyline-graphene-sic-ceramic-coat-50ml\/"},"modified":"2025-04-22T11:51:04","modified_gmt":"2025-04-22T11:51:04","slug":"ultracoat-skyline-graphene-coat-50ml","status":"publish","type":"product","link":"https:\/\/streetpower-rekond.se\/newsite\/sv\/product\/ultracoat-skyline-graphene-coat-50ml\/","title":{"rendered":"Ultracoat Skyline Graphene Coat 50ml"},"content":{"rendered":"<p>Ultracoat InteliGraph \u00e4r en serie av tekniskt avancerade keramiska bel\u00e4ggningar<\/p>\n<p>designad f\u00f6r de mest kr\u00e4vande anv\u00e4ndarna. Den best\u00e5r av tre aktiva ingredienser: SiO2,<\/p>\n<p>SiC och grafen. Prestanda f\u00f6r InteliGraph-seriens produkter baseras p\u00e5<\/p>\n<p>smart polymerteknologi &#8211; n\u00e4sta generations bel\u00e4ggningar som har f\u00f6rm\u00e5gan att anpassa sig<\/p>\n<p>till \u00e4ven de mest extrema milj\u00f6f\u00f6rh\u00e5llandena samtidigt som exceptionellt bibeh\u00e5lls<\/p>\n<p>visuella och funktionella egenskaper. Detta \u00e4r den mest avancerade produktlinjen i Ultracoats<\/p>\n<p>historia. Inga kompromisser.<\/p>\n<p>Skyline \u00e4r en keramisk-grafenbel\u00e4ggning som ger ett omfattande skydd f\u00f6r<\/p>\n<p>varje fordons lack samtidigt som den ger exceptionellt f\u00e4rgdjup. Dess sammans\u00e4ttning<\/p>\n<p>best\u00e5r av tre aktiva ingredienser: SiO2, SiC och grafenpl\u00e4ttar. Detta<\/p>\n<p>kombinationen m\u00f6jligg\u00f6r uppn\u00e5endet av smarta polymeregenskaper \u2013 n\u00e4sta generation<\/p>\n<p>bel\u00e4ggningar med tidigare ok\u00e4nda m\u00f6jligheter att anpassa sig till olika milj\u00f6er<\/p>\n<p>villkor. Som ett resultat bibeh\u00e5ller Skyline sin prestanda oavsett extern<\/p>\n<p>faktorer som extremt l\u00e5ga eller h\u00f6ga temperaturer, UV-str\u00e5lning eller exponering f\u00f6r<\/p>\n<p>kemikalier med extrema pH-v\u00e4rden (fr\u00e5n 2 till 13).<\/p>\n<p>Skyline-bel\u00e4ggningen \u00e4r designad f\u00f6r de mest kr\u00e4vande anv\u00e4ndarna och erbjuder<\/p>\n<p>skydd i upp till 3 \u00e5r eller 80 000 km, vilket s\u00e4kerst\u00e4ller fullst\u00e4ndigt f\u00f6rsvar mot<\/p>\n<p>ogynnsamma yttre f\u00f6rh\u00e5llanden under denna period. Tack vare tillsatsen av grafen pl\u00e4ttar, n\u00e4r de appliceras p\u00e5 f\u00e4rgen p\u00e5 ett nytt fordon, kan det till och med inducera en<\/p>\n<p>sj\u00e4lvregenererande effekt.<\/p>\n<p>N\u00e4rvaron av grafenpl\u00e4ttar f\u00f6rb\u00e4ttrar ocks\u00e5 skylinens j\u00e4mnhet<\/p>\n<p>bel\u00e4ggning j\u00e4mf\u00f6rt med tidigare produkter, vilket h\u00f6jer dess hydrofoba egenskaper till en<\/p>\n<p>ny superhydrofob niv\u00e5 och f\u00f6rb\u00e4ttrad sj\u00e4lvreng\u00f6rande f\u00f6rm\u00e5ga. Skyline till\u00e5ter<\/p>\n<p>du kan njuta av en fantastiskt vacker och l\u00e4ttsk\u00f6tt effekt, \u00e4ven i extrema fall.<\/p>\n<p>Skyline \u00e4r en sj\u00e4lvf\u00f6rs\u00f6rjande bel\u00e4ggning som inte kr\u00e4ver ett extra t\u00e4ckskikt.<\/p>\n<p><iframe title=\"Ultracoat Skyline Graphene Coat instruktionsfilm #bilv\u00e5rd #lackskydd\" width=\"1170\" height=\"658\" src=\"https:\/\/www.youtube.com\/embed\/lw-LXPOh75w?feature=oembed\" frameborder=\"0\" allow=\"accelerometer; autoplay; clipboard-write; encrypted-media; gyroscope; picture-in-picture; web-share\" referrerpolicy=\"strict-origin-when-cross-origin\" allowfullscreen><\/iframe><\/p>\n","protected":false},"excerpt":{"rendered":"<p>Skyline \u00e4r en grafenkeramisk lackskydd som best\u00e5r av tre aktiva ingredienser: SiO2, SiC,<\/p>\n<p>och grafen. Denna kombination m\u00f6jligg\u00f6r uppn\u00e5endet av smarta polymeregenskaper.<\/p>\n<p>garanterar utm\u00e4rkt skydd f\u00f6r lack, fantastiskt utseende, superhydrofobicitet,<\/p>\n<p>och sj\u00e4lvreng\u00f6rande egenskaper i upp till 3 \u00e5r eller 80 000 km oavsett yttre f\u00f6rh\u00e5llanden.<\/p>\n","protected":false},"featured_media":20931,"comment_status":"open","ping_status":"closed","template":"","meta":[],"etheme_brands":[{"term_id":410,"name":"Ultracoat","slug":"ultracoat","term_group":0,"term_taxonomy_id":410,"taxonomy":"brand","description":"","parent":0,"count":79,"filter":"raw"}],"product_brand":[384],"product_cat":[210],"product_tag":[],"class_list":{"0":"post-20928","1":"product","2":"type-product","3":"status-publish","4":"has-post-thumbnail","6":"brand-ultracoat","7":"product_brand-ultracoat","8":"product_cat-keramiska-lackskydd","10":"first","11":"instock","12":"sale","13":"taxable","14":"shipping-taxable","15":"purchasable","16":"product-type-simple"},"_links":{"self":[{"href":"https:\/\/streetpower-rekond.se\/newsite\/sv\/wp-json\/wp\/v2\/product\/20928","targetHints":{"allow":["GET"]}}],"collection":[{"href":"https:\/\/streetpower-rekond.se\/newsite\/sv\/wp-json\/wp\/v2\/product"}],"about":[{"href":"https:\/\/streetpower-rekond.se\/newsite\/sv\/wp-json\/wp\/v2\/types\/product"}],"replies":[{"embeddable":true,"href":"https:\/\/streetpower-rekond.se\/newsite\/sv\/wp-json\/wp\/v2\/comments?post=20928"}],"version-history":[{"count":1,"href":"https:\/\/streetpower-rekond.se\/newsite\/sv\/wp-json\/wp\/v2\/product\/20928\/revisions"}],"predecessor-version":[{"id":22964,"href":"https:\/\/streetpower-rekond.se\/newsite\/sv\/wp-json\/wp\/v2\/product\/20928\/revisions\/22964"}],"wp:featuredmedia":[{"embeddable":true,"href":"https:\/\/streetpower-rekond.se\/newsite\/sv\/wp-json\/wp\/v2\/media\/20931"}],"wp:attachment":[{"href":"https:\/\/streetpower-rekond.se\/newsite\/sv\/wp-json\/wp\/v2\/media?parent=20928"}],"wp:term":[{"taxonomy":"brand","embeddable":true,"href":"https:\/\/streetpower-rekond.se\/newsite\/sv\/wp-json\/wp\/v2\/etheme_brands?post=20928"},{"taxonomy":"product_brand","embeddable":true,"href":"https:\/\/streetpower-rekond.se\/newsite\/sv\/wp-json\/wp\/v2\/product_brand?post=20928"},{"taxonomy":"product_cat","embeddable":true,"href":"https:\/\/streetpower-rekond.se\/newsite\/sv\/wp-json\/wp\/v2\/product_cat?post=20928"},{"taxonomy":"product_tag","embeddable":true,"href":"https:\/\/streetpower-rekond.se\/newsite\/sv\/wp-json\/wp\/v2\/product_tag?post=20928"}],"curies":[{"name":"wp","href":"https:\/\/api.w.org\/{rel}","templated":true}]}}