{"id":20925,"date":"2025-01-01T12:04:56","date_gmt":"2025-01-01T12:04:56","guid":{"rendered":"https:\/\/streetpower-rekond.se\/newsite\/product\/viking-1l-heavy-duty-trigger\/"},"modified":"2025-01-16T12:31:20","modified_gmt":"2025-01-16T12:31:20","slug":"viking-1l-heavy-duty-trigger","status":"publish","type":"product","link":"https:\/\/streetpower-rekond.se\/newsite\/sv\/product\/viking-1l-heavy-duty-trigger\/","title":{"rendered":"Viking 1L + Heavy Duty Trigger"},"content":{"rendered":"<p>Tillverkad av polyeten (HDPE) med god motst\u00e5ndskraft mot aggressiva produkter<\/p>\n<p>Heavy Duty Trigger har en kemisk best\u00e4ndighet mot l\u00f6sningsmedel, starka syror och andra aggressiva kemikalier. Avtryckarsprutan \u00e4r utrustad med FKM (Viton) t\u00e4tningar och har ett kraftigt munstycke, som \u00e4r justerbart fr\u00e5n dimma till rak str\u00e5le.<\/p>\n","protected":false},"excerpt":{"rendered":"<p>Vi presenterar v\u00e5r nya 1-litersflaska, designad f\u00f6r exakta utsp\u00e4dningar varje g\u00e5ng. L\u00e4gg bara till din produkt, justera till \u00f6nskad koncentration och fyll p\u00e5 med vatten till 100 %. S\u00e5 enkelt \u00e4r det!<\/p>\n","protected":false},"featured_media":20926,"comment_status":"open","ping_status":"closed","template":"","meta":[],"etheme_brands":[],"product_brand":[],"product_cat":[261],"product_tag":[],"class_list":{"0":"post-20925","1":"product","2":"type-product","3":"status-publish","4":"has-post-thumbnail","6":"product_cat-sprayflaskor","8":"first","9":"instock","10":"taxable","11":"shipping-taxable","12":"purchasable","13":"product-type-simple"},"_links":{"self":[{"href":"https:\/\/streetpower-rekond.se\/newsite\/sv\/wp-json\/wp\/v2\/product\/20925","targetHints":{"allow":["GET"]}}],"collection":[{"href":"https:\/\/streetpower-rekond.se\/newsite\/sv\/wp-json\/wp\/v2\/product"}],"about":[{"href":"https:\/\/streetpower-rekond.se\/newsite\/sv\/wp-json\/wp\/v2\/types\/product"}],"replies":[{"embeddable":true,"href":"https:\/\/streetpower-rekond.se\/newsite\/sv\/wp-json\/wp\/v2\/comments?post=20925"}],"version-history":[{"count":0,"href":"https:\/\/streetpower-rekond.se\/newsite\/sv\/wp-json\/wp\/v2\/product\/20925\/revisions"}],"wp:featuredmedia":[{"embeddable":true,"href":"https:\/\/streetpower-rekond.se\/newsite\/sv\/wp-json\/wp\/v2\/media\/20926"}],"wp:attachment":[{"href":"https:\/\/streetpower-rekond.se\/newsite\/sv\/wp-json\/wp\/v2\/media?parent=20925"}],"wp:term":[{"taxonomy":"brand","embeddable":true,"href":"https:\/\/streetpower-rekond.se\/newsite\/sv\/wp-json\/wp\/v2\/etheme_brands?post=20925"},{"taxonomy":"product_brand","embeddable":true,"href":"https:\/\/streetpower-rekond.se\/newsite\/sv\/wp-json\/wp\/v2\/product_brand?post=20925"},{"taxonomy":"product_cat","embeddable":true,"href":"https:\/\/streetpower-rekond.se\/newsite\/sv\/wp-json\/wp\/v2\/product_cat?post=20925"},{"taxonomy":"product_tag","embeddable":true,"href":"https:\/\/streetpower-rekond.se\/newsite\/sv\/wp-json\/wp\/v2\/product_tag?post=20925"}],"curies":[{"name":"wp","href":"https:\/\/api.w.org\/{rel}","templated":true}]}}