{"id":20858,"date":"2025-01-01T12:02:39","date_gmt":"2025-01-01T12:02:39","guid":{"rendered":"https:\/\/streetpower-rekond.se\/newsite\/product\/liquid-elements-gloss-boost-500ml\/"},"modified":"2025-03-15T14:15:49","modified_gmt":"2025-03-15T14:15:49","slug":"liquid-elements-gloss-boost-500ml","status":"publish","type":"product","link":"https:\/\/streetpower-rekond.se\/newsite\/sv\/product\/liquid-elements-gloss-boost-500ml\/","title":{"rendered":"Liquid Elements Gloss Boost 500ml"},"content":{"rendered":"<p>N\u00e5gra av f\u00f6rdelarna med Gloss Boost:<\/p>\n<p>\u2022 Ger en otrolig glans\u00a0<\/p>\n<p>\u2022 Ger en otrolig avrinning\u00a0<\/p>\n<p>\u2022 H\u00e5llbarhet i upp till 5-6 m\u00e5nader<\/p>\n<p>\u2022 L\u00e4tt att applicera och torka av<\/p>\n<p>\u2022 Passar alla lacktyper<\/p>\n<p>\u2022 Perfekt f\u00f6r bilutst\u00e4llningar och event<\/p>\n<\/p>\n<p>Applicera enkelt genom att:<\/p>\n<p>&#8211; Skaka beh\u00e5llaren f\u00f6rst<\/p>\n<p>&#8211; Spraya ytan<\/p>\n<p>&#8211; F\u00f6rdela med en applikatordyna<\/p>\n<p>&#8211; V\u00e4nta ca 20 sekunder<\/p>\n<p>&#8211; Torka bort eventuella rester med en tjock mikrofierduk<\/p>\n<p>Viktigt att t\u00e4nka p\u00e5:<\/p>\n<p>&#8211; Anv\u00e4nd inte p\u00e5 varm lack<\/p>\n<p>&#8211; L\u00e5t inte produkten torka in<\/p>\n<p><strong><span style=\"color:#f80808\">F\u00f6r b\u00e4sta resultat: Blanda Gloss Boost 1:1 med vatten.<\/span><\/strong><\/p>\n<\/p>\n<p><strong><span style=\"color:#f80808\"><\/span><\/strong><\/p>\n<p>Klassificering av \u00e4mnet eller blandningen<\/p>\n<p>Klassificering enligt f\u00f6rordning (EG) nr 1272\/2008 Produkten \u00e4r inte klassificerad enligt CLP-f\u00f6rordningen.<\/p>\n<p>M\u00e4rkningsuppgifter<\/p>\n<p>\u00b7 M\u00e4rkning enligt f\u00f6rordning (EG) nr 1272\/2008 Utg\u00e5r<\/p>\n<p>\u00b7 Faropiktogram Utg\u00e5r<\/p>\n<p>\u00b7 Signalord Utg\u00e5r<\/p>\n<p>\u00b7 Faroangivelser Utg\u00e5r<\/p>\n<p>\u00b7 Andra faror<\/p>\n<p>\u00b7 Resultat av PBT- och vPvB-bed\u00f6mningen<\/p>\n<p>\u00b7 PBT: Ej anv\u00e4ndbar.<\/p>\n<p>\u00b7 vPvB: Ej anv\u00e4ndbar.<\/p><\/p>\n","protected":false},"excerpt":{"rendered":"<p>Denna kraftfulla sprayf\u00f6rsegling \u00f6kar bilens lyster och f\u00f6rseglar lackens yta. Den \u00e4r perfekt att anv\u00e4nda antingen efter tv\u00e4tt eller f\u00f6r snabb detaljv\u00e5rd n\u00e4r du st\u00e4ller ut ditt fordon.<\/p>\n","protected":false},"featured_media":20861,"comment_status":"open","ping_status":"closed","template":"","meta":[],"etheme_brands":[],"product_brand":[],"product_cat":[208],"product_tag":[],"class_list":{"0":"post-20858","1":"product","2":"type-product","3":"status-publish","4":"has-post-thumbnail","6":"product_cat-lackskydd-vax","8":"first","9":"instock","10":"taxable","11":"shipping-taxable","12":"purchasable","13":"product-type-simple"},"_links":{"self":[{"href":"https:\/\/streetpower-rekond.se\/newsite\/sv\/wp-json\/wp\/v2\/product\/20858","targetHints":{"allow":["GET"]}}],"collection":[{"href":"https:\/\/streetpower-rekond.se\/newsite\/sv\/wp-json\/wp\/v2\/product"}],"about":[{"href":"https:\/\/streetpower-rekond.se\/newsite\/sv\/wp-json\/wp\/v2\/types\/product"}],"replies":[{"embeddable":true,"href":"https:\/\/streetpower-rekond.se\/newsite\/sv\/wp-json\/wp\/v2\/comments?post=20858"}],"version-history":[{"count":0,"href":"https:\/\/streetpower-rekond.se\/newsite\/sv\/wp-json\/wp\/v2\/product\/20858\/revisions"}],"wp:featuredmedia":[{"embeddable":true,"href":"https:\/\/streetpower-rekond.se\/newsite\/sv\/wp-json\/wp\/v2\/media\/20861"}],"wp:attachment":[{"href":"https:\/\/streetpower-rekond.se\/newsite\/sv\/wp-json\/wp\/v2\/media?parent=20858"}],"wp:term":[{"taxonomy":"brand","embeddable":true,"href":"https:\/\/streetpower-rekond.se\/newsite\/sv\/wp-json\/wp\/v2\/etheme_brands?post=20858"},{"taxonomy":"product_brand","embeddable":true,"href":"https:\/\/streetpower-rekond.se\/newsite\/sv\/wp-json\/wp\/v2\/product_brand?post=20858"},{"taxonomy":"product_cat","embeddable":true,"href":"https:\/\/streetpower-rekond.se\/newsite\/sv\/wp-json\/wp\/v2\/product_cat?post=20858"},{"taxonomy":"product_tag","embeddable":true,"href":"https:\/\/streetpower-rekond.se\/newsite\/sv\/wp-json\/wp\/v2\/product_tag?post=20858"}],"curies":[{"name":"wp","href":"https:\/\/api.w.org\/{rel}","templated":true}]}}