{"id":20852,"date":"2025-01-01T12:02:22","date_gmt":"2025-01-01T12:02:22","guid":{"rendered":"https:\/\/streetpower-rekond.se\/newsite\/product\/liquid-elements-back-in-black-500ml\/"},"modified":"2025-04-23T06:23:02","modified_gmt":"2025-04-23T06:23:02","slug":"liquid-elements-back-in-black-500ml","status":"publish","type":"product","link":"https:\/\/streetpower-rekond.se\/newsite\/sv\/product\/liquid-elements-back-in-black-500ml\/","title":{"rendered":"Liquid Elements Back in Black 500ml"},"content":{"rendered":"<p>Skaka flaskan v\u00e4l<\/p>\n<p>Applicera j\u00e4mnt med en applikator\u00a0<\/p>\n<p>L\u00e5t verka i ca 1 minut<\/p>\n<p>Vid behov, ta bort rester med en mikrofiberduk\u00a0<\/p>\n<p>Om en starkare effekt \u00f6nskas, upprepa processen<\/p>\n<\/p>\n<p>\u00c5terst\u00e4ller d\u00e4ck och plast till sin naturliga sv\u00e4rta<\/p>\n<p>Passar \u00e4ven f\u00f6r plast i interi\u00f6ren<\/p>\n<p>Anv\u00e4nd inte p\u00e5 v\u00e5ta d\u00e4ck<\/p>\n<p>pH-v\u00e4rde vid 20\u00b0C = 6-7<\/p><\/p>\n","protected":false},"excerpt":{"rendered":"<p>D\u00e4ck och plastgel\u00e9n Back in Black s\u00e4kerst\u00e4ller en<\/p>\n<p>silkeslen glans och ett nytt utseende p\u00e5 d\u00e4ck- och plastdelar.<\/p>\n<p>Produkten reng\u00f6r skonsamt och tar fram den naturliga sv\u00e4rtan<\/p>\n<p>ytan igen utan st\u00f6rre anstr\u00e4ngning.<\/p>\n<p>Back in Black kan \u00e4ven anv\u00e4ndas p\u00e5 plastdelar i fordonsinredningen<\/p>\n","protected":false},"featured_media":20853,"comment_status":"open","ping_status":"closed","template":"","meta":[],"etheme_brands":[],"product_brand":[],"product_cat":[252,267],"product_tag":[],"class_list":{"0":"post-20852","1":"product","2":"type-product","3":"status-publish","4":"has-post-thumbnail","6":"product_cat-daeckglans","7":"product_cat-plast-lister","9":"first","10":"instock","11":"taxable","12":"shipping-taxable","13":"purchasable","14":"product-type-simple"},"_links":{"self":[{"href":"https:\/\/streetpower-rekond.se\/newsite\/sv\/wp-json\/wp\/v2\/product\/20852","targetHints":{"allow":["GET"]}}],"collection":[{"href":"https:\/\/streetpower-rekond.se\/newsite\/sv\/wp-json\/wp\/v2\/product"}],"about":[{"href":"https:\/\/streetpower-rekond.se\/newsite\/sv\/wp-json\/wp\/v2\/types\/product"}],"replies":[{"embeddable":true,"href":"https:\/\/streetpower-rekond.se\/newsite\/sv\/wp-json\/wp\/v2\/comments?post=20852"}],"version-history":[{"count":0,"href":"https:\/\/streetpower-rekond.se\/newsite\/sv\/wp-json\/wp\/v2\/product\/20852\/revisions"}],"wp:featuredmedia":[{"embeddable":true,"href":"https:\/\/streetpower-rekond.se\/newsite\/sv\/wp-json\/wp\/v2\/media\/20853"}],"wp:attachment":[{"href":"https:\/\/streetpower-rekond.se\/newsite\/sv\/wp-json\/wp\/v2\/media?parent=20852"}],"wp:term":[{"taxonomy":"brand","embeddable":true,"href":"https:\/\/streetpower-rekond.se\/newsite\/sv\/wp-json\/wp\/v2\/etheme_brands?post=20852"},{"taxonomy":"product_brand","embeddable":true,"href":"https:\/\/streetpower-rekond.se\/newsite\/sv\/wp-json\/wp\/v2\/product_brand?post=20852"},{"taxonomy":"product_cat","embeddable":true,"href":"https:\/\/streetpower-rekond.se\/newsite\/sv\/wp-json\/wp\/v2\/product_cat?post=20852"},{"taxonomy":"product_tag","embeddable":true,"href":"https:\/\/streetpower-rekond.se\/newsite\/sv\/wp-json\/wp\/v2\/product_tag?post=20852"}],"curies":[{"name":"wp","href":"https:\/\/api.w.org\/{rel}","templated":true}]}}