{"id":20848,"date":"2025-01-01T12:02:05","date_gmt":"2025-01-01T12:02:05","guid":{"rendered":"https:\/\/streetpower-rekond.se\/newsite\/product\/liquid-elements-quick-detailer-500ml\/"},"modified":"2025-04-26T14:37:32","modified_gmt":"2025-04-26T14:37:32","slug":"liquid-elements-quick-detailer-500ml","status":"publish","type":"product","link":"https:\/\/streetpower-rekond.se\/newsite\/sv\/product\/liquid-elements-quick-detailer-500ml\/","title":{"rendered":"Liquid Elements Quick Detailer 500ml"},"content":{"rendered":"<p>Applicera enkelt genom att:<\/p>\n<p>&#8211; Skaka beh\u00e5llaren f\u00f6rst<\/p>\n<p>&#8211; Spraya ytan<\/p>\n<p>&#8211; Torka bort eventuella rester med en tjock mikrofierduk<\/p>\n<p>&#8211; H\u00e5llbarhet i upp till 3-4 m\u00e5nader<\/p>\n<\/p>\n<p>Viktigt att t\u00e4nka p\u00e5:<\/p>\n<p>&#8211; Anv\u00e4nd inte p\u00e5 varm lack<\/p>\n<p>&#8211; L\u00e5t inte produkten torka in<\/p>\n<p><img decoding=\"async\" src=\"https:\/\/streetpower-rekond.se\/newsite\/img\/cms\/Faro%20Symboler\/exclam.gif\" alt=\"\" width=\"90\" height=\"90\" title=\"\"><\/p>\n<p>P101: Om medicinsk r\u00e5dgivning kr\u00e4vs, ha beh\u00e5llare eller etikett till hands.<\/p>\n<p>P102: F\u00f6rvaras utom r\u00e4ckh\u00e5ll f\u00f6r barn.<\/p>\n<p>P302+P352: VID HUDKONTAKT: Tv\u00e4tta med mycket tv\u00e5l och vatten.<\/p>\n<p>P305+P351+P338: VID KONTAKT MED \u00d6GONEN: Sk\u00f6lj f\u00f6rsiktigt med vatten i flera minuter. Ta om m\u00f6jligt bort eventuella kontaktlinser. Forts\u00e4tt sk\u00f6lja.<\/p>\n<p>P337+P313: Om \u00f6gonirritation kvarst\u00e5r: S\u00f6k l\u00e4karhj\u00e4lp.<\/p>\n<p>H315: Orsakar hudirritation.<\/p>\n<p>H319: Orsakar allvarlig \u00f6gonirritation<\/p>\n","protected":false},"excerpt":{"rendered":"<p>Liquid Elements Quick Detailer \u00e4r idealisk f\u00f6r att snabbt fr\u00e4scha upp f\u00e4rgen p\u00e5 fordonet, enkelt spraya p\u00e5, torka av och du \u00e4r klar.<\/p>\n<p>Detaljeraren l\u00e4mnar en behagligt gl\u00e4nsande lackyta och f\u00f6rser den med ett l\u00e4tt skyddande lager som f\u00f6rhindrar att damm och pollen fastnar och att vatten rinner av.<\/p>\n","protected":false},"featured_media":20849,"comment_status":"open","ping_status":"closed","template":"","meta":[],"etheme_brands":[],"product_brand":[],"product_cat":[208],"product_tag":[],"class_list":{"0":"post-20848","1":"product","2":"type-product","3":"status-publish","4":"has-post-thumbnail","6":"product_cat-lackskydd-vax","8":"first","9":"instock","10":"taxable","11":"shipping-taxable","12":"purchasable","13":"product-type-simple"},"_links":{"self":[{"href":"https:\/\/streetpower-rekond.se\/newsite\/sv\/wp-json\/wp\/v2\/product\/20848","targetHints":{"allow":["GET"]}}],"collection":[{"href":"https:\/\/streetpower-rekond.se\/newsite\/sv\/wp-json\/wp\/v2\/product"}],"about":[{"href":"https:\/\/streetpower-rekond.se\/newsite\/sv\/wp-json\/wp\/v2\/types\/product"}],"replies":[{"embeddable":true,"href":"https:\/\/streetpower-rekond.se\/newsite\/sv\/wp-json\/wp\/v2\/comments?post=20848"}],"version-history":[{"count":0,"href":"https:\/\/streetpower-rekond.se\/newsite\/sv\/wp-json\/wp\/v2\/product\/20848\/revisions"}],"wp:featuredmedia":[{"embeddable":true,"href":"https:\/\/streetpower-rekond.se\/newsite\/sv\/wp-json\/wp\/v2\/media\/20849"}],"wp:attachment":[{"href":"https:\/\/streetpower-rekond.se\/newsite\/sv\/wp-json\/wp\/v2\/media?parent=20848"}],"wp:term":[{"taxonomy":"brand","embeddable":true,"href":"https:\/\/streetpower-rekond.se\/newsite\/sv\/wp-json\/wp\/v2\/etheme_brands?post=20848"},{"taxonomy":"product_brand","embeddable":true,"href":"https:\/\/streetpower-rekond.se\/newsite\/sv\/wp-json\/wp\/v2\/product_brand?post=20848"},{"taxonomy":"product_cat","embeddable":true,"href":"https:\/\/streetpower-rekond.se\/newsite\/sv\/wp-json\/wp\/v2\/product_cat?post=20848"},{"taxonomy":"product_tag","embeddable":true,"href":"https:\/\/streetpower-rekond.se\/newsite\/sv\/wp-json\/wp\/v2\/product_tag?post=20848"}],"curies":[{"name":"wp","href":"https:\/\/api.w.org\/{rel}","templated":true}]}}