{"id":20842,"date":"2025-01-01T12:01:43","date_gmt":"2025-01-01T12:01:43","guid":{"rendered":"https:\/\/streetpower-rekond.se\/newsite\/product\/ultracoat-leather-cleaner-200-ml\/"},"modified":"2025-05-06T07:58:42","modified_gmt":"2025-05-06T07:58:42","slug":"ultracoat-leather-cleaner-200-ml","status":"publish","type":"product","link":"https:\/\/streetpower-rekond.se\/newsite\/sv\/product\/ultracoat-leather-cleaner-200-ml\/","title":{"rendered":"Ultracoat Leather Cleaner 200 ml"},"content":{"rendered":"<p>Dess behagliga fr\u00e4scha doften g\u00f6r reng\u00f6ringsprocessen inte bara effektiv utan ocks\u00e5 behaglig. Leather Cleaners verkan \u00e4r extremt snabb och det starka skummet underl\u00e4ttar borttagningen av smuts och fl\u00e4ckar.<\/p>\n<p>Anv\u00e4ndningsmetod:<\/p>\n<p>\u2022 Applicera produkten p\u00e5 ytan.<\/p>\n<p>\u2022 Arbeta ut produkten med en applikator eller borste.<\/p>\n<p>\u2022 Torka upp \u00f6verfl\u00f6dig produkt med en mikrofiber.<\/p>\n","protected":false},"excerpt":{"rendered":"<p>Ultracoat Leather Cleaner \u00e4r en f\u00e4rdig att anv\u00e4nda produkt f\u00f6r reng\u00f6ring av skinnytor. Produkten ger h\u00f6g reng\u00f6ringseffektivitet samtidigt som s\u00e4kerheten f\u00f6r l\u00e4dret och anv\u00e4ndaren bibeh\u00e5lls. L\u00e4mplig f\u00f6r b\u00e5de naturligt och ekologiskt l\u00e4der.<\/p>\n","protected":false},"featured_media":20843,"comment_status":"open","ping_status":"closed","template":"","meta":[],"etheme_brands":[{"term_id":410,"name":"Ultracoat","slug":"ultracoat","term_group":0,"term_taxonomy_id":410,"taxonomy":"brand","description":"","parent":0,"count":79,"filter":"raw"}],"product_brand":[384],"product_cat":[254],"product_tag":[],"class_list":{"0":"post-20842","1":"product","2":"type-product","3":"status-publish","4":"has-post-thumbnail","6":"brand-ultracoat","7":"product_brand-ultracoat","8":"product_cat-laedervard","10":"first","11":"instock","12":"sale","13":"taxable","14":"shipping-taxable","15":"purchasable","16":"product-type-simple"},"_links":{"self":[{"href":"https:\/\/streetpower-rekond.se\/newsite\/sv\/wp-json\/wp\/v2\/product\/20842","targetHints":{"allow":["GET"]}}],"collection":[{"href":"https:\/\/streetpower-rekond.se\/newsite\/sv\/wp-json\/wp\/v2\/product"}],"about":[{"href":"https:\/\/streetpower-rekond.se\/newsite\/sv\/wp-json\/wp\/v2\/types\/product"}],"replies":[{"embeddable":true,"href":"https:\/\/streetpower-rekond.se\/newsite\/sv\/wp-json\/wp\/v2\/comments?post=20842"}],"version-history":[{"count":1,"href":"https:\/\/streetpower-rekond.se\/newsite\/sv\/wp-json\/wp\/v2\/product\/20842\/revisions"}],"predecessor-version":[{"id":23090,"href":"https:\/\/streetpower-rekond.se\/newsite\/sv\/wp-json\/wp\/v2\/product\/20842\/revisions\/23090"}],"wp:featuredmedia":[{"embeddable":true,"href":"https:\/\/streetpower-rekond.se\/newsite\/sv\/wp-json\/wp\/v2\/media\/20843"}],"wp:attachment":[{"href":"https:\/\/streetpower-rekond.se\/newsite\/sv\/wp-json\/wp\/v2\/media?parent=20842"}],"wp:term":[{"taxonomy":"brand","embeddable":true,"href":"https:\/\/streetpower-rekond.se\/newsite\/sv\/wp-json\/wp\/v2\/etheme_brands?post=20842"},{"taxonomy":"product_brand","embeddable":true,"href":"https:\/\/streetpower-rekond.se\/newsite\/sv\/wp-json\/wp\/v2\/product_brand?post=20842"},{"taxonomy":"product_cat","embeddable":true,"href":"https:\/\/streetpower-rekond.se\/newsite\/sv\/wp-json\/wp\/v2\/product_cat?post=20842"},{"taxonomy":"product_tag","embeddable":true,"href":"https:\/\/streetpower-rekond.se\/newsite\/sv\/wp-json\/wp\/v2\/product_tag?post=20842"}],"curies":[{"name":"wp","href":"https:\/\/api.w.org\/{rel}","templated":true}]}}