{"id":20838,"date":"2025-01-01T12:01:29","date_gmt":"2025-01-01T12:01:29","guid":{"rendered":"https:\/\/streetpower-rekond.se\/newsite\/product\/leather-conditioner-200-ml\/"},"modified":"2025-05-06T07:59:03","modified_gmt":"2025-05-06T07:59:03","slug":"leather-conditioner-200-ml","status":"publish","type":"product","link":"https:\/\/streetpower-rekond.se\/newsite\/sv\/product\/leather-conditioner-200-ml\/","title":{"rendered":"Leather Conditioner 200 ml"},"content":{"rendered":"<p>V\u00e5rt l\u00e4derbalsam k\u00e4nnetecknas av sin delikata doft och matta finish, som tillf\u00f6r elegans till fordonsinteri\u00f6ren. Tack vare sin enkla applicering och dess kr\u00e4miga konsistens ger produkten bekv\u00e4m anv\u00e4ndning, sparar tid och bibeh\u00e5ller h\u00f6g prestanda.<\/p>\n<p>Anv\u00e4ndning tips.<\/p>\n<p>\u2022 Reng\u00f6r ytan med Ultracoat Leather Cleaner.<\/p>\n<p>\u2022 Applicera ett tunt lager av produkten med en applikator.<\/p>\n<p>\u2022 vid behov bort \u00f6verskott med en mikrofiberduk.<\/p>\n","protected":false},"excerpt":{"rendered":"<p>Ultracoat Leather Conditioner \u00e4r en innovativ produkt designad f\u00f6r att ta hand om din l\u00e4derkl\u00e4dsel.<\/p>\n<p>Den tillf\u00f6r n\u00e4ring och mjukg\u00f6rande egenskaper av l\u00e4dret och l\u00e5ngvarigt skydd.<\/p>\n<p>Den \u00e4r l\u00e4mplig f\u00f6r b\u00e5de naturligt och ekologiskt l\u00e4der.<\/p>\n","protected":false},"featured_media":20839,"comment_status":"open","ping_status":"closed","template":"","meta":[],"etheme_brands":[{"term_id":410,"name":"Ultracoat","slug":"ultracoat","term_group":0,"term_taxonomy_id":410,"taxonomy":"brand","description":"","parent":0,"count":79,"filter":"raw"}],"product_brand":[384],"product_cat":[254],"product_tag":[],"class_list":{"0":"post-20838","1":"product","2":"type-product","3":"status-publish","4":"has-post-thumbnail","6":"brand-ultracoat","7":"product_brand-ultracoat","8":"product_cat-laedervard","10":"first","11":"instock","12":"sale","13":"taxable","14":"shipping-taxable","15":"purchasable","16":"product-type-simple"},"_links":{"self":[{"href":"https:\/\/streetpower-rekond.se\/newsite\/sv\/wp-json\/wp\/v2\/product\/20838","targetHints":{"allow":["GET"]}}],"collection":[{"href":"https:\/\/streetpower-rekond.se\/newsite\/sv\/wp-json\/wp\/v2\/product"}],"about":[{"href":"https:\/\/streetpower-rekond.se\/newsite\/sv\/wp-json\/wp\/v2\/types\/product"}],"replies":[{"embeddable":true,"href":"https:\/\/streetpower-rekond.se\/newsite\/sv\/wp-json\/wp\/v2\/comments?post=20838"}],"version-history":[{"count":1,"href":"https:\/\/streetpower-rekond.se\/newsite\/sv\/wp-json\/wp\/v2\/product\/20838\/revisions"}],"predecessor-version":[{"id":23092,"href":"https:\/\/streetpower-rekond.se\/newsite\/sv\/wp-json\/wp\/v2\/product\/20838\/revisions\/23092"}],"wp:featuredmedia":[{"embeddable":true,"href":"https:\/\/streetpower-rekond.se\/newsite\/sv\/wp-json\/wp\/v2\/media\/20839"}],"wp:attachment":[{"href":"https:\/\/streetpower-rekond.se\/newsite\/sv\/wp-json\/wp\/v2\/media?parent=20838"}],"wp:term":[{"taxonomy":"brand","embeddable":true,"href":"https:\/\/streetpower-rekond.se\/newsite\/sv\/wp-json\/wp\/v2\/etheme_brands?post=20838"},{"taxonomy":"product_brand","embeddable":true,"href":"https:\/\/streetpower-rekond.se\/newsite\/sv\/wp-json\/wp\/v2\/product_brand?post=20838"},{"taxonomy":"product_cat","embeddable":true,"href":"https:\/\/streetpower-rekond.se\/newsite\/sv\/wp-json\/wp\/v2\/product_cat?post=20838"},{"taxonomy":"product_tag","embeddable":true,"href":"https:\/\/streetpower-rekond.se\/newsite\/sv\/wp-json\/wp\/v2\/product_tag?post=20838"}],"curies":[{"name":"wp","href":"https:\/\/api.w.org\/{rel}","templated":true}]}}