{"id":20833,"date":"2025-01-01T12:01:01","date_gmt":"2025-01-01T12:01:01","guid":{"rendered":"https:\/\/streetpower-rekond.se\/newsite\/product\/nordic-mikrofiber-tvatthandske\/"},"modified":"2025-04-10T08:41:13","modified_gmt":"2025-04-10T08:41:13","slug":"nordic-mikrofiber-tvatthandske","status":"publish","type":"product","link":"https:\/\/streetpower-rekond.se\/newsite\/sv\/product\/nordic-mikrofiber-tvatthandske\/","title":{"rendered":"Nordic Mikrofiber Tv\u00e4tthandske"},"content":{"rendered":"<p>Tv\u00e4ttr\u00e5d<\/p>\n<p>Tv\u00e4ttmaskin upp till 60\u00b0C utan blekmedel eller sk\u00f6ljmedel.<\/p>\n","protected":false},"excerpt":{"rendered":"<p>Denna tv\u00e4tthandske best\u00e5r av 2 olika typer av mikrofiber f\u00f6r ett optimalt reng\u00f6ringsresultat. De vita och bl\u00e5 fransarna \u00e4r extremt mjuka f\u00f6r att inte skada karossen och det laminerade skummet i handsken s\u00e4kerst\u00e4ller en utm\u00e4rkt absorption<\/p>\n","protected":false},"featured_media":20834,"comment_status":"open","ping_status":"closed","template":"","meta":[],"etheme_brands":[],"product_brand":[],"product_cat":[219,243],"product_tag":[],"class_list":{"0":"post-20833","1":"product","2":"type-product","3":"status-publish","4":"has-post-thumbnail","6":"product_cat-mikrofiberdukar","7":"product_cat-tvatthandskar","9":"first","10":"instock","11":"sale","12":"taxable","13":"shipping-taxable","14":"purchasable","15":"product-type-simple"},"_links":{"self":[{"href":"https:\/\/streetpower-rekond.se\/newsite\/sv\/wp-json\/wp\/v2\/product\/20833","targetHints":{"allow":["GET"]}}],"collection":[{"href":"https:\/\/streetpower-rekond.se\/newsite\/sv\/wp-json\/wp\/v2\/product"}],"about":[{"href":"https:\/\/streetpower-rekond.se\/newsite\/sv\/wp-json\/wp\/v2\/types\/product"}],"replies":[{"embeddable":true,"href":"https:\/\/streetpower-rekond.se\/newsite\/sv\/wp-json\/wp\/v2\/comments?post=20833"}],"version-history":[{"count":0,"href":"https:\/\/streetpower-rekond.se\/newsite\/sv\/wp-json\/wp\/v2\/product\/20833\/revisions"}],"wp:featuredmedia":[{"embeddable":true,"href":"https:\/\/streetpower-rekond.se\/newsite\/sv\/wp-json\/wp\/v2\/media\/20834"}],"wp:attachment":[{"href":"https:\/\/streetpower-rekond.se\/newsite\/sv\/wp-json\/wp\/v2\/media?parent=20833"}],"wp:term":[{"taxonomy":"brand","embeddable":true,"href":"https:\/\/streetpower-rekond.se\/newsite\/sv\/wp-json\/wp\/v2\/etheme_brands?post=20833"},{"taxonomy":"product_brand","embeddable":true,"href":"https:\/\/streetpower-rekond.se\/newsite\/sv\/wp-json\/wp\/v2\/product_brand?post=20833"},{"taxonomy":"product_cat","embeddable":true,"href":"https:\/\/streetpower-rekond.se\/newsite\/sv\/wp-json\/wp\/v2\/product_cat?post=20833"},{"taxonomy":"product_tag","embeddable":true,"href":"https:\/\/streetpower-rekond.se\/newsite\/sv\/wp-json\/wp\/v2\/product_tag?post=20833"}],"curies":[{"name":"wp","href":"https:\/\/api.w.org\/{rel}","templated":true}]}}