{"id":20830,"date":"2025-01-01T12:00:53","date_gmt":"2025-01-01T12:00:53","guid":{"rendered":"https:\/\/streetpower-rekond.se\/newsite\/product\/nordic-pro-400gsm-40-x-40cm-5-pack\/"},"modified":"2025-01-13T06:40:36","modified_gmt":"2025-01-13T06:40:36","slug":"nordic-pro-400gsm-40-x-40cm-5-pack","status":"publish","type":"product","link":"https:\/\/streetpower-rekond.se\/newsite\/sv\/product\/nordic-pro-400gsm-40-x-40cm-5-pack\/","title":{"rendered":"Nordic Pro 400gsm 40 x 40cm 5 Pack"},"content":{"rendered":"<p>Tv\u00e4ttr\u00e5d<\/p>\n<p>Tv\u00e4ttmaskin upp till 60\u00b0C utan blekmedel eller sk\u00f6ljmedel.<\/p>\n<p>Vikt 400 g\/m2<\/p>\n<p>Sammans\u00e4ttning<\/p>\n<p>70 % polyester 30 % polyamid<\/p>\n","protected":false},"excerpt":{"rendered":"<p>Nordic Pro \u00e4r en fantastisk ny mikrofiberduk f\u00f6r reng\u00f6ring av lack.<\/p>\n","protected":false},"featured_media":20832,"comment_status":"open","ping_status":"closed","template":"","meta":[],"etheme_brands":[],"product_brand":[],"product_cat":[219],"product_tag":[],"class_list":{"0":"post-20830","1":"product","2":"type-product","3":"status-publish","4":"has-post-thumbnail","6":"product_cat-mikrofiberdukar","8":"first","9":"instock","10":"taxable","11":"shipping-taxable","12":"purchasable","13":"product-type-simple"},"_links":{"self":[{"href":"https:\/\/streetpower-rekond.se\/newsite\/sv\/wp-json\/wp\/v2\/product\/20830","targetHints":{"allow":["GET"]}}],"collection":[{"href":"https:\/\/streetpower-rekond.se\/newsite\/sv\/wp-json\/wp\/v2\/product"}],"about":[{"href":"https:\/\/streetpower-rekond.se\/newsite\/sv\/wp-json\/wp\/v2\/types\/product"}],"replies":[{"embeddable":true,"href":"https:\/\/streetpower-rekond.se\/newsite\/sv\/wp-json\/wp\/v2\/comments?post=20830"}],"version-history":[{"count":0,"href":"https:\/\/streetpower-rekond.se\/newsite\/sv\/wp-json\/wp\/v2\/product\/20830\/revisions"}],"wp:featuredmedia":[{"embeddable":true,"href":"https:\/\/streetpower-rekond.se\/newsite\/sv\/wp-json\/wp\/v2\/media\/20832"}],"wp:attachment":[{"href":"https:\/\/streetpower-rekond.se\/newsite\/sv\/wp-json\/wp\/v2\/media?parent=20830"}],"wp:term":[{"taxonomy":"brand","embeddable":true,"href":"https:\/\/streetpower-rekond.se\/newsite\/sv\/wp-json\/wp\/v2\/etheme_brands?post=20830"},{"taxonomy":"product_brand","embeddable":true,"href":"https:\/\/streetpower-rekond.se\/newsite\/sv\/wp-json\/wp\/v2\/product_brand?post=20830"},{"taxonomy":"product_cat","embeddable":true,"href":"https:\/\/streetpower-rekond.se\/newsite\/sv\/wp-json\/wp\/v2\/product_cat?post=20830"},{"taxonomy":"product_tag","embeddable":true,"href":"https:\/\/streetpower-rekond.se\/newsite\/sv\/wp-json\/wp\/v2\/product_tag?post=20830"}],"curies":[{"name":"wp","href":"https:\/\/api.w.org\/{rel}","templated":true}]}}