{"id":20818,"date":"2025-01-01T12:00:19","date_gmt":"2025-01-01T12:00:19","guid":{"rendered":"https:\/\/streetpower-rekond.se\/newsite\/product\/nordic-mikrofiber-rod-75-st\/"},"modified":"2025-04-21T15:13:00","modified_gmt":"2025-04-21T15:13:00","slug":"nordic-mikrofiber-rod-75-st","status":"publish","type":"product","link":"https:\/\/streetpower-rekond.se\/newsite\/sv\/product\/nordic-mikrofiber-rod-75-st\/","title":{"rendered":"Nordic mikrofiber r\u00f6d 75 st"},"content":{"rendered":"<p>Tear off microfiber roll \u00e4r det nya tv\u00e4ttbara hypereffektiva allternativet till den vanliga pappersrullen. Mikrofiberarken rivs l\u00e4tt av i den mjuka s\u00f6mmen i bitar om 30 x 30 cm. Anv\u00e4ndningsomr\u00e5det \u00e4r v\u00e4ldigt stort inom flera sektorer som bilv\u00e5rd, industri och verkstad.<\/p>\n","protected":false},"excerpt":{"rendered":"<p>Rullen inneh\u00e5ller 75 st 30 x 30 cm mikrofiberark<\/p>\n<p>Mjuka fina kanter, \u00e4ven efter avrivning<\/p>\n<p>200 GSM i h\u00f6g kvalitet<\/p>\n<p>Sammans\u00e4ttning\u00a080 % polyester\u00a020 % polyamid<\/p>\n<p>vikt 200 g\/m2<\/p>\n<p>M\u00e5tt 30 cm x 30 cm<\/p>\n<p>Tv\u00e4ttr\u00e5d<\/p>\n<p>Tv\u00e4ttbara upp till 300 g\u00e5nger\u00a0i en maskin utan\u00a0blekmedel eller sk\u00f6ljmedel<\/p>\n","protected":false},"featured_media":20820,"comment_status":"open","ping_status":"closed","template":"","meta":[],"etheme_brands":[],"product_brand":[],"product_cat":[219],"product_tag":[],"class_list":{"0":"post-20818","1":"product","2":"type-product","3":"status-publish","4":"has-post-thumbnail","6":"product_cat-mikrofiberdukar","8":"first","9":"outofstock","10":"taxable","11":"shipping-taxable","12":"purchasable","13":"product-type-simple"},"_links":{"self":[{"href":"https:\/\/streetpower-rekond.se\/newsite\/sv\/wp-json\/wp\/v2\/product\/20818","targetHints":{"allow":["GET"]}}],"collection":[{"href":"https:\/\/streetpower-rekond.se\/newsite\/sv\/wp-json\/wp\/v2\/product"}],"about":[{"href":"https:\/\/streetpower-rekond.se\/newsite\/sv\/wp-json\/wp\/v2\/types\/product"}],"replies":[{"embeddable":true,"href":"https:\/\/streetpower-rekond.se\/newsite\/sv\/wp-json\/wp\/v2\/comments?post=20818"}],"version-history":[{"count":0,"href":"https:\/\/streetpower-rekond.se\/newsite\/sv\/wp-json\/wp\/v2\/product\/20818\/revisions"}],"wp:featuredmedia":[{"embeddable":true,"href":"https:\/\/streetpower-rekond.se\/newsite\/sv\/wp-json\/wp\/v2\/media\/20820"}],"wp:attachment":[{"href":"https:\/\/streetpower-rekond.se\/newsite\/sv\/wp-json\/wp\/v2\/media?parent=20818"}],"wp:term":[{"taxonomy":"brand","embeddable":true,"href":"https:\/\/streetpower-rekond.se\/newsite\/sv\/wp-json\/wp\/v2\/etheme_brands?post=20818"},{"taxonomy":"product_brand","embeddable":true,"href":"https:\/\/streetpower-rekond.se\/newsite\/sv\/wp-json\/wp\/v2\/product_brand?post=20818"},{"taxonomy":"product_cat","embeddable":true,"href":"https:\/\/streetpower-rekond.se\/newsite\/sv\/wp-json\/wp\/v2\/product_cat?post=20818"},{"taxonomy":"product_tag","embeddable":true,"href":"https:\/\/streetpower-rekond.se\/newsite\/sv\/wp-json\/wp\/v2\/product_tag?post=20818"}],"curies":[{"name":"wp","href":"https:\/\/api.w.org\/{rel}","templated":true}]}}