{"id":20801,"date":"2025-01-01T11:59:35","date_gmt":"2025-01-01T11:59:35","guid":{"rendered":"https:\/\/streetpower-rekond.se\/newsite\/product\/furby-evo-rim-brush-45-cm\/"},"modified":"2025-01-11T16:56:06","modified_gmt":"2025-01-11T16:56:06","slug":"furby-evo-rim-brush-45-cm","status":"publish","type":"product","link":"https:\/\/streetpower-rekond.se\/newsite\/sv\/product\/furby-evo-rim-brush-45-cm\/","title":{"rendered":"FURBY EVO &#8211; RIM BRUSH 45 CM"},"content":{"rendered":"<p>Materialsammans\u00e4ttning: 100% polypropen<\/p>\n<p><img fetchpriority=\"high\" decoding=\"async\" src=\"https:\/\/streetpower-rekond.se\/newsite\/img\/cms\/412780754_18289676854197310_262813548855273342_n.jpeg\" alt=\"\" width=\"600\" height=\"600\" title=\"\"><\/p>\n","protected":false},"excerpt":{"rendered":"<p>Furby Evo \u00e4r en f\u00e4lgborste som \u00e4r utrustad med skonsam mikrofiberteknologi.<\/p>\n<p>Tack vare den flexibla strukturen hos Evo-f\u00e4lgborsten ger den tillg\u00e5ng till \u00e4ven sv\u00e5r\u00e5tkomliga st\u00e4llen.<\/p>\n<p>Det ergonomiska handtaget s\u00e4kerst\u00e4ller bekv\u00e4m hantering.<\/p>\n","protected":false},"featured_media":20803,"comment_status":"open","ping_status":"closed","template":"","meta":[],"etheme_brands":[],"product_brand":[],"product_cat":[264],"product_tag":[],"class_list":{"0":"post-20801","1":"product","2":"type-product","3":"status-publish","4":"has-post-thumbnail","6":"product_cat-faelgborstar","8":"first","9":"instock","10":"taxable","11":"shipping-taxable","12":"purchasable","13":"product-type-simple"},"_links":{"self":[{"href":"https:\/\/streetpower-rekond.se\/newsite\/sv\/wp-json\/wp\/v2\/product\/20801","targetHints":{"allow":["GET"]}}],"collection":[{"href":"https:\/\/streetpower-rekond.se\/newsite\/sv\/wp-json\/wp\/v2\/product"}],"about":[{"href":"https:\/\/streetpower-rekond.se\/newsite\/sv\/wp-json\/wp\/v2\/types\/product"}],"replies":[{"embeddable":true,"href":"https:\/\/streetpower-rekond.se\/newsite\/sv\/wp-json\/wp\/v2\/comments?post=20801"}],"version-history":[{"count":0,"href":"https:\/\/streetpower-rekond.se\/newsite\/sv\/wp-json\/wp\/v2\/product\/20801\/revisions"}],"wp:featuredmedia":[{"embeddable":true,"href":"https:\/\/streetpower-rekond.se\/newsite\/sv\/wp-json\/wp\/v2\/media\/20803"}],"wp:attachment":[{"href":"https:\/\/streetpower-rekond.se\/newsite\/sv\/wp-json\/wp\/v2\/media?parent=20801"}],"wp:term":[{"taxonomy":"brand","embeddable":true,"href":"https:\/\/streetpower-rekond.se\/newsite\/sv\/wp-json\/wp\/v2\/etheme_brands?post=20801"},{"taxonomy":"product_brand","embeddable":true,"href":"https:\/\/streetpower-rekond.se\/newsite\/sv\/wp-json\/wp\/v2\/product_brand?post=20801"},{"taxonomy":"product_cat","embeddable":true,"href":"https:\/\/streetpower-rekond.se\/newsite\/sv\/wp-json\/wp\/v2\/product_cat?post=20801"},{"taxonomy":"product_tag","embeddable":true,"href":"https:\/\/streetpower-rekond.se\/newsite\/sv\/wp-json\/wp\/v2\/product_tag?post=20801"}],"curies":[{"name":"wp","href":"https:\/\/api.w.org\/{rel}","templated":true}]}}