{"id":20783,"date":"2025-01-01T11:59:04","date_gmt":"2025-01-01T11:59:04","guid":{"rendered":"https:\/\/streetpower-rekond.se\/newsite\/product\/rotary-super-heavy-cut-160-x-25mm\/"},"modified":"2025-04-16T17:30:02","modified_gmt":"2025-04-16T17:30:02","slug":"rotary-super-heavy-cut-160-x-25mm","status":"publish","type":"product","link":"https:\/\/streetpower-rekond.se\/newsite\/sv\/product\/rotary-super-heavy-cut-160-x-25mm\/","title":{"rendered":"ROTARY SUPER HEAVY CUT 160 x 25MM"},"content":{"rendered":"<p>Sk\u00f6tselr\u00e5d polerrondeller<\/p>\n<p>Reng\u00f6rs genom att bl\u00e5sa rent med tryckluft eller med en borste<\/p>\n<p>Tillverkade i EU<\/p>\n","protected":false},"excerpt":{"rendered":"<p>Super Heavy Cut Pad \u00e4r den mest aggressiva trissan i denna serie och \u00e4r idealisk f\u00f6r att ta bort djupare repor, slipm\u00e4rken och andra f\u00e4rgdefekter i kombination med v\u00e5r Monkey Heavy Cut Compound.<\/p>\n","protected":false},"featured_media":20786,"comment_status":"open","ping_status":"closed","template":"","meta":[],"etheme_brands":[],"product_brand":[],"product_cat":[234],"product_tag":[],"class_list":{"0":"post-20783","1":"product","2":"type-product","3":"status-publish","4":"has-post-thumbnail","6":"product_cat-skumtrissor-150-170mm","8":"first","9":"outofstock","10":"taxable","11":"shipping-taxable","12":"purchasable","13":"product-type-simple"},"_links":{"self":[{"href":"https:\/\/streetpower-rekond.se\/newsite\/sv\/wp-json\/wp\/v2\/product\/20783","targetHints":{"allow":["GET"]}}],"collection":[{"href":"https:\/\/streetpower-rekond.se\/newsite\/sv\/wp-json\/wp\/v2\/product"}],"about":[{"href":"https:\/\/streetpower-rekond.se\/newsite\/sv\/wp-json\/wp\/v2\/types\/product"}],"replies":[{"embeddable":true,"href":"https:\/\/streetpower-rekond.se\/newsite\/sv\/wp-json\/wp\/v2\/comments?post=20783"}],"version-history":[{"count":1,"href":"https:\/\/streetpower-rekond.se\/newsite\/sv\/wp-json\/wp\/v2\/product\/20783\/revisions"}],"predecessor-version":[{"id":23256,"href":"https:\/\/streetpower-rekond.se\/newsite\/sv\/wp-json\/wp\/v2\/product\/20783\/revisions\/23256"}],"wp:featuredmedia":[{"embeddable":true,"href":"https:\/\/streetpower-rekond.se\/newsite\/sv\/wp-json\/wp\/v2\/media\/20786"}],"wp:attachment":[{"href":"https:\/\/streetpower-rekond.se\/newsite\/sv\/wp-json\/wp\/v2\/media?parent=20783"}],"wp:term":[{"taxonomy":"brand","embeddable":true,"href":"https:\/\/streetpower-rekond.se\/newsite\/sv\/wp-json\/wp\/v2\/etheme_brands?post=20783"},{"taxonomy":"product_brand","embeddable":true,"href":"https:\/\/streetpower-rekond.se\/newsite\/sv\/wp-json\/wp\/v2\/product_brand?post=20783"},{"taxonomy":"product_cat","embeddable":true,"href":"https:\/\/streetpower-rekond.se\/newsite\/sv\/wp-json\/wp\/v2\/product_cat?post=20783"},{"taxonomy":"product_tag","embeddable":true,"href":"https:\/\/streetpower-rekond.se\/newsite\/sv\/wp-json\/wp\/v2\/product_tag?post=20783"}],"curies":[{"name":"wp","href":"https:\/\/api.w.org\/{rel}","templated":true}]}}