{"id":20737,"date":"2025-01-01T11:57:48","date_gmt":"2025-01-01T11:57:48","guid":{"rendered":"https:\/\/streetpower-rekond.se\/newsite\/product\/bubble-shock-sicilian-orange-sour-schampo-500ml\/"},"modified":"2025-04-23T13:26:04","modified_gmt":"2025-04-23T13:26:04","slug":"bubble-shock-sicilian-orange-sour-schampo-500ml","status":"publish","type":"product","link":"https:\/\/streetpower-rekond.se\/newsite\/sv\/product\/bubble-shock-sicilian-orange-sour-schampo-500ml\/","title":{"rendered":"Bubble Shock &#8211; Sicilian Orange Sour Schampo 500ml"},"content":{"rendered":"<p>1:4 f\u00f6r att ta bort mineralavlagringar<\/p>\n<p>1:9 att anv\u00e4ndas med en skumlans som ett aktivt skum<\/p>\n<p>1:200 f\u00f6r sk\u00f6tsel av keramiska behandlingar<\/p>\n<p>1:500 f\u00f6r vanlig tv\u00e4tt<\/p>\n<p>Anv\u00e4ndning:<\/p>\n<p>Spola av bilen.<\/p>\n<p>F\u00f6rbered en blandad schampom\u00e4ngd.<\/p>\n<p>Tv\u00e4tta bilen uppifr\u00e5n och ner med en vante.<\/p>\n<p>Sk\u00f6lj noggrant.<\/p>\n<p>Tips:<\/p>\n<p>Anv\u00e4nd alltid personlig skyddsutrustning. Arbeta inte i direkt solljus. L\u00e5t inte produkten torka p\u00e5 ytan. N\u00e4r du tar bort vattenfl\u00e4ckar, applicera produkten p\u00e5 ytan, arbeta ut den med applikator och efter n\u00e5gra minuter ta bort den med Ultracoat Finest Wipe.<\/p>\n","protected":false},"excerpt":{"rendered":"<p>Bubble Shock \u00e4r ett schampo f\u00f6r v\u00e5rd av ytor skyddade med keramiska behandlingar. Det har ett surt pH-v\u00e4rde, vilket \u00e4r idealiskt f\u00f6r regelbunden v\u00e5rd och sk\u00f6tsel av lackbehandlingar. Separerar effektivt smuts fr\u00e5n ytan och \u00e5terst\u00e4ller de ursprungliga egenskaperna hos din skyddande behandling.<\/p>\n<p>Vi balanserade produktens kraft p\u00e5 ett s\u00e5dant s\u00e4tt att vi bibeh\u00e5ller s\u00e4kerheten f\u00f6r keramiska behandlingar och samtidigt f\u00f6rb\u00e4ttrar avl\u00e4gsnandet av mineralavlagringar fr\u00e5n ytan avsev\u00e4rt. Bubble Shock i h\u00f6g koncentration kan \u00e4ven anv\u00e4ndas som vattenfl\u00e4ckborttagare.<\/p>\n<p>Produkten kan anv\u00e4ndas b\u00e5de vid traditionell tv\u00e4tt med tv\u00e5hinksmetoden, men \u00e4ven som f\u00f6rtv\u00e4tt genom att applicera den med en skumlans.<\/p>\n<p>Bubble Shock k\u00e4nnetecknas av h\u00f6g effektivitet. \u00c4ven en liten m\u00e4ngd av schampot ger en rej\u00e4l m\u00e4ngd tjockt skum, vilket ger en h\u00f6gt glid vid tv\u00e4tt, vilket positivt p\u00e5verkar yts\u00e4kerheten. Sk\u00f6ljningen g\u00e5r snabbt och problemfritt. Den s\u00f6tsyrliga doften av siciliansk apelsin g\u00f6r arbetet \u00e4nnu trevligare.<\/p>\n","protected":false},"featured_media":20739,"comment_status":"open","ping_status":"closed","template":"","meta":[],"etheme_brands":[{"term_id":410,"name":"Ultracoat","slug":"ultracoat","term_group":0,"term_taxonomy_id":410,"taxonomy":"brand","description":"","parent":0,"count":79,"filter":"raw"}],"product_brand":[384],"product_cat":[210,225],"product_tag":[],"class_list":{"0":"post-20737","1":"product","2":"type-product","3":"status-publish","4":"has-post-thumbnail","6":"brand-ultracoat","7":"product_brand-ultracoat","8":"product_cat-keramiska-lackskydd","9":"product_cat-schampo","11":"first","12":"instock","13":"sale","14":"taxable","15":"shipping-taxable","16":"purchasable","17":"product-type-simple"},"_links":{"self":[{"href":"https:\/\/streetpower-rekond.se\/newsite\/sv\/wp-json\/wp\/v2\/product\/20737","targetHints":{"allow":["GET"]}}],"collection":[{"href":"https:\/\/streetpower-rekond.se\/newsite\/sv\/wp-json\/wp\/v2\/product"}],"about":[{"href":"https:\/\/streetpower-rekond.se\/newsite\/sv\/wp-json\/wp\/v2\/types\/product"}],"replies":[{"embeddable":true,"href":"https:\/\/streetpower-rekond.se\/newsite\/sv\/wp-json\/wp\/v2\/comments?post=20737"}],"version-history":[{"count":1,"href":"https:\/\/streetpower-rekond.se\/newsite\/sv\/wp-json\/wp\/v2\/product\/20737\/revisions"}],"predecessor-version":[{"id":22968,"href":"https:\/\/streetpower-rekond.se\/newsite\/sv\/wp-json\/wp\/v2\/product\/20737\/revisions\/22968"}],"wp:featuredmedia":[{"embeddable":true,"href":"https:\/\/streetpower-rekond.se\/newsite\/sv\/wp-json\/wp\/v2\/media\/20739"}],"wp:attachment":[{"href":"https:\/\/streetpower-rekond.se\/newsite\/sv\/wp-json\/wp\/v2\/media?parent=20737"}],"wp:term":[{"taxonomy":"brand","embeddable":true,"href":"https:\/\/streetpower-rekond.se\/newsite\/sv\/wp-json\/wp\/v2\/etheme_brands?post=20737"},{"taxonomy":"product_brand","embeddable":true,"href":"https:\/\/streetpower-rekond.se\/newsite\/sv\/wp-json\/wp\/v2\/product_brand?post=20737"},{"taxonomy":"product_cat","embeddable":true,"href":"https:\/\/streetpower-rekond.se\/newsite\/sv\/wp-json\/wp\/v2\/product_cat?post=20737"},{"taxonomy":"product_tag","embeddable":true,"href":"https:\/\/streetpower-rekond.se\/newsite\/sv\/wp-json\/wp\/v2\/product_tag?post=20737"}],"curies":[{"name":"wp","href":"https:\/\/api.w.org\/{rel}","templated":true}]}}