{"id":20715,"date":"2025-01-01T11:57:17","date_gmt":"2025-01-01T11:57:17","guid":{"rendered":"https:\/\/streetpower-rekond.se\/newsite\/product\/liquid-elements-t4200-mk2-15mm\/"},"modified":"2025-04-26T11:01:25","modified_gmt":"2025-04-26T11:01:25","slug":"liquid-elements-t4200-mk2-15mm","status":"publish","type":"product","link":"https:\/\/streetpower-rekond.se\/newsite\/sv\/product\/liquid-elements-t4200-mk2-15mm\/","title":{"rendered":"Liquid Elements T4200 MK2 15mm"},"content":{"rendered":"<h5 class=\"serp-title\"><mark>Liquid Elements T4200 MK2 15mm<\/mark><\/h5>\n<p>Tack vare den h\u00f6ga motorkraften stannar inte \u00a0rotationen av st\u00f6dplattan ens med lutning p\u00e5 runda ytor.<\/p>\n<p>Oavsett om du \u00e4r nyb\u00f6rjare p\u00e5 bilv\u00e5rd eller professionellt anv\u00e4ndare \u00e4r den h\u00e4r maskinen anpassad f\u00f6r alla anv\u00e4ndare.<\/p>\n<p>Med den moderna designen av polermaskinen, en s\u00e4rskilt behaglig k\u00e4nsla, liksom en robust och smidigg\u00e5ende elektronik, sticker T4000 MK2 ut.<\/p>\n<p>De tv\u00e5 lysdioderna p\u00e5 poleringsmaskinens \u00f6verdel indikerar r\u00e4tt tryckomr\u00e5de under poleringsprocessen.<\/p>\n<p>Om den gr\u00f6na LED-lampan t\u00e4nds \u00e4r trycket tillr\u00e4ckligt, om den r\u00f6da LED-lampan t\u00e4nds, b\u00f6r trycket p\u00e5 ytan minskas.<\/p>\n<p>F\u00f6ljande f\u00f6r\u00e4ndringar och f\u00f6rb\u00e4ttringar har gjorts i f\u00f6reg\u00e5ende modell:<\/p>\n<p>&#8211; Kraftigare motor med anpassad utv\u00e4xling f\u00f6r en effekt upp till 950 watt<\/p>\n<p>&#8211; Vridmomentstyrdisplay via gr\u00f6na och r\u00f6da lysdioder<\/p>\n<p>&#8211; \u00f6kad j\u00e4mnhet<\/p>\n<p>&#8211; Ergonomiskt handst\u00f6d p\u00e5 polermaskinens huvud med ut\u00f6kad gummibel\u00e4ggning<\/p>\n<p>&#8211; Designanpassning<\/p>\n<p>Tekniska specifikationer;<\/p>\n<p>&#8211; Sp\u00e4nning: 230V ~- Frekvens: 50Hz<\/p>\n<p>&#8211; Str\u00f6mf\u00f6rbrukning: 950 watt<\/p>\n<p>&#8211; Varvtal: 2000-5000 min<\/p>\n<p>&#8211; Spindelstorlek 5\/16 &#8221;-24-<\/p>\n<p>Vikt: 2,7 kg- Lpa<\/p>\n<p>(ljudtryck): 84dB (A)- Lwa (Ljudkraft): 95dB (A)<\/p>\n<p>&#8211; 950 watt effekt<\/p>\n<p>&#8211; 15 mm excentrisk mekanism<\/p>\n<p>&#8211; L\u00e5g vibration<\/p>\n<p>&#8211; Konstant hastighetskontroll med fj\u00e4rr elektronik<\/p>\n<p>&#8211; Vridmomentstyrdisplay via gr\u00f6na och r\u00f6da lysdioderleverans<\/p>\n<p>&#8211; \u00a0Orginalmonterad 125 mm st\u00f6dplatta<\/p>\n<p>&#8211; Liquid Elements f\u00f6rvaringsv\u00e4ska<\/p>\n<p>&#8211; Reservkolborstar<\/p>\n<p>&#8211; Insexnyckel<\/p>\n<p>&#8211; Bruksanvisning<\/p>\n","protected":false},"excerpt":{"rendered":"<p>Vi \u00e4r glada att presentera v\u00e5r senaste produktrelease: T4000 MK2! Denna innovativa maskin \u00e4r utrustad med en helt ny styrenhet som till\u00e5ter en \u00f6kning av uteffekten med imponerande 10 %. Dessutom har T4000 MK2 en l\u00f6stagbar kabel, vilket g\u00f6r den l\u00e4ttare att hantera och f\u00f6rvara.<\/p>\n","protected":false},"featured_media":20717,"comment_status":"open","ping_status":"closed","template":"","meta":[],"etheme_brands":[],"product_brand":[],"product_cat":[238],"product_tag":[],"class_list":{"0":"post-20715","1":"product","2":"type-product","3":"status-publish","4":"has-post-thumbnail","6":"product_cat-polermaskiner","8":"first","9":"instock","10":"taxable","11":"shipping-taxable","12":"purchasable","13":"product-type-simple"},"_links":{"self":[{"href":"https:\/\/streetpower-rekond.se\/newsite\/sv\/wp-json\/wp\/v2\/product\/20715","targetHints":{"allow":["GET"]}}],"collection":[{"href":"https:\/\/streetpower-rekond.se\/newsite\/sv\/wp-json\/wp\/v2\/product"}],"about":[{"href":"https:\/\/streetpower-rekond.se\/newsite\/sv\/wp-json\/wp\/v2\/types\/product"}],"replies":[{"embeddable":true,"href":"https:\/\/streetpower-rekond.se\/newsite\/sv\/wp-json\/wp\/v2\/comments?post=20715"}],"version-history":[{"count":1,"href":"https:\/\/streetpower-rekond.se\/newsite\/sv\/wp-json\/wp\/v2\/product\/20715\/revisions"}],"predecessor-version":[{"id":23252,"href":"https:\/\/streetpower-rekond.se\/newsite\/sv\/wp-json\/wp\/v2\/product\/20715\/revisions\/23252"}],"wp:featuredmedia":[{"embeddable":true,"href":"https:\/\/streetpower-rekond.se\/newsite\/sv\/wp-json\/wp\/v2\/media\/20717"}],"wp:attachment":[{"href":"https:\/\/streetpower-rekond.se\/newsite\/sv\/wp-json\/wp\/v2\/media?parent=20715"}],"wp:term":[{"taxonomy":"brand","embeddable":true,"href":"https:\/\/streetpower-rekond.se\/newsite\/sv\/wp-json\/wp\/v2\/etheme_brands?post=20715"},{"taxonomy":"product_brand","embeddable":true,"href":"https:\/\/streetpower-rekond.se\/newsite\/sv\/wp-json\/wp\/v2\/product_brand?post=20715"},{"taxonomy":"product_cat","embeddable":true,"href":"https:\/\/streetpower-rekond.se\/newsite\/sv\/wp-json\/wp\/v2\/product_cat?post=20715"},{"taxonomy":"product_tag","embeddable":true,"href":"https:\/\/streetpower-rekond.se\/newsite\/sv\/wp-json\/wp\/v2\/product_tag?post=20715"}],"curies":[{"name":"wp","href":"https:\/\/api.w.org\/{rel}","templated":true}]}}