{"id":20658,"date":"2025-01-01T11:35:17","date_gmt":"2025-01-01T11:35:17","guid":{"rendered":"https:\/\/streetpower-rekond.se\/newsite\/product\/magic-will-wheel-rubber-cleaner-5l\/"},"modified":"2025-04-22T09:01:57","modified_gmt":"2025-04-22T09:01:57","slug":"magic-will-wheel-rubber-cleaner-5l","status":"publish","type":"product","link":"https:\/\/streetpower-rekond.se\/newsite\/sv\/product\/magic-will-wheel-rubber-cleaner-5l\/","title":{"rendered":"Magic Will &#8211; Wheel &amp; Rubber Cleaner\u00a05L"},"content":{"rendered":"<p>Produkten har kraftigt skummande egenskaper, vilket s\u00e4kerst\u00e4ller l\u00e5ng verkan av de aktiva substanserna och l\u00e4tt att arbeta \u00e4ven med borste. Den anpassade viskositeten s\u00e4kerst\u00e4ller renligheten i milj\u00f6n och s\u00e4kerst\u00e4ller h\u00f6g bekv\u00e4mlighet att arbeta med produkten.<\/p>\n<p>Magic Will \u00e4r l\u00e4mplig f\u00f6r den dagliga sk\u00f6tseln av f\u00e4lgar och d\u00e4ck och \u00e4r helt s\u00e4ker f\u00f6r keramiska behandlingar. Den har en behaglig doft av citron.<\/p>\n<p>Anv\u00e4ndningsmetod:<\/p>\n<p>\u2022 Applicera produkten p\u00e5 ytan som ska reng\u00f6ras.<\/p>\n<p>\u2022 Arbeta ut produkten med en mjuk borste f\u00f6r \u00e4n b\u00e4ttre effekt.<\/p>\n<p>\u2022 Sk\u00f6lj noggrant med vatten under tryck.<\/p>\n<p>\u2022 Torka ytan noggrant.<\/p>\n<p>Tips:<\/p>\n<p>Applicera aldrig i direkt solljus och l\u00e5t inte produkten torka. Anv\u00e4nd skyddskl\u00e4der och nitrilhandskar. Var noga med att torka f\u00e4lgarna ordentligt med mikrofiber, vilket ger ytterligare ytglans.<\/p>\n","protected":false},"excerpt":{"rendered":"<p>Magic Will \u00e4r en f\u00e4rdig att anv\u00e4nda produkt f\u00f6r reng\u00f6ring av f\u00e4lgar, d\u00e4ck och gummimattor. Den avancerade formulan l\u00f6ser effektivt smuts, vilket avsev\u00e4rt underl\u00e4ttar ber\u00f6ringsfri reng\u00f6ring av ytan.<\/p>\n","protected":false},"featured_media":21630,"comment_status":"open","ping_status":"closed","template":"","meta":[],"etheme_brands":[{"term_id":410,"name":"Ultracoat","slug":"ultracoat","term_group":0,"term_taxonomy_id":410,"taxonomy":"brand","description":"","parent":0,"count":79,"filter":"raw"}],"product_brand":[384],"product_cat":[241],"product_tag":[],"class_list":{"0":"post-20658","1":"product","2":"type-product","3":"status-publish","4":"has-post-thumbnail","6":"brand-ultracoat","7":"product_brand-ultracoat","8":"product_cat-faelgrengoering","10":"first","11":"instock","12":"sale","13":"taxable","14":"shipping-taxable","15":"purchasable","16":"product-type-simple"},"_links":{"self":[{"href":"https:\/\/streetpower-rekond.se\/newsite\/sv\/wp-json\/wp\/v2\/product\/20658","targetHints":{"allow":["GET"]}}],"collection":[{"href":"https:\/\/streetpower-rekond.se\/newsite\/sv\/wp-json\/wp\/v2\/product"}],"about":[{"href":"https:\/\/streetpower-rekond.se\/newsite\/sv\/wp-json\/wp\/v2\/types\/product"}],"replies":[{"embeddable":true,"href":"https:\/\/streetpower-rekond.se\/newsite\/sv\/wp-json\/wp\/v2\/comments?post=20658"}],"version-history":[{"count":1,"href":"https:\/\/streetpower-rekond.se\/newsite\/sv\/wp-json\/wp\/v2\/product\/20658\/revisions"}],"predecessor-version":[{"id":23120,"href":"https:\/\/streetpower-rekond.se\/newsite\/sv\/wp-json\/wp\/v2\/product\/20658\/revisions\/23120"}],"wp:featuredmedia":[{"embeddable":true,"href":"https:\/\/streetpower-rekond.se\/newsite\/sv\/wp-json\/wp\/v2\/media\/21630"}],"wp:attachment":[{"href":"https:\/\/streetpower-rekond.se\/newsite\/sv\/wp-json\/wp\/v2\/media?parent=20658"}],"wp:term":[{"taxonomy":"brand","embeddable":true,"href":"https:\/\/streetpower-rekond.se\/newsite\/sv\/wp-json\/wp\/v2\/etheme_brands?post=20658"},{"taxonomy":"product_brand","embeddable":true,"href":"https:\/\/streetpower-rekond.se\/newsite\/sv\/wp-json\/wp\/v2\/product_brand?post=20658"},{"taxonomy":"product_cat","embeddable":true,"href":"https:\/\/streetpower-rekond.se\/newsite\/sv\/wp-json\/wp\/v2\/product_cat?post=20658"},{"taxonomy":"product_tag","embeddable":true,"href":"https:\/\/streetpower-rekond.se\/newsite\/sv\/wp-json\/wp\/v2\/product_tag?post=20658"}],"curies":[{"name":"wp","href":"https:\/\/api.w.org\/{rel}","templated":true}]}}