{"id":20584,"date":"2025-01-20T09:28:21","date_gmt":"2025-01-20T09:28:21","guid":{"rendered":"https:\/\/streetpower-rekond.se\/newsite\/?post_type=product&#038;p=20584"},"modified":"2025-03-29T07:15:57","modified_gmt":"2025-03-29T07:15:57","slug":"isopropanol-cleaner-99-5l","status":"publish","type":"product","link":"https:\/\/streetpower-rekond.se\/newsite\/sv\/product\/isopropanol-cleaner-99-5l\/","title":{"rendered":"Isopropanol Cleaner 99% 5L"},"content":{"rendered":"<p>Tar bort\/avfettar ytor fr\u00e5n polish och silikonrester efter polering<\/p>\n<p>99,9% ren isopropylalkohol<\/p>\n<p>Sp\u00e4dbar med vatten 70\/30, 50\/50 eller 30\/70<\/p>\n<p>Applicera inte outsp\u00e4dd IPA p\u00e5 lacken. Vi rekommenderar en 30-40% utsp\u00e4dning med destillerat vatten<\/p>\n","protected":false},"excerpt":{"rendered":"<p>Isopropylalkohol \u00e4r en optimal metod f\u00f6r att reng\u00f6ra och avfetta ytor fullst\u00e4ndigt och noggrant. Oavsett om det \u00e4r f\u00f6re applicering av vax eller kermaiskt lackskydd.<\/p>\n","protected":false},"featured_media":20585,"comment_status":"open","ping_status":"closed","template":"","meta":[],"etheme_brands":[{"term_id":396,"name":"Flytande element KEM","slug":"flytande-element-kem","term_group":0,"term_taxonomy_id":396,"taxonomy":"brand","description":"","parent":0,"count":1,"filter":"raw"}],"product_brand":[],"product_cat":[249],"product_tag":[],"class_list":{"0":"post-20584","1":"product","2":"type-product","3":"status-publish","4":"has-post-thumbnail","6":"brand-flytande-element-kem","7":"product_cat-kontrollspray-ipa","9":"first","10":"instock","11":"taxable","12":"shipping-taxable","13":"purchasable","14":"product-type-simple"},"_links":{"self":[{"href":"https:\/\/streetpower-rekond.se\/newsite\/sv\/wp-json\/wp\/v2\/product\/20584","targetHints":{"allow":["GET"]}}],"collection":[{"href":"https:\/\/streetpower-rekond.se\/newsite\/sv\/wp-json\/wp\/v2\/product"}],"about":[{"href":"https:\/\/streetpower-rekond.se\/newsite\/sv\/wp-json\/wp\/v2\/types\/product"}],"replies":[{"embeddable":true,"href":"https:\/\/streetpower-rekond.se\/newsite\/sv\/wp-json\/wp\/v2\/comments?post=20584"}],"version-history":[{"count":1,"href":"https:\/\/streetpower-rekond.se\/newsite\/sv\/wp-json\/wp\/v2\/product\/20584\/revisions"}],"predecessor-version":[{"id":23140,"href":"https:\/\/streetpower-rekond.se\/newsite\/sv\/wp-json\/wp\/v2\/product\/20584\/revisions\/23140"}],"wp:featuredmedia":[{"embeddable":true,"href":"https:\/\/streetpower-rekond.se\/newsite\/sv\/wp-json\/wp\/v2\/media\/20585"}],"wp:attachment":[{"href":"https:\/\/streetpower-rekond.se\/newsite\/sv\/wp-json\/wp\/v2\/media?parent=20584"}],"wp:term":[{"taxonomy":"brand","embeddable":true,"href":"https:\/\/streetpower-rekond.se\/newsite\/sv\/wp-json\/wp\/v2\/etheme_brands?post=20584"},{"taxonomy":"product_brand","embeddable":true,"href":"https:\/\/streetpower-rekond.se\/newsite\/sv\/wp-json\/wp\/v2\/product_brand?post=20584"},{"taxonomy":"product_cat","embeddable":true,"href":"https:\/\/streetpower-rekond.se\/newsite\/sv\/wp-json\/wp\/v2\/product_cat?post=20584"},{"taxonomy":"product_tag","embeddable":true,"href":"https:\/\/streetpower-rekond.se\/newsite\/sv\/wp-json\/wp\/v2\/product_tag?post=20584"}],"curies":[{"name":"wp","href":"https:\/\/api.w.org\/{rel}","templated":true}]}}