{"id":20453,"date":"2025-01-01T08:12:37","date_gmt":"2025-01-01T08:12:37","guid":{"rendered":"https:\/\/streetpower-rekond.se\/newsite\/product\/sw40-black-speed-wax-500-ml\/"},"modified":"2025-04-22T06:27:05","modified_gmt":"2025-04-22T06:27:05","slug":"sw40-black-speed-wax-500-ml","status":"publish","type":"product","link":"https:\/\/streetpower-rekond.se\/newsite\/sv\/product\/sw40-black-speed-wax-500-ml\/","title":{"rendered":"SW40 BLACK SPEED WAX 500 ML"},"content":{"rendered":"<p>Applicering: Spraya och torka av med en mikrofiberduk.<\/p>\n","protected":false},"excerpt":{"rendered":"<p>SW40 BLACK Speed \u200b\u200bWax \u00e4r en unik och innovativ polymerbaserad quick detailer.<\/p>\n<p>Det tar ett minimum av tid att ta bort l\u00e4tt smuts, damm, fingeravtryck etc. fr\u00e5n din lack.<\/p>\n<p>Samtidigt ger det en best\u00e5ende skydd.<\/p>\n<p>SW40 BLACK l\u00e4mnar en enast\u00e5ende spegelglans och t\u00e4tar lacken.<\/p>\n<p>K\u00c4NN SKILLNADEN!<\/p>\n","protected":false},"featured_media":20454,"comment_status":"open","ping_status":"closed","template":"","meta":[],"etheme_brands":[],"product_brand":[],"product_cat":[208],"product_tag":[],"class_list":{"0":"post-20453","1":"product","2":"type-product","3":"status-publish","4":"has-post-thumbnail","6":"product_cat-lackskydd-vax","8":"first","9":"instock","10":"taxable","11":"shipping-taxable","12":"purchasable","13":"product-type-simple"},"_links":{"self":[{"href":"https:\/\/streetpower-rekond.se\/newsite\/sv\/wp-json\/wp\/v2\/product\/20453","targetHints":{"allow":["GET"]}}],"collection":[{"href":"https:\/\/streetpower-rekond.se\/newsite\/sv\/wp-json\/wp\/v2\/product"}],"about":[{"href":"https:\/\/streetpower-rekond.se\/newsite\/sv\/wp-json\/wp\/v2\/types\/product"}],"replies":[{"embeddable":true,"href":"https:\/\/streetpower-rekond.se\/newsite\/sv\/wp-json\/wp\/v2\/comments?post=20453"}],"version-history":[{"count":0,"href":"https:\/\/streetpower-rekond.se\/newsite\/sv\/wp-json\/wp\/v2\/product\/20453\/revisions"}],"wp:featuredmedia":[{"embeddable":true,"href":"https:\/\/streetpower-rekond.se\/newsite\/sv\/wp-json\/wp\/v2\/media\/20454"}],"wp:attachment":[{"href":"https:\/\/streetpower-rekond.se\/newsite\/sv\/wp-json\/wp\/v2\/media?parent=20453"}],"wp:term":[{"taxonomy":"brand","embeddable":true,"href":"https:\/\/streetpower-rekond.se\/newsite\/sv\/wp-json\/wp\/v2\/etheme_brands?post=20453"},{"taxonomy":"product_brand","embeddable":true,"href":"https:\/\/streetpower-rekond.se\/newsite\/sv\/wp-json\/wp\/v2\/product_brand?post=20453"},{"taxonomy":"product_cat","embeddable":true,"href":"https:\/\/streetpower-rekond.se\/newsite\/sv\/wp-json\/wp\/v2\/product_cat?post=20453"},{"taxonomy":"product_tag","embeddable":true,"href":"https:\/\/streetpower-rekond.se\/newsite\/sv\/wp-json\/wp\/v2\/product_tag?post=20453"}],"curies":[{"name":"wp","href":"https:\/\/api.w.org\/{rel}","templated":true}]}}