{"id":20451,"date":"2025-01-01T08:12:28","date_gmt":"2025-01-01T08:12:28","guid":{"rendered":"https:\/\/streetpower-rekond.se\/newsite\/product\/crystal-interior-display-dressing-500ml\/"},"modified":"2025-05-06T07:58:42","modified_gmt":"2025-05-06T07:58:42","slug":"crystal-interior-display-dressing-500ml","status":"publish","type":"product","link":"https:\/\/streetpower-rekond.se\/newsite\/sv\/product\/crystal-interior-display-dressing-500ml\/","title":{"rendered":"CRYSTAL INTERIOR &amp; DISPLAY DRESSING 500ml"},"content":{"rendered":"<p>Applicering:| Spraya p\u00e5 ytor och torka av med en av v\u00e5ra s\u00f6ml\u00f6sa MicroPLUS mikrofiberdukar &#8211; klart!<\/p>\n<p>(Anv\u00e4nd inte p\u00e5 mocka &amp; Alcantara-l\u00e4der! &#8211; Kontrollera l\u00e4mpligheten f\u00f6r k\u00e4nsliga ytor).<\/p>\n","protected":false},"excerpt":{"rendered":"<p>CRYSTAL \u00e4r en ny typ av dressing med skydd f\u00f6r n\u00e4stan alla sl\u00e4ta ytor, displayer och glasytor i fordonsinredningen.<\/p>\n<p>Behandlade plastytor f\u00e5r en kraftigt reducerad matt glans.<\/p>\n<p>Fingeravtryck, damm och r\u00e4nder tas l\u00e4tt bort fr\u00e5n bildsk\u00e4rmar i ett enda steg, vilket l\u00e4mnar en tydligt m\u00e4rkbar anti-fingeravtrycksbel\u00e4ggning.<\/p>\n","protected":false},"featured_media":21633,"comment_status":"open","ping_status":"closed","template":"","meta":[],"etheme_brands":[],"product_brand":[],"product_cat":[221,253],"product_tag":[],"class_list":{"0":"post-20451","1":"product","2":"type-product","3":"status-publish","4":"has-post-thumbnail","6":"product_cat-plast-vinyl","7":"product_cat-rengoring","9":"first","10":"instock","11":"taxable","12":"shipping-taxable","13":"purchasable","14":"product-type-simple"},"_links":{"self":[{"href":"https:\/\/streetpower-rekond.se\/newsite\/sv\/wp-json\/wp\/v2\/product\/20451","targetHints":{"allow":["GET"]}}],"collection":[{"href":"https:\/\/streetpower-rekond.se\/newsite\/sv\/wp-json\/wp\/v2\/product"}],"about":[{"href":"https:\/\/streetpower-rekond.se\/newsite\/sv\/wp-json\/wp\/v2\/types\/product"}],"replies":[{"embeddable":true,"href":"https:\/\/streetpower-rekond.se\/newsite\/sv\/wp-json\/wp\/v2\/comments?post=20451"}],"version-history":[{"count":0,"href":"https:\/\/streetpower-rekond.se\/newsite\/sv\/wp-json\/wp\/v2\/product\/20451\/revisions"}],"wp:featuredmedia":[{"embeddable":true,"href":"https:\/\/streetpower-rekond.se\/newsite\/sv\/wp-json\/wp\/v2\/media\/21633"}],"wp:attachment":[{"href":"https:\/\/streetpower-rekond.se\/newsite\/sv\/wp-json\/wp\/v2\/media?parent=20451"}],"wp:term":[{"taxonomy":"brand","embeddable":true,"href":"https:\/\/streetpower-rekond.se\/newsite\/sv\/wp-json\/wp\/v2\/etheme_brands?post=20451"},{"taxonomy":"product_brand","embeddable":true,"href":"https:\/\/streetpower-rekond.se\/newsite\/sv\/wp-json\/wp\/v2\/product_brand?post=20451"},{"taxonomy":"product_cat","embeddable":true,"href":"https:\/\/streetpower-rekond.se\/newsite\/sv\/wp-json\/wp\/v2\/product_cat?post=20451"},{"taxonomy":"product_tag","embeddable":true,"href":"https:\/\/streetpower-rekond.se\/newsite\/sv\/wp-json\/wp\/v2\/product_tag?post=20451"}],"curies":[{"name":"wp","href":"https:\/\/api.w.org\/{rel}","templated":true}]}}