{"id":20446,"date":"2025-01-01T08:05:05","date_gmt":"2025-01-01T08:05:05","guid":{"rendered":"https:\/\/streetpower-rekond.se\/newsite\/product\/laderbehandlingspaket-ultracoat-small\/"},"modified":"2025-04-01T09:44:08","modified_gmt":"2025-04-01T09:44:08","slug":"laderbehandlingspaket-ultracoat-small","status":"publish","type":"product","link":"https:\/\/streetpower-rekond.se\/newsite\/sv\/product\/laderbehandlingspaket-ultracoat-small\/","title":{"rendered":"L\u00e4derbehandlingspaket Ultracoat Small"},"content":{"rendered":"<p><strong>Ultracoat Leather Cleaner<\/strong> \u00e4r en f\u00e4rdig att anv\u00e4nda produkt f\u00f6r reng\u00f6ring av skinnytor. Produkten ger h\u00f6g reng\u00f6ringseffektivitet samtidigt som s\u00e4kerheten f\u00f6r l\u00e4dret och anv\u00e4ndaren bibeh\u00e5lls. L\u00e4mplig f\u00f6r b\u00e5de naturligt och ekologiskt l\u00e4der.<\/p>\n<p>Dess behagliga fr\u00e4scha doften g\u00f6r reng\u00f6ringsprocessen inte bara effektiv utan ocks\u00e5 behaglig. Leather Cleaners verkan \u00e4r extremt snabb och det starka skummet underl\u00e4ttar borttagningen av smuts och fl\u00e4ckar.<\/p>\n<p>Anv\u00e4ndningsmetod:<\/p>\n<p>\u2022 Applicera produkten p\u00e5 ytan.<\/p>\n<p>\u2022 Arbeta ut produkten med en applikator eller borste.<\/p>\n<p>\u2022 Torka upp \u00f6verfl\u00f6dig produkt med en mikrofiber.<\/p>\n<p><strong>Ultracoat Leather Conditioner<\/strong> \u00e4r en innovativ produkt designad f\u00f6r att ta hand om din l\u00e4derkl\u00e4dsel.<\/p>\n<p>Den tillf\u00f6r n\u00e4ring och mjukg\u00f6rande egenskaper av l\u00e4dret och l\u00e5ngvarigt skydd.<\/p>\n<p>Den \u00e4r l\u00e4mplig f\u00f6r b\u00e5de naturligt och ekologiskt l\u00e4der.<\/p>\n<p>V\u00e5rt l\u00e4derbalsam k\u00e4nnetecknas av sin delikata doft och matta finish, som tillf\u00f6r elegans till fordonsinteri\u00f6ren. Tack vare sin enkla applicering och dess kr\u00e4miga konsistens ger produkten bekv\u00e4m anv\u00e4ndning, sparar tid och bibeh\u00e5ller h\u00f6g prestanda.<\/p>\n<p>Anv\u00e4ndning tips.<\/p>\n<p>\u2022 Reng\u00f6r ytan med Ultracoat Leather Cleaner.<\/p>\n<p>\u2022 Applicera ett tunt lager av produkten med en applikator.<\/p>\n<p>\u2022 vid behov bort \u00f6verskott med en mikrofiberduk.<\/p>\n","protected":false},"excerpt":{"rendered":"<p>L\u00e4derreng\u00f6ring Ultracoat Leather Cleaner 200 ml<\/p>\n<p>L\u00e4derskyddsmedel Leather Conditioner 200 ml<\/p>\n<p>Reng\u00f6ringsborste Liquid Elements<\/p>\n<p>5x Microfiber Cloth 310gsm3<\/p>\n","protected":false},"featured_media":20447,"comment_status":"open","ping_status":"closed","template":"","meta":[],"etheme_brands":[{"term_id":410,"name":"Ultracoat","slug":"ultracoat","term_group":0,"term_taxonomy_id":410,"taxonomy":"brand","description":"","parent":0,"count":79,"filter":"raw"}],"product_brand":[384],"product_cat":[254],"product_tag":[],"class_list":{"0":"post-20446","1":"product","2":"type-product","3":"status-publish","4":"has-post-thumbnail","6":"brand-ultracoat","7":"product_brand-ultracoat","8":"product_cat-laedervard","10":"first","11":"instock","12":"taxable","13":"shipping-taxable","14":"product-type-simple"},"_links":{"self":[{"href":"https:\/\/streetpower-rekond.se\/newsite\/sv\/wp-json\/wp\/v2\/product\/20446","targetHints":{"allow":["GET"]}}],"collection":[{"href":"https:\/\/streetpower-rekond.se\/newsite\/sv\/wp-json\/wp\/v2\/product"}],"about":[{"href":"https:\/\/streetpower-rekond.se\/newsite\/sv\/wp-json\/wp\/v2\/types\/product"}],"replies":[{"embeddable":true,"href":"https:\/\/streetpower-rekond.se\/newsite\/sv\/wp-json\/wp\/v2\/comments?post=20446"}],"version-history":[{"count":1,"href":"https:\/\/streetpower-rekond.se\/newsite\/sv\/wp-json\/wp\/v2\/product\/20446\/revisions"}],"predecessor-version":[{"id":23118,"href":"https:\/\/streetpower-rekond.se\/newsite\/sv\/wp-json\/wp\/v2\/product\/20446\/revisions\/23118"}],"wp:featuredmedia":[{"embeddable":true,"href":"https:\/\/streetpower-rekond.se\/newsite\/sv\/wp-json\/wp\/v2\/media\/20447"}],"wp:attachment":[{"href":"https:\/\/streetpower-rekond.se\/newsite\/sv\/wp-json\/wp\/v2\/media?parent=20446"}],"wp:term":[{"taxonomy":"brand","embeddable":true,"href":"https:\/\/streetpower-rekond.se\/newsite\/sv\/wp-json\/wp\/v2\/etheme_brands?post=20446"},{"taxonomy":"product_brand","embeddable":true,"href":"https:\/\/streetpower-rekond.se\/newsite\/sv\/wp-json\/wp\/v2\/product_brand?post=20446"},{"taxonomy":"product_cat","embeddable":true,"href":"https:\/\/streetpower-rekond.se\/newsite\/sv\/wp-json\/wp\/v2\/product_cat?post=20446"},{"taxonomy":"product_tag","embeddable":true,"href":"https:\/\/streetpower-rekond.se\/newsite\/sv\/wp-json\/wp\/v2\/product_tag?post=20446"}],"curies":[{"name":"wp","href":"https:\/\/api.w.org\/{rel}","templated":true}]}}