{"id":20438,"date":"2025-03-08T07:05:32","date_gmt":"2025-03-08T07:05:32","guid":{"rendered":"https:\/\/streetpower-rekond.se\/newsite\/?post_type=product&#038;p=20438"},"modified":"2025-03-08T07:05:32","modified_gmt":"2025-03-08T07:05:32","slug":"liquid-elements-black-hole-xl-80x50cm","status":"publish","type":"product","link":"https:\/\/streetpower-rekond.se\/newsite\/sv\/product\/liquid-elements-black-hole-xl-80x50cm\/","title":{"rendered":"Liquid Elements Black Hole XL 80X50CM"},"content":{"rendered":"<p>Tack vare de s\u00e5 kallade Twisted Pile-fibrerna absorberar denna handduk enorma m\u00e4ngder vatten<\/p>\n<p>och torkar varje fordon snabbt och absolut ytv\u00e4nligt. Repor eller defekter kan inte uppst\u00e5 p\u00e5 ytan vid torkning av det tv\u00e4ttade fordonet, eftersom den speciella fiberstrukturen med hj\u00e4lp av de rundade fiber\u00e4ndarna endast skapar en minimal kontaktyta.<\/p>\n<p>Black Hole rekommenderas f\u00f6r alla fordonsklasser.<\/p>\n<p><strong>Egenskaper:<\/strong><\/p>\n<p>Twisted Pile (koreansk fiber)<\/p>\n<p>Vikt: 1300 GSM<\/p>\n<p>M\u00e5tt: 80\u00d750 cm<\/p>\n<p>S\u00f6ml\u00f6s<\/p>\n<p>H\u00f6g vattenabsorption<\/p>\n<p>Absolut luddfri<\/p>\n<p>H\u00f6g kvalitet<\/p>\n<p>Str\u00e5lande glans efter fordonstorkning<\/p>\n<p>Anv\u00e4dning:<\/p>\n<p>Skaka ut handduken<\/p>\n<p>Placera den p\u00e5 den v\u00e5ta ytan<\/p>\n<p>H\u00e5ll handduken i kanten och flytta den \u00f6ver ytan<\/p>\n<p><strong>Tips:<\/strong><\/p>\n<p>Tv\u00e4ttbar upp till 60\u00b0C i tv\u00e4ttmaskin (g\u00e4rna med mikrofibertv\u00e4ttmedel)<\/p>\n<p>Skaka ur handduken efter tv\u00e4tt och h\u00e4ng upp den f\u00f6r att torka<\/p>\n<p>Forts\u00e4tt inte anv\u00e4nda mikrofiberhanddukar om de \u00e4r smutsiga\/f\u00f6rorenade, till exempel om de av misstag kommer i kontakt med golvet under anv\u00e4ndning.<\/p>\n<p>Materialsammans\u00e4ttning:<\/p>\n<p>80% polyester<\/p>\n<p>20% polyamid<\/p>\n","protected":false},"excerpt":{"rendered":"<p>Liquid Elements Black Hole Premium Torkhandduk \u00e4r den starkaste k\u00e4nda torkhandduken p\u00e5 marknaden. Med en storlek p\u00e5 80 x 50 cm och en vikt p\u00e5 1300 GSM \u00e4r det l\u00e4tt att torka 3-4 fordon med bara en handduk utan att vrida ur den.<\/p>\n<p>Black Hole \u00e4r en s\u00f6ml\u00f6s premium torkhandduk av den senaste generationen.<\/p>\n","protected":false},"featured_media":20439,"comment_status":"open","ping_status":"closed","template":"","meta":[],"etheme_brands":[],"product_brand":[],"product_cat":[219],"product_tag":[],"class_list":{"0":"post-20438","1":"product","2":"type-product","3":"status-publish","4":"has-post-thumbnail","6":"product_cat-mikrofiberdukar","8":"first","9":"instock","10":"taxable","11":"shipping-taxable","12":"purchasable","13":"product-type-simple"},"_links":{"self":[{"href":"https:\/\/streetpower-rekond.se\/newsite\/sv\/wp-json\/wp\/v2\/product\/20438","targetHints":{"allow":["GET"]}}],"collection":[{"href":"https:\/\/streetpower-rekond.se\/newsite\/sv\/wp-json\/wp\/v2\/product"}],"about":[{"href":"https:\/\/streetpower-rekond.se\/newsite\/sv\/wp-json\/wp\/v2\/types\/product"}],"replies":[{"embeddable":true,"href":"https:\/\/streetpower-rekond.se\/newsite\/sv\/wp-json\/wp\/v2\/comments?post=20438"}],"version-history":[{"count":0,"href":"https:\/\/streetpower-rekond.se\/newsite\/sv\/wp-json\/wp\/v2\/product\/20438\/revisions"}],"wp:featuredmedia":[{"embeddable":true,"href":"https:\/\/streetpower-rekond.se\/newsite\/sv\/wp-json\/wp\/v2\/media\/20439"}],"wp:attachment":[{"href":"https:\/\/streetpower-rekond.se\/newsite\/sv\/wp-json\/wp\/v2\/media?parent=20438"}],"wp:term":[{"taxonomy":"brand","embeddable":true,"href":"https:\/\/streetpower-rekond.se\/newsite\/sv\/wp-json\/wp\/v2\/etheme_brands?post=20438"},{"taxonomy":"product_brand","embeddable":true,"href":"https:\/\/streetpower-rekond.se\/newsite\/sv\/wp-json\/wp\/v2\/product_brand?post=20438"},{"taxonomy":"product_cat","embeddable":true,"href":"https:\/\/streetpower-rekond.se\/newsite\/sv\/wp-json\/wp\/v2\/product_cat?post=20438"},{"taxonomy":"product_tag","embeddable":true,"href":"https:\/\/streetpower-rekond.se\/newsite\/sv\/wp-json\/wp\/v2\/product_tag?post=20438"}],"curies":[{"name":"wp","href":"https:\/\/api.w.org\/{rel}","templated":true}]}}