{"id":20380,"date":"2025-01-01T07:44:05","date_gmt":"2025-01-01T07:44:05","guid":{"rendered":"https:\/\/streetpower-rekond.se\/newsite\/product\/ultracoat-ceramic-soap-500ml\/"},"modified":"2025-04-22T09:01:57","modified_gmt":"2025-04-22T09:01:57","slug":"ultracoat-ceramic-soap-500ml","status":"publish","type":"product","link":"https:\/\/streetpower-rekond.se\/newsite\/sv\/product\/ultracoat-ceramic-soap-500ml\/","title":{"rendered":"Ultracoat Ceramic Soap 500ml"},"content":{"rendered":"<p>Ceramic soap ger ett helt spektrum av m\u00f6jligheter inte bara genom att anv\u00e4nda det som ett traditionellt bilschampo, det ger l\u00e5g friktion mot lacken och h\u00e4rligt skum, du kan \u00e4ven anv\u00e4nda det genom att applicera det fr\u00e5n en skumpistol. Produkten kan anv\u00e4ndas p\u00e5 alla yttre ytor av bilen. Arbetet g\u00f6rs behagligare av doften av bubble gum.<\/p>\n<p>Anv\u00e4ndningsmetod:<\/p>\n<p>F\u00f6rtv\u00e4tt, t.ex. med aktivt skum.<\/p>\n<p>F\u00f6r smutsiga bilar, tv\u00e4tta bilen f\u00f6rst med vanligt schampo.<\/p>\n<p>F\u00f6rbered en blandad l\u00f6sning; H\u00e4ll 50 ml av produkten i 5 liter varmt vatten (1:100) eller 50 ml per 450 ml (1:10) om du applicerar produkten med en skumpistol.<\/p>\n<p>Sprid ut produkten med en ren handske eller applicera den med en skumpistol.<\/p>\n<p>V\u00e4nta 30 sekunder, sk\u00f6lj hela bilen noggrant och torka med en handduk eller tryckluft.<\/p>\n<p>Tips:<\/p>\n<p>Arbeta inte i direkt solljus. N\u00e4r du arbetar i en varm milj\u00f6, arbeta med sm\u00e5 ytor, l\u00e5t inte produkten torka. Anv\u00e4nd schampot regelbundet f\u00f6r att bibeh\u00e5lla den perfekta hydrofoba effekten.<\/p>\n<p><img decoding=\"async\" src=\"https:\/\/streetpower-rekond.se\/newsite\/img\/cms\/Faro%20Symboler\/acid_red.gif\" alt=\"\" width=\"90\" height=\"90\" title=\"\"><\/p>\n<p>Signalord<\/p>\n<p>Fara<\/p>\n<p>H\u00e4lso- och milj\u00f6farliga \u00e4mnen<\/p>\n<p>Siloxanes and Silicones, 3-[(2-aminoethyl)amino]propyl Me, di-Me<\/p>\n<p>1-Propanaminium, 3-amino-N-(carboxymethyl)-N,N-dimethyl-, N-(C8-18 and C18-unsatd. acyl) derivs., inner salts Amides, C12-14, N-[3-(dimethylamino)propyl], N-oxides<\/p>\n<p>Varningstexter<\/p>\n<p>H314 Orsakar allvarliga fr\u00e4tskador p\u00e5 hud och \u00f6gon.<\/p>\n<p>H318 Orsakar allvarliga \u00f6gonskador.<\/p>\n<p>S\u00e4kerhetsangivelser<\/p>\n<p>P101 Ha f\u00f6rpackningen eller etiketten till hands om du m\u00e5ste s\u00f6ka l\u00e4karv\u00e5rd.<\/p>\n<p>P102 F\u00f6rvaras o\u00e5tkomligt f\u00f6r barn.<\/p>\n<p>P280 Anv\u00e4nd skyddshandskar\/skyddskl\u00e4der\/\u00f6gonskydd\/ansiktsskydd.<\/p>\n<p>P303+P361+P353P305+P351+P338VID HUDKONTAKT (\u00e4ven h\u00e5ret): Ta omedelbart av alla nedst\u00e4nkta kl\u00e4der. Sk\u00f6lj huden med vatten eller duscha.<\/p>\n<p>P501 Inneh\u00e5llet\/beh\u00e5llaren l\u00e4mnas till genom att \u00f6verl\u00e4mna produkten till en person som har tillst\u00e5nd att bortskaffa avfall eller genom att returnera den till leverant\u00f6ren.<\/p>\n","protected":false},"excerpt":{"rendered":"<p>Ceramic soap \u00e4r ett mycket hydrofobt, koncentrerat schampo med ett h\u00f6gt inneh\u00e5ll av SiO\u2082. Idealisk f\u00f6r v\u00e5rd av bilar skyddade med keramiska behandlingar, vaxer, PPF-folier och vinylfolier, p\u00e5 vilka den avsev\u00e4rt f\u00f6rb\u00e4ttrar glansen, ger en mycket stark hydrofob effekt och \u00f6kar halten p\u00e5 ytan. Det fungerar utm\u00e4rkt \u00e4ven som ett frist\u00e5ende skydd.<\/p>\n","protected":false},"featured_media":20381,"comment_status":"open","ping_status":"closed","template":"","meta":[],"etheme_brands":[{"term_id":410,"name":"Ultracoat","slug":"ultracoat","term_group":0,"term_taxonomy_id":410,"taxonomy":"brand","description":"","parent":0,"count":79,"filter":"raw"}],"product_brand":[384],"product_cat":[210],"product_tag":[],"class_list":{"0":"post-20380","1":"product","2":"type-product","3":"status-publish","4":"has-post-thumbnail","6":"brand-ultracoat","7":"product_brand-ultracoat","8":"product_cat-keramiska-lackskydd","10":"first","11":"instock","12":"sale","13":"taxable","14":"shipping-taxable","15":"purchasable","16":"product-type-simple"},"_links":{"self":[{"href":"https:\/\/streetpower-rekond.se\/newsite\/sv\/wp-json\/wp\/v2\/product\/20380","targetHints":{"allow":["GET"]}}],"collection":[{"href":"https:\/\/streetpower-rekond.se\/newsite\/sv\/wp-json\/wp\/v2\/product"}],"about":[{"href":"https:\/\/streetpower-rekond.se\/newsite\/sv\/wp-json\/wp\/v2\/types\/product"}],"replies":[{"embeddable":true,"href":"https:\/\/streetpower-rekond.se\/newsite\/sv\/wp-json\/wp\/v2\/comments?post=20380"}],"version-history":[{"count":2,"href":"https:\/\/streetpower-rekond.se\/newsite\/sv\/wp-json\/wp\/v2\/product\/20380\/revisions"}],"predecessor-version":[{"id":23135,"href":"https:\/\/streetpower-rekond.se\/newsite\/sv\/wp-json\/wp\/v2\/product\/20380\/revisions\/23135"}],"wp:featuredmedia":[{"embeddable":true,"href":"https:\/\/streetpower-rekond.se\/newsite\/sv\/wp-json\/wp\/v2\/media\/20381"}],"wp:attachment":[{"href":"https:\/\/streetpower-rekond.se\/newsite\/sv\/wp-json\/wp\/v2\/media?parent=20380"}],"wp:term":[{"taxonomy":"brand","embeddable":true,"href":"https:\/\/streetpower-rekond.se\/newsite\/sv\/wp-json\/wp\/v2\/etheme_brands?post=20380"},{"taxonomy":"product_brand","embeddable":true,"href":"https:\/\/streetpower-rekond.se\/newsite\/sv\/wp-json\/wp\/v2\/product_brand?post=20380"},{"taxonomy":"product_cat","embeddable":true,"href":"https:\/\/streetpower-rekond.se\/newsite\/sv\/wp-json\/wp\/v2\/product_cat?post=20380"},{"taxonomy":"product_tag","embeddable":true,"href":"https:\/\/streetpower-rekond.se\/newsite\/sv\/wp-json\/wp\/v2\/product_tag?post=20380"}],"curies":[{"name":"wp","href":"https:\/\/api.w.org\/{rel}","templated":true}]}}