{"id":20376,"date":"2025-01-01T07:43:39","date_gmt":"2025-01-01T07:43:39","guid":{"rendered":"https:\/\/streetpower-rekond.se\/newsite\/product\/ultracoat-iron-hunter-5l\/"},"modified":"2025-04-01T09:44:27","modified_gmt":"2025-04-01T09:44:27","slug":"ultracoat-iron-hunter-5l","status":"publish","type":"product","link":"https:\/\/streetpower-rekond.se\/newsite\/sv\/product\/ultracoat-iron-hunter-5l\/","title":{"rendered":"Ultracoat Iron Hunter 5L"},"content":{"rendered":"<p>Iron Hunter \u00e4r pH-neutral och s\u00e4ker f\u00f6r f\u00e4lgar, lack och de flesta former av skydd som h\u00e5rdvax och keramiska behandlingningar. I receptet passade vi p\u00e5 att anv\u00e4nda mintdoftnoter som effektivt maskerar den typiska lukten hos andra produkter i denna kategori.<\/p>\n<p>Iron Hunter \u00e4r den perfekta l\u00f6sningen f\u00f6r kemisk dekontaminering av f\u00e4lgar och lack. Den fungerar \u00e4ven bra som en produkt f\u00f6r regelbunden v\u00e5rd.<\/p>\n<p>Anv\u00e4ndningsmetod:<\/p>\n<p>Applicera produkten p\u00e5 f\u00e4lgen eller lacken.<\/p>\n<p>V\u00e4nta n\u00e5gra minuter tills ytan blir synligt r\u00f6d.<\/p>\n<p>Vid behov; arbeta produkten med en borste eller applikator f\u00f6r att \u00f6ka reng\u00f6ringskraften.<\/p>\n<p>Sk\u00f6lj av produkten med gener\u00f6sa m\u00e4ngder vatten.<\/p>\n<p>Tips:<\/p>\n<p>Anv\u00e4nd alltid skyddskl\u00e4der och handskar. Arbeta p\u00e5 en sval yta borta fr\u00e5n direkt solljus. F\u00f6r att f\u00f6rst\u00e4rka effekten, applicera den p\u00e5 en torr yta. L\u00e5t inte produkten torka.<\/p>\n<p><img decoding=\"async\" src=\"https:\/\/streetpower-rekond.se\/newsite\/img\/cms\/Faro%20Symboler\/exclam.gif\" alt=\"\" width=\"90\" height=\"90\" title=\"\"><\/p>\n<p>Signalord<\/p>\n<p>Varning<\/p>\n<p>H\u00e4lso- och milj\u00f6farliga \u00e4mnen<\/p>\n<p>Sodium mercaptoacetate<\/p>\n<p>1,2-etandiol<\/p>\n<p>Varningstexter<\/p>\n<p>H302 Skadligt vid f\u00f6rt\u00e4ring.<\/p>\n<p>H317 Kan orsaka allergisk hudreaktion. S\u00e4kerhetsangivelser<\/p>\n<p>P101 Ha f\u00f6rpackningen eller etiketten till hands om du m\u00e5ste s\u00f6ka l\u00e4karv\u00e5rd.<\/p>\n<p>P102 F\u00f6rvaras o\u00e5tkomligt f\u00f6r barn.<\/p>\n<p>P261 Undvik att inandas damm\/r\u00f6k\/gaser\/dimma\/\u00e5ngor\/sprej.<\/p>\n<p>P280 Anv\u00e4nd skyddshandskar.<\/p>\n<p>P333+P313 Vid hudirritation eller utslag: S\u00f6k l\u00e4karhj\u00e4lp.<\/p>\n<p>P501 Inneh\u00e5llet\/beh\u00e5llaren l\u00e4mnas till genom att \u00f6verl\u00e4mna produkten till en person som har tillst\u00e5nd att bortskaffa avfall eller genom att returnera den till leverant\u00f6ren.<\/p>\n","protected":false},"excerpt":{"rendered":"<p>Iron Hunter \u00e4r en produkt f\u00e4rdig att anv\u00e4nda f\u00f6r att ta bort metallpartiklar och flyktig rost. Den har en flytande konsistens som s\u00e4kerst\u00e4ller produktens anv\u00e4ndarv\u00e4nlighet vid reng\u00f6ring av f\u00e4lgar och lack. Produkten reagerar snabbt och effektivt, vilket kan ses p\u00e5 den n\u00e4stan omedelbara f\u00e4rgindikeringen p\u00e5 ytan man vill reng\u00f6ra. Trots sin konsistens har den en h\u00f6g viskositet, vilket i kombination med l\u00e5ngsam torkning m\u00f6jligg\u00f6r ett l\u00e5ngt och effektivt arbete med produkten<\/p>\n","protected":false},"featured_media":20377,"comment_status":"open","ping_status":"closed","template":"","meta":[],"etheme_brands":[{"term_id":410,"name":"Ultracoat","slug":"ultracoat","term_group":0,"term_taxonomy_id":410,"taxonomy":"brand","description":"","parent":0,"count":79,"filter":"raw"}],"product_brand":[384],"product_cat":[239],"product_tag":[],"class_list":{"0":"post-20376","1":"product","2":"type-product","3":"status-publish","4":"has-post-thumbnail","6":"brand-ultracoat","7":"product_brand-ultracoat","8":"product_cat-flygrostloesare","10":"first","11":"instock","12":"sale","13":"taxable","14":"shipping-taxable","15":"purchasable","16":"product-type-simple"},"_links":{"self":[{"href":"https:\/\/streetpower-rekond.se\/newsite\/sv\/wp-json\/wp\/v2\/product\/20376","targetHints":{"allow":["GET"]}}],"collection":[{"href":"https:\/\/streetpower-rekond.se\/newsite\/sv\/wp-json\/wp\/v2\/product"}],"about":[{"href":"https:\/\/streetpower-rekond.se\/newsite\/sv\/wp-json\/wp\/v2\/types\/product"}],"replies":[{"embeddable":true,"href":"https:\/\/streetpower-rekond.se\/newsite\/sv\/wp-json\/wp\/v2\/comments?post=20376"}],"version-history":[{"count":2,"href":"https:\/\/streetpower-rekond.se\/newsite\/sv\/wp-json\/wp\/v2\/product\/20376\/revisions"}],"predecessor-version":[{"id":23136,"href":"https:\/\/streetpower-rekond.se\/newsite\/sv\/wp-json\/wp\/v2\/product\/20376\/revisions\/23136"}],"wp:featuredmedia":[{"embeddable":true,"href":"https:\/\/streetpower-rekond.se\/newsite\/sv\/wp-json\/wp\/v2\/media\/20377"}],"wp:attachment":[{"href":"https:\/\/streetpower-rekond.se\/newsite\/sv\/wp-json\/wp\/v2\/media?parent=20376"}],"wp:term":[{"taxonomy":"brand","embeddable":true,"href":"https:\/\/streetpower-rekond.se\/newsite\/sv\/wp-json\/wp\/v2\/etheme_brands?post=20376"},{"taxonomy":"product_brand","embeddable":true,"href":"https:\/\/streetpower-rekond.se\/newsite\/sv\/wp-json\/wp\/v2\/product_brand?post=20376"},{"taxonomy":"product_cat","embeddable":true,"href":"https:\/\/streetpower-rekond.se\/newsite\/sv\/wp-json\/wp\/v2\/product_cat?post=20376"},{"taxonomy":"product_tag","embeddable":true,"href":"https:\/\/streetpower-rekond.se\/newsite\/sv\/wp-json\/wp\/v2\/product_tag?post=20376"}],"curies":[{"name":"wp","href":"https:\/\/api.w.org\/{rel}","templated":true}]}}