{"id":20347,"date":"2025-01-01T07:36:10","date_gmt":"2025-01-01T07:36:10","guid":{"rendered":"https:\/\/streetpower-rekond.se\/newsite\/product\/ultracoat-carbon-15ml\/"},"modified":"2025-04-01T09:44:38","modified_gmt":"2025-04-01T09:44:38","slug":"ultracoat-carbon-15ml","status":"publish","type":"product","link":"https:\/\/streetpower-rekond.se\/newsite\/sv\/product\/ultracoat-carbon-15ml\/","title":{"rendered":"Ultracoat Carbon 15ml"},"content":{"rendered":"<p>Appliceringen av produkten \u00e4r enkel och kr\u00e4ver inga strikt kontrollerade f\u00f6rh\u00e5llanden. Du kan till och med applicera den utomhus. B\u00e5de applicering och avtorkning av bel\u00e4ggningen \u00e4r enkel. Den erfarne rekondaren kommer att applicera produkten p\u00e5 flera paneler och sedan torka av det hela med en mikrofiberduk.<\/p>\n<p>Lack skyddad med Ultracoat Carbon f\u00e5r en spektakul\u00e4r glans och glaslik yta, och f\u00e4rgen blir m\u00f6rkare och vackert djup. Ytan blir hal, vilket \u00e4r mycket anv\u00e4ndbart vid torkning av bilen och minskar uppkomsten av mikrorepor. F\u00f6r att uppn\u00e5 \u00e4nnu b\u00e4ttre visuella effekter och maximal halhet kan du applicera ett andra skikt efter 1 timme fr\u00e5n det f\u00f6rsta lagret.<\/p>\n<p>Den behandlade bilen f\u00e5r ett skyddande lager med starka UV-filter och kemikaliebest\u00e4ndighet p\u00e5 en pH-skala 2-12. Det minskar oxidationen av f\u00e4rgen avsev\u00e4rt och bevarar sk\u00f6nheten i dess nyans. Att underh\u00e5lla bilen skyddad med Ultracoat Carbon blir mycket enkelt, och dess utseende \u00e4r varje fordonsentusiasts stolthet.<\/p>\n<p>Idealisk temperatur: 18-22 grader C.<\/p>\n<p>Luftfuktighet: 40-60 %<\/p>\n<p>V\u00e4lventilerat rum<\/p>\n<p>F\u00f6rberedelse:<\/p>\n<p>Tv\u00e4tta bilen noggrant och utf\u00f6r dekontaminering.<\/p>\n<p>Polera lackytan f\u00f6r att uppn\u00e5 en perfekt finish.<\/p>\n<p>Avfetta ytan med Ultracoat Finest Wipe.<\/p>\n<p>Applicering:<\/p>\n<p>L\u00e4gg ett par droppar av produkten p\u00e5 applikatorn.<\/p>\n<p>Bred ut produkten \u00f6ver ett omr\u00e5de p\u00e5 ca. 50 x 50 cm med hj\u00e4lp av &#8221;cross-hatch-metoden&#8221;.<\/p>\n<p>V\u00e4nta 30-60 sekunder f\u00f6r den f\u00f6rsta avdunstning av l\u00f6sningsmedlen och avl\u00e4gsna f\u00f6rsiktigt resterna av produkten med en mjuk mikrofiberduk.<\/p>\n<p>Upprepa processen \u00f6ver hela bilen.<\/p>\n<p>Efter applicering:<\/p>\n<p>L\u00e5t bilen st\u00e5 24 timmar tills bel\u00e4ggningen h\u00e4rdat.<\/p>\n<p>Under de f\u00f6rsta 7 dagarna efter applicering, tv\u00e4tta inte bilen med n\u00e5gra kemikalier.<\/p>\n<p><img decoding=\"async\" src=\"https:\/\/streetpower-rekond.se\/newsite\/img\/cms\/Faro%20Symboler\/silhouete.gif\" alt=\"\" width=\"90\" height=\"90\" title=\"\"><img decoding=\"async\" src=\"https:\/\/streetpower-rekond.se\/newsite\/img\/cms\/Faro%20Symboler\/Aquatic-pollut-red.gif\" alt=\"\" width=\"90\" height=\"90\" title=\"\"><img decoding=\"async\" src=\"https:\/\/streetpower-rekond.se\/newsite\/img\/cms\/Faro%20Symboler\/acid_red.gif\" alt=\"\" width=\"90\" height=\"90\" title=\"\"><\/p>\n<p>H\u00e4lso- och milj\u00f6farliga \u00e4mnen<\/p>\n<p>Hydrocarbons, C4, 1,3-butadiene-free, polymd., triisobutylene fraction, hydrogenated Hydrocarbons, C10-C12, isoalkanes, &lt; 2% aromatics<\/p>\n<p>Hydrocarbons, C11-C14, isoalkanes, cyclics, &lt;2% aromatics<\/p>\n<p>Siloxanes und Silicones, {3-[(2-Amino-ethyl)amino]propyl}methyl-, Dimethyl-<\/p>\n<p>Varningstexter<\/p>\n<p>H304 Kan vara d\u00f6dligt vid f\u00f6rt\u00e4ring om det kommer ner i luftv\u00e4garna.<\/p>\n<p>H315 Irriterar huden.<\/p>\n<p>H318 Orsakar allvarliga \u00f6gonskador.<\/p>\n<p>H411 Giftigt f\u00f6r vattenlevande organismer med l\u00e5ngtidseffekter.<\/p>\n<p>S\u00e4kerhetsangivelser<\/p>\n<p>P101 Ha f\u00f6rpackningen eller etiketten till hands om du m\u00e5ste s\u00f6ka l\u00e4karv\u00e5rd<\/p>\n<p>P102 F\u00f6rvaras o\u00e5tkomligt f\u00f6r barn.<\/p>\n<p>P280 Anv\u00e4nd \u00f6gonskydd<\/p>\n<p>P301+P310 Vid F\u00d6RT\u00c4RING: Kontakta genast l\u00e4kare.<\/p>\n<p>P331 Framkalla INTE Kr\u00e4kning.<\/p>\n<p>P391Samla upp spill.<\/p>\n<p>P405 F\u00f6rvaras inl\u00e5st.<\/p>\n<p>P501 Inneh\u00e5llet\/beh\u00e5llaren l\u00e4mnas till enligt g\u00e4llande f\u00f6rordningar.<\/p>\n","protected":false},"excerpt":{"rendered":"<p>Ultracoat Carbon \u00e4r en ny generation keramisk coating f\u00f6r alla lackade ytor. Genom att anv\u00e4nda en kombination av SiO2 och kolv\u00e4ten n\u00e5r vi en o\u00f6vertr\u00e4ffad niv\u00e5 av hydrofobicitet och flexibilitet hos behandlingen, vilket effektivt skyddar ditt fordon i 12 m\u00e5nader efter applicering.<\/p>\n","protected":false},"featured_media":20348,"comment_status":"open","ping_status":"closed","template":"","meta":[],"etheme_brands":[{"term_id":410,"name":"Ultracoat","slug":"ultracoat","term_group":0,"term_taxonomy_id":410,"taxonomy":"brand","description":"","parent":0,"count":79,"filter":"raw"}],"product_brand":[384],"product_cat":[210],"product_tag":[],"class_list":{"0":"post-20347","1":"product","2":"type-product","3":"status-publish","4":"has-post-thumbnail","6":"brand-ultracoat","7":"product_brand-ultracoat","8":"product_cat-keramiska-lackskydd","10":"first","11":"instock","12":"sale","13":"taxable","14":"shipping-taxable","15":"purchasable","16":"product-type-simple"},"_links":{"self":[{"href":"https:\/\/streetpower-rekond.se\/newsite\/sv\/wp-json\/wp\/v2\/product\/20347","targetHints":{"allow":["GET"]}}],"collection":[{"href":"https:\/\/streetpower-rekond.se\/newsite\/sv\/wp-json\/wp\/v2\/product"}],"about":[{"href":"https:\/\/streetpower-rekond.se\/newsite\/sv\/wp-json\/wp\/v2\/types\/product"}],"replies":[{"embeddable":true,"href":"https:\/\/streetpower-rekond.se\/newsite\/sv\/wp-json\/wp\/v2\/comments?post=20347"}],"version-history":[{"count":1,"href":"https:\/\/streetpower-rekond.se\/newsite\/sv\/wp-json\/wp\/v2\/product\/20347\/revisions"}],"predecessor-version":[{"id":22977,"href":"https:\/\/streetpower-rekond.se\/newsite\/sv\/wp-json\/wp\/v2\/product\/20347\/revisions\/22977"}],"wp:featuredmedia":[{"embeddable":true,"href":"https:\/\/streetpower-rekond.se\/newsite\/sv\/wp-json\/wp\/v2\/media\/20348"}],"wp:attachment":[{"href":"https:\/\/streetpower-rekond.se\/newsite\/sv\/wp-json\/wp\/v2\/media?parent=20347"}],"wp:term":[{"taxonomy":"brand","embeddable":true,"href":"https:\/\/streetpower-rekond.se\/newsite\/sv\/wp-json\/wp\/v2\/etheme_brands?post=20347"},{"taxonomy":"product_brand","embeddable":true,"href":"https:\/\/streetpower-rekond.se\/newsite\/sv\/wp-json\/wp\/v2\/product_brand?post=20347"},{"taxonomy":"product_cat","embeddable":true,"href":"https:\/\/streetpower-rekond.se\/newsite\/sv\/wp-json\/wp\/v2\/product_cat?post=20347"},{"taxonomy":"product_tag","embeddable":true,"href":"https:\/\/streetpower-rekond.se\/newsite\/sv\/wp-json\/wp\/v2\/product_tag?post=20347"}],"curies":[{"name":"wp","href":"https:\/\/api.w.org\/{rel}","templated":true}]}}