{"id":20343,"date":"2025-01-01T07:35:56","date_gmt":"2025-01-01T07:35:56","guid":{"rendered":"https:\/\/streetpower-rekond.se\/newsite\/product\/s2-black-cutting-compound-250g\/"},"modified":"2025-01-12T11:59:55","modified_gmt":"2025-01-12T11:59:55","slug":"s2-black-cutting-compound-250g","status":"publish","type":"product","link":"https:\/\/streetpower-rekond.se\/newsite\/sv\/product\/s2-black-cutting-compound-250g\/","title":{"rendered":"S2 BLACK Cutting Compound 250g"},"content":{"rendered":"<p>S2 BLACK, den extraordin\u00e4rt h\u00f6g presterande compounden har utvecklats speciellt f\u00f6r rekondare f\u00f6r anv\u00e4ndning p\u00e5 anv\u00e4nda, slitna och v\u00e4derbitna lackytor! Tack vare den enast\u00e5ende och extrema avverkningen och den \u00f6verl\u00e4gsna h\u00f6g-glans prestandan sl\u00e5r det \u00e4ven de djupaste och mest allvarliga f\u00e4rgdefekter p\u00e5 n\u00e5gra sekunder. S2 BLACK High-Performance Cutting Compound kan anv\u00e4ndas med roterande och l\u00e5ngslagiga oscillerande polermaskiner.<\/p>\n<p>F\u00f6r b\u00e4sta resultat rekommenderar vi att du anv\u00e4nder v\u00e5ra nya innovativa Ninja pads, bl\u00e5 samt r\u00f6d, alternativt Sandwich-SpiderPad, SpiderPad marinbl\u00e5 samt Premium Pad orange.<\/p>\n<p><img fetchpriority=\"high\" decoding=\"async\" src=\"https:\/\/streetpower-rekond.se\/newsite\/img\/cms\/s2black_anwendung-1.jpg\" alt=\"\" width=\"1000\" height=\"465\" title=\"\"><\/p>\n<p><img decoding=\"async\" src=\"https:\/\/streetpower-rekond.se\/newsite\/img\/cms\/S2Black_Flyer_A4_en.jpg\" alt=\"\" width=\"1000\" height=\"707\" title=\"\"><\/p>\n","protected":false},"excerpt":{"rendered":"<p>S2 BLACK, den extraordin\u00e4rt h\u00f6g presterande compounden har utvecklats speciellt f\u00f6r rekondare f\u00f6r anv\u00e4ndning p\u00e5 anv\u00e4nda, slitna och v\u00e4derbitna lackytor!<\/p>\n","protected":false},"featured_media":20344,"comment_status":"open","ping_status":"closed","template":"","meta":[],"etheme_brands":[],"product_brand":[],"product_cat":[214],"product_tag":[],"class_list":{"0":"post-20343","1":"product","2":"type-product","3":"status-publish","4":"has-post-thumbnail","6":"product_cat-polermedel","8":"first","9":"instock","10":"taxable","11":"shipping-taxable","12":"purchasable","13":"product-type-simple"},"_links":{"self":[{"href":"https:\/\/streetpower-rekond.se\/newsite\/sv\/wp-json\/wp\/v2\/product\/20343","targetHints":{"allow":["GET"]}}],"collection":[{"href":"https:\/\/streetpower-rekond.se\/newsite\/sv\/wp-json\/wp\/v2\/product"}],"about":[{"href":"https:\/\/streetpower-rekond.se\/newsite\/sv\/wp-json\/wp\/v2\/types\/product"}],"replies":[{"embeddable":true,"href":"https:\/\/streetpower-rekond.se\/newsite\/sv\/wp-json\/wp\/v2\/comments?post=20343"}],"version-history":[{"count":0,"href":"https:\/\/streetpower-rekond.se\/newsite\/sv\/wp-json\/wp\/v2\/product\/20343\/revisions"}],"wp:featuredmedia":[{"embeddable":true,"href":"https:\/\/streetpower-rekond.se\/newsite\/sv\/wp-json\/wp\/v2\/media\/20344"}],"wp:attachment":[{"href":"https:\/\/streetpower-rekond.se\/newsite\/sv\/wp-json\/wp\/v2\/media?parent=20343"}],"wp:term":[{"taxonomy":"brand","embeddable":true,"href":"https:\/\/streetpower-rekond.se\/newsite\/sv\/wp-json\/wp\/v2\/etheme_brands?post=20343"},{"taxonomy":"product_brand","embeddable":true,"href":"https:\/\/streetpower-rekond.se\/newsite\/sv\/wp-json\/wp\/v2\/product_brand?post=20343"},{"taxonomy":"product_cat","embeddable":true,"href":"https:\/\/streetpower-rekond.se\/newsite\/sv\/wp-json\/wp\/v2\/product_cat?post=20343"},{"taxonomy":"product_tag","embeddable":true,"href":"https:\/\/streetpower-rekond.se\/newsite\/sv\/wp-json\/wp\/v2\/product_tag?post=20343"}],"curies":[{"name":"wp","href":"https:\/\/api.w.org\/{rel}","templated":true}]}}