{"id":20190,"date":"2025-01-01T06:35:01","date_gmt":"2025-01-01T06:35:01","guid":{"rendered":"https:\/\/streetpower-rekond.se\/newsite\/product\/liquid-elements-carbon-glass-cleaning-cloth-300gsm\/"},"modified":"2025-01-12T03:07:27","modified_gmt":"2025-01-12T03:07:27","slug":"liquid-elements-carbon-glass-cleaning-cloth-300gsm","status":"publish","type":"product","link":"https:\/\/streetpower-rekond.se\/newsite\/sv\/product\/liquid-elements-carbon-glass-cleaning-cloth-300gsm\/","title":{"rendered":"Liquid Elements Carbon Glass Cleaning Cloth 300GSM"},"content":{"rendered":"<p>Kolfiberstruktur<\/p>\n<p>M\u00e5tt: 40x40cm<\/p>\n<p>Vikt: 300GSM<\/p>\n<p>Materialsammans\u00e4ttning:<\/p>\n<p>80% polyester<\/p>\n<p>20% polyamid<\/p>\n","protected":false},"excerpt":{"rendered":"<p>80Kolfiberduken med \u00e4kta kolfiberstruktur f\u00f6r en unik upplevelse vid reng\u00f6ring av glasytor. Det har aldrig varit l\u00e4ttare att uppn\u00e5 b\u00e4sta m\u00f6jliga resultat vid glasreng\u00f6ring<\/p>\n","protected":false},"featured_media":20191,"comment_status":"open","ping_status":"closed","template":"","meta":[],"etheme_brands":[],"product_brand":[],"product_cat":[219],"product_tag":[],"class_list":{"0":"post-20190","1":"product","2":"type-product","3":"status-publish","4":"has-post-thumbnail","6":"product_cat-mikrofiberdukar","8":"first","9":"instock","10":"taxable","11":"shipping-taxable","12":"purchasable","13":"product-type-simple"},"_links":{"self":[{"href":"https:\/\/streetpower-rekond.se\/newsite\/sv\/wp-json\/wp\/v2\/product\/20190","targetHints":{"allow":["GET"]}}],"collection":[{"href":"https:\/\/streetpower-rekond.se\/newsite\/sv\/wp-json\/wp\/v2\/product"}],"about":[{"href":"https:\/\/streetpower-rekond.se\/newsite\/sv\/wp-json\/wp\/v2\/types\/product"}],"replies":[{"embeddable":true,"href":"https:\/\/streetpower-rekond.se\/newsite\/sv\/wp-json\/wp\/v2\/comments?post=20190"}],"version-history":[{"count":0,"href":"https:\/\/streetpower-rekond.se\/newsite\/sv\/wp-json\/wp\/v2\/product\/20190\/revisions"}],"wp:featuredmedia":[{"embeddable":true,"href":"https:\/\/streetpower-rekond.se\/newsite\/sv\/wp-json\/wp\/v2\/media\/20191"}],"wp:attachment":[{"href":"https:\/\/streetpower-rekond.se\/newsite\/sv\/wp-json\/wp\/v2\/media?parent=20190"}],"wp:term":[{"taxonomy":"brand","embeddable":true,"href":"https:\/\/streetpower-rekond.se\/newsite\/sv\/wp-json\/wp\/v2\/etheme_brands?post=20190"},{"taxonomy":"product_brand","embeddable":true,"href":"https:\/\/streetpower-rekond.se\/newsite\/sv\/wp-json\/wp\/v2\/product_brand?post=20190"},{"taxonomy":"product_cat","embeddable":true,"href":"https:\/\/streetpower-rekond.se\/newsite\/sv\/wp-json\/wp\/v2\/product_cat?post=20190"},{"taxonomy":"product_tag","embeddable":true,"href":"https:\/\/streetpower-rekond.se\/newsite\/sv\/wp-json\/wp\/v2\/product_tag?post=20190"}],"curies":[{"name":"wp","href":"https:\/\/api.w.org\/{rel}","templated":true}]}}