{"id":20174,"date":"2025-01-01T06:25:29","date_gmt":"2025-01-01T06:25:29","guid":{"rendered":"https:\/\/streetpower-rekond.se\/newsite\/product\/bead-prince-extremt-hydrofobisk-wet-coat-5l\/"},"modified":"2025-04-01T09:44:46","modified_gmt":"2025-04-01T09:44:46","slug":"bead-prince-extremt-hydrofobisk-wet-coat-5l","status":"publish","type":"product","link":"https:\/\/streetpower-rekond.se\/newsite\/sv\/product\/bead-prince-extremt-hydrofobisk-wet-coat-5l\/","title":{"rendered":"Bead Prince &#8211; Extremt hydrofobisk wet coat 5L"},"content":{"rendered":"<p>V\u00e5r Wet Coat \u00e4r otroligt snabb och enkel att applicera, och tack vare h\u00e5llbarheten p\u00e5 upp till 3 m\u00e5nader rekommenderas den att anv\u00e4ndas ist\u00e4llet f\u00f6r vaxer. Bead Prince ger ytan glans och f\u00f6rb\u00e4ttrar dess hala egenskaper avsev\u00e4rt. Den starka vattenavvisande f\u00f6rm\u00e5gan g\u00f6r att torkningen blir betydligt l\u00e4ttare. Produkten \u00e4r multi-yta, l\u00e4mplig f\u00f6r applicering p\u00e5 lack, f\u00e4lgar, glas och plast.<\/p>\n<p>Bead Prince \u00e4r den perfekta l\u00f6sningen f\u00f6r m\u00e4nniskor som v\u00e4rdes\u00e4tter tid och s\u00e4kerst\u00e4ller en idealisk hydrofobisk effekt.<\/p>\n<p>Anv\u00e4ndningsmetod:<\/p>\n<p>Tv\u00e4tta bilen noggrant.<\/p>\n<p>Utf\u00f6r dekontaminering vid behov.<\/p>\n<p>Applicera produkten p\u00e5 den v\u00e5ta ytan, en panel i taget.<\/p>\n<p>Efter n\u00e5gra sekunder, sk\u00f6lj ytan noggrant och upprepa processen \u00f6ver hela fordonet.<\/p>\n<p>Torka bilen noggrant med en mikrofibertorkduk.<\/p>\n<p>Tips;<\/p>\n<p>Anv\u00e4nd p\u00e5 sval yta, undvik direkt solljus. Applicera produkten p\u00e5 enskilda paneler och sk\u00f6lj av dem innan du b\u00f6rjar med n\u00e4sta. L\u00e5t inte produkten torka in! Om ytan redan \u00e4r mycket hydrofob kan du dessutom sprida produkten med en mikrofiberduk. Kom ih\u00e5g att torka bilen ordentligt.<\/p>\n","protected":false},"excerpt":{"rendered":"<p>6Bead Prince \u00e4r en mycket hydrofob produkt baserad p\u00e5 SiO2 f\u00f6r applicering p\u00e5 v\u00e5ta bilytor. Perfekt f\u00f6r anv\u00e4ndning som frist\u00e5ende skydd och f\u00f6rst\u00e4rkning av vaxer och skyddande behandlingar, vilket ytterligare \u00f6kar den hydrofobiska effekten.<\/p>\n","protected":false},"featured_media":20175,"comment_status":"open","ping_status":"closed","template":"","meta":[],"etheme_brands":[{"term_id":410,"name":"Ultracoat","slug":"ultracoat","term_group":0,"term_taxonomy_id":410,"taxonomy":"brand","description":"","parent":0,"count":79,"filter":"raw"}],"product_brand":[384],"product_cat":[210],"product_tag":[],"class_list":{"0":"post-20174","1":"product","2":"type-product","3":"status-publish","4":"has-post-thumbnail","6":"brand-ultracoat","7":"product_brand-ultracoat","8":"product_cat-keramiska-lackskydd","10":"first","11":"instock","12":"sale","13":"taxable","14":"shipping-taxable","15":"purchasable","16":"product-type-simple"},"_links":{"self":[{"href":"https:\/\/streetpower-rekond.se\/newsite\/sv\/wp-json\/wp\/v2\/product\/20174","targetHints":{"allow":["GET"]}}],"collection":[{"href":"https:\/\/streetpower-rekond.se\/newsite\/sv\/wp-json\/wp\/v2\/product"}],"about":[{"href":"https:\/\/streetpower-rekond.se\/newsite\/sv\/wp-json\/wp\/v2\/types\/product"}],"replies":[{"embeddable":true,"href":"https:\/\/streetpower-rekond.se\/newsite\/sv\/wp-json\/wp\/v2\/comments?post=20174"}],"version-history":[{"count":2,"href":"https:\/\/streetpower-rekond.se\/newsite\/sv\/wp-json\/wp\/v2\/product\/20174\/revisions"}],"predecessor-version":[{"id":23137,"href":"https:\/\/streetpower-rekond.se\/newsite\/sv\/wp-json\/wp\/v2\/product\/20174\/revisions\/23137"}],"wp:featuredmedia":[{"embeddable":true,"href":"https:\/\/streetpower-rekond.se\/newsite\/sv\/wp-json\/wp\/v2\/media\/20175"}],"wp:attachment":[{"href":"https:\/\/streetpower-rekond.se\/newsite\/sv\/wp-json\/wp\/v2\/media?parent=20174"}],"wp:term":[{"taxonomy":"brand","embeddable":true,"href":"https:\/\/streetpower-rekond.se\/newsite\/sv\/wp-json\/wp\/v2\/etheme_brands?post=20174"},{"taxonomy":"product_brand","embeddable":true,"href":"https:\/\/streetpower-rekond.se\/newsite\/sv\/wp-json\/wp\/v2\/product_brand?post=20174"},{"taxonomy":"product_cat","embeddable":true,"href":"https:\/\/streetpower-rekond.se\/newsite\/sv\/wp-json\/wp\/v2\/product_cat?post=20174"},{"taxonomy":"product_tag","embeddable":true,"href":"https:\/\/streetpower-rekond.se\/newsite\/sv\/wp-json\/wp\/v2\/product_tag?post=20174"}],"curies":[{"name":"wp","href":"https:\/\/api.w.org\/{rel}","templated":true}]}}