{"id":20168,"date":"2025-01-01T06:25:08","date_gmt":"2025-01-01T06:25:08","guid":{"rendered":"https:\/\/streetpower-rekond.se\/newsite\/product\/ultracoat-superior-glass-500-ml\/"},"modified":"2025-04-28T15:54:51","modified_gmt":"2025-04-28T15:54:51","slug":"ultracoat-superior-glass-500-ml","status":"publish","type":"product","link":"https:\/\/streetpower-rekond.se\/newsite\/sv\/product\/ultracoat-superior-glass-500-ml\/","title":{"rendered":"Ultracoat Superior Glass 500 ml"},"content":{"rendered":"<p>Applicera produkten p\u00e5 det torra glaset med en mikrofiberduk.<\/p>\n<p>Arbeta produkten noggrant p\u00e5 den rengjorda ytan.<\/p>\n<p>Polera glaset med den torra sidan av mikrofiberduken.<\/p>\n<p>Upprepa steg 1-3 om det beh\u00f6vs.<\/p>\n<p>Anv\u00e4nd alltid skyddskl\u00e4der och handskar. Arbeta p\u00e5 en sval yta fr\u00e5n direkt solljus. F\u00f6rvaras vid rumstemperatur bort fr\u00e5n direkt solljus.<\/p>\n","protected":false},"excerpt":{"rendered":"<p>Superior Glass \u00e4r ett avancerat glasreng\u00f6rings- och skyddsmedel. Du kommer att bli av med envis smuts i ett steg och ge ytan starka hydrofoba egenskaper som varar upp till flera veckor. Produkten \u00e4r mycket l\u00e4tt att anv\u00e4nda. Det avdunstar snabbt och l\u00e4mnar inga r\u00e4nder. Hydrofoba egenskaper g\u00f6r det l\u00e4ttare att h\u00e5lla f\u00f6nstren rena och f\u00f6rb\u00e4ttrar s\u00e4kerheten n\u00e4r du k\u00f6r i regn. Perfekt f\u00f6r sk\u00f6tsel av glas som skyddas med en keramisk bel\u00e4ggning. Den har en behaglig citron doft.<\/p>\n<p>Enkel och snabb reng\u00f6ring av f\u00f6nster utan r\u00e4nder!<\/p>\n<p>Extremt stark hydrofob effekt<\/p>\n","protected":false},"featured_media":20169,"comment_status":"open","ping_status":"closed","template":"","meta":[],"etheme_brands":[{"term_id":410,"name":"Ultracoat","slug":"ultracoat","term_group":0,"term_taxonomy_id":410,"taxonomy":"brand","description":"","parent":0,"count":79,"filter":"raw"}],"product_brand":[384],"product_cat":[255],"product_tag":[],"class_list":{"0":"post-20168","1":"product","2":"type-product","3":"status-publish","4":"has-post-thumbnail","6":"brand-ultracoat","7":"product_brand-ultracoat","8":"product_cat-glasbehandling","10":"first","11":"instock","12":"sale","13":"taxable","14":"shipping-taxable","15":"purchasable","16":"product-type-simple"},"_links":{"self":[{"href":"https:\/\/streetpower-rekond.se\/newsite\/sv\/wp-json\/wp\/v2\/product\/20168","targetHints":{"allow":["GET"]}}],"collection":[{"href":"https:\/\/streetpower-rekond.se\/newsite\/sv\/wp-json\/wp\/v2\/product"}],"about":[{"href":"https:\/\/streetpower-rekond.se\/newsite\/sv\/wp-json\/wp\/v2\/types\/product"}],"replies":[{"embeddable":true,"href":"https:\/\/streetpower-rekond.se\/newsite\/sv\/wp-json\/wp\/v2\/comments?post=20168"}],"version-history":[{"count":1,"href":"https:\/\/streetpower-rekond.se\/newsite\/sv\/wp-json\/wp\/v2\/product\/20168\/revisions"}],"predecessor-version":[{"id":23068,"href":"https:\/\/streetpower-rekond.se\/newsite\/sv\/wp-json\/wp\/v2\/product\/20168\/revisions\/23068"}],"wp:featuredmedia":[{"embeddable":true,"href":"https:\/\/streetpower-rekond.se\/newsite\/sv\/wp-json\/wp\/v2\/media\/20169"}],"wp:attachment":[{"href":"https:\/\/streetpower-rekond.se\/newsite\/sv\/wp-json\/wp\/v2\/media?parent=20168"}],"wp:term":[{"taxonomy":"brand","embeddable":true,"href":"https:\/\/streetpower-rekond.se\/newsite\/sv\/wp-json\/wp\/v2\/etheme_brands?post=20168"},{"taxonomy":"product_brand","embeddable":true,"href":"https:\/\/streetpower-rekond.se\/newsite\/sv\/wp-json\/wp\/v2\/product_brand?post=20168"},{"taxonomy":"product_cat","embeddable":true,"href":"https:\/\/streetpower-rekond.se\/newsite\/sv\/wp-json\/wp\/v2\/product_cat?post=20168"},{"taxonomy":"product_tag","embeddable":true,"href":"https:\/\/streetpower-rekond.se\/newsite\/sv\/wp-json\/wp\/v2\/product_tag?post=20168"}],"curies":[{"name":"wp","href":"https:\/\/api.w.org\/{rel}","templated":true}]}}