{"id":20149,"date":"2025-01-01T06:15:09","date_gmt":"2025-01-01T06:15:09","guid":{"rendered":"https:\/\/streetpower-rekond.se\/newsite\/product\/ultracoat-iron-500-ml\/"},"modified":"2025-04-01T09:45:25","modified_gmt":"2025-04-01T09:45:25","slug":"ultracoat-iron-500-ml","status":"publish","type":"product","link":"https:\/\/streetpower-rekond.se\/newsite\/sv\/product\/ultracoat-iron-500-ml\/","title":{"rendered":"Ultracoat Iron+ 500 ml"},"content":{"rendered":"<p>Anv\u00e4nd alltid skyddskl\u00e4der och nitrilhandskar.<\/p>\n<p>Produkten fungerar b\u00e4st n\u00e4r den appliceras p\u00e5 en torr yta.<\/p>\n<p>1. Applicera produkten fr\u00e5n botten till toppen.<\/p>\n<p>2. V\u00e4nta tills &#8221;bl\u00f6dningseffekten&#8221; \u00e4r synlig p\u00e5 hela ytan.<\/p>\n<p>3. Vid behov, arbeta runt produkten med en pensel eller en applikatorplatta<\/p>\n<p>4. Sk\u00f6lj av produkten med en h\u00f6gtryckstv\u00e4tt.<\/p>\n<p>Upprepa vid behov 1-4 steg.<\/p>\n<p><img decoding=\"async\" src=\"https:\/\/streetpower-rekond.se\/newsite\/img\/cms\/Faro%20Symboler\/exclam.gif\" alt=\"\" width=\"90\" height=\"90\" title=\"\"><\/p>\n<p>H\u00e4lso- och milj\u00f6farliga \u00e4mnen<\/p>\n<p>Natriumxylensulfonat<\/p>\n<p>Varningstexter<\/p>\n<p>H319 Orsakar allvarlig \u00f6gonirritation.<\/p>\n<p>S\u00e4kerhetsangivelser<\/p>\n<p>P264 Tv\u00e4tta h\u00e4nderna och utsatta delar av kroppen grundligt efter anv\u00e4ndning.<\/p>\n<p>P280 Anv\u00e4nd \u00f6gonskydd.<\/p>\n<p>P305+P351+P338 VID KONTAKT MED \u00d6GONEN: Sk\u00f6lj f\u00f6rsiktigt med vatten i flera minuter.<\/p>\n<p>Ta ur eventuella kontaktlinser om det g\u00e5r l\u00e4tt. Forts\u00e4tt att sk\u00f6lja.<\/p>\n<p>P337+P313 Vid best\u00e5ende \u00f6gonirritation: S\u00f6k l\u00e4karhj\u00e4lp.<\/p>\n","protected":false},"excerpt":{"rendered":"<p>En produkt som \u00e4r avsedd att ta bort metallpartiklar, bromsdamm och flygrost. Produktens geliknande konsistens garanterar en l\u00e5ng aktiv tid. Produkten har en neutral pH -niv\u00e5 som g\u00f6r den s\u00e4ker f\u00f6r lack, hjul, krom, gummi, glas. Det framkallar den v\u00e4lk\u00e4nda effekten av &#8221;bl\u00f6dande hjul&#8221;. Det tr\u00e4nger snabbt och djupt in i ytan, varf\u00f6r slutresultatet av reng\u00f6ringen kan ses bara ett par sekunder efter applicering.<\/p>\n<p>Fin marsipan doft<\/p>\n<p>S\u00e4ker f\u00f6r varje yta tack vare neutralt pH<\/p>\n<p>Perfekt f\u00f6r lack och\u00a0f\u00e4lgar<\/p>\n","protected":false},"featured_media":20150,"comment_status":"open","ping_status":"closed","template":"","meta":[],"etheme_brands":[{"term_id":410,"name":"Ultracoat","slug":"ultracoat","term_group":0,"term_taxonomy_id":410,"taxonomy":"brand","description":"","parent":0,"count":79,"filter":"raw"}],"product_brand":[384],"product_cat":[239],"product_tag":[],"class_list":{"0":"post-20149","1":"product","2":"type-product","3":"status-publish","4":"has-post-thumbnail","6":"brand-ultracoat","7":"product_brand-ultracoat","8":"product_cat-flygrostloesare","10":"first","11":"instock","12":"sale","13":"taxable","14":"shipping-taxable","15":"purchasable","16":"product-type-simple"},"_links":{"self":[{"href":"https:\/\/streetpower-rekond.se\/newsite\/sv\/wp-json\/wp\/v2\/product\/20149","targetHints":{"allow":["GET"]}}],"collection":[{"href":"https:\/\/streetpower-rekond.se\/newsite\/sv\/wp-json\/wp\/v2\/product"}],"about":[{"href":"https:\/\/streetpower-rekond.se\/newsite\/sv\/wp-json\/wp\/v2\/types\/product"}],"replies":[{"embeddable":true,"href":"https:\/\/streetpower-rekond.se\/newsite\/sv\/wp-json\/wp\/v2\/comments?post=20149"}],"version-history":[{"count":1,"href":"https:\/\/streetpower-rekond.se\/newsite\/sv\/wp-json\/wp\/v2\/product\/20149\/revisions"}],"predecessor-version":[{"id":23074,"href":"https:\/\/streetpower-rekond.se\/newsite\/sv\/wp-json\/wp\/v2\/product\/20149\/revisions\/23074"}],"wp:featuredmedia":[{"embeddable":true,"href":"https:\/\/streetpower-rekond.se\/newsite\/sv\/wp-json\/wp\/v2\/media\/20150"}],"wp:attachment":[{"href":"https:\/\/streetpower-rekond.se\/newsite\/sv\/wp-json\/wp\/v2\/media?parent=20149"}],"wp:term":[{"taxonomy":"brand","embeddable":true,"href":"https:\/\/streetpower-rekond.se\/newsite\/sv\/wp-json\/wp\/v2\/etheme_brands?post=20149"},{"taxonomy":"product_brand","embeddable":true,"href":"https:\/\/streetpower-rekond.se\/newsite\/sv\/wp-json\/wp\/v2\/product_brand?post=20149"},{"taxonomy":"product_cat","embeddable":true,"href":"https:\/\/streetpower-rekond.se\/newsite\/sv\/wp-json\/wp\/v2\/product_cat?post=20149"},{"taxonomy":"product_tag","embeddable":true,"href":"https:\/\/streetpower-rekond.se\/newsite\/sv\/wp-json\/wp\/v2\/product_tag?post=20149"}],"curies":[{"name":"wp","href":"https:\/\/api.w.org\/{rel}","templated":true}]}}