{"id":20147,"date":"2025-01-01T06:15:02","date_gmt":"2025-01-01T06:15:02","guid":{"rendered":"https:\/\/streetpower-rekond.se\/newsite\/product\/ultracoat-shampoo-500-ml\/"},"modified":"2025-04-01T09:45:28","modified_gmt":"2025-04-01T09:45:28","slug":"ultracoat-shampoo-500-ml","status":"publish","type":"product","link":"https:\/\/streetpower-rekond.se\/newsite\/sv\/product\/ultracoat-shampoo-500-ml\/","title":{"rendered":"Ultracoat Shampoo+ 500 ml"},"content":{"rendered":"<p>Anv\u00e4nd alltid nitrilhandskar.<\/p>\n<p>Schampo+ fungerar b\u00e4st n\u00e4r det sp\u00e4ds i varmt vatten.<\/p>\n<p>Den starka l\u00f6sningen kan f\u00f6rsvaga prestanda f\u00f6r vaxer och svaga skyddsmedel.<\/p>\n<p>10-15 ml \/ 10 liter vatten f\u00f6r dagligt underh\u00e5ll<\/p>\n<p>50 ml \/ 10 liter vatten f\u00f6r keramiska bel\u00e4ggningstj\u00e4nster och vaxborttagning<\/p>\n<p>1. Sk\u00f6lj bilen med en h\u00f6gtryckstv\u00e4tt.<\/p>\n<p>2. F\u00f6rbered schampoblandningen.<\/p>\n<p>3.Tv\u00e4tta bilen fr\u00e5n topp till botten med mjuk tv\u00e4ttvante.<\/p>\n<p>4. Sk\u00f6lj bilen med en h\u00f6gtryckstv\u00e4tt.<\/p>\n<p><img decoding=\"async\" src=\"https:\/\/streetpower-rekond.se\/newsite\/img\/cms\/Faro%20Symboler\/exclam.gif\" alt=\"\" width=\"90\" height=\"90\" title=\"\"><\/p>\n<p>H\u00e4lso- och milj\u00f6farliga \u00e4mnen<\/p>\n<p>Sulphonic acids, C14-16-hydroxy alkene and C14-16-alkene, sodium salts<\/p>\n<p>reaktionsblandning av: 5-klor-2-metyl-4-isotiazolin-3-on [EG-nr 247-500-7] och 2-metyl-2H-isotiazol-3-on [EG-nr 220-239-6] (3:1)<\/p>\n<p>Varningstexter<\/p>\n<p>H315 Irriterar huden.<\/p>\n<p>H319 Orsakar allvarlig \u00f6gonirritation.<\/p>\n<p>S\u00e4kerhetsangivelser<\/p>\n<p>P101 Ha f\u00f6rpackningen eller etiketten till hands om du m\u00e5ste s\u00f6ka l\u00e4karv\u00e5rd.<\/p>\n<p>P102 F\u00f6rvaras o\u00e5tkomligt f\u00f6r barn.<\/p>\n<p>P264 Tv\u00e4tta h\u00e4nderna och utsatta delar av kroppen grundligt efter anv\u00e4ndning.<\/p>\n<p>P280 Anv\u00e4nd skyddshandskar\/skyddskl\u00e4der\/\u00f6gonskydd\/ansiktsskydd.<\/p>\n<p>P305+P351+P338 VID KONTAKT MED \u00d6GONEN: Sk\u00f6lj f\u00f6rsiktigt med vatten i flera minuter. Ta ur eventuella kontaktlinser om det g\u00e5r l\u00e4tt. Forts\u00e4tt att sk\u00f6lja.<\/p>\n<p>P501Inneh\u00e5llet\/beh\u00e5llaren l\u00e4mnas till enligt g\u00e4llande f\u00f6rordningar.<\/p>\n","protected":false},"excerpt":{"rendered":"<p>Det citrusdoftande och h\u00f6gkoncentrerade bilschampot \u00e4r avsett f\u00f6r aktiv bilreng\u00f6ring. Den har starka avfettningsegenskaper s\u00e5 m\u00e5nga av v\u00e5ra partners anv\u00e4nder den f\u00f6re applicering av lackskydd och vaxer. Det \u00e4r mycket effektivt f\u00f6r att avl\u00e4gsna rester fr\u00e5n polermedel. Det \u00e4r ocks\u00e5 perfekt f\u00f6r underh\u00e5ll av keramiska behandlingningar. Tack vare bra reng\u00f6ringsegenskaper kan den f\u00f6rnya den hydrofoba effekten. Shampoo+ har en fin citrusdoft och det skapar tjockt, l\u00e5ngvarigt skum.<\/p>\n<p>Starka sm\u00f6rjande egenskaper<\/p>\n<p>Perfekt glid mot lacken<\/p>\n<p>Perfekt f\u00f6r keramiska behandlingar<\/p>\n","protected":false},"featured_media":20148,"comment_status":"open","ping_status":"closed","template":"","meta":[],"etheme_brands":[{"term_id":410,"name":"Ultracoat","slug":"ultracoat","term_group":0,"term_taxonomy_id":410,"taxonomy":"brand","description":"","parent":0,"count":79,"filter":"raw"}],"product_brand":[384],"product_cat":[225],"product_tag":[],"class_list":{"0":"post-20147","1":"product","2":"type-product","3":"status-publish","4":"has-post-thumbnail","6":"brand-ultracoat","7":"product_brand-ultracoat","8":"product_cat-schampo","10":"first","11":"instock","12":"sale","13":"taxable","14":"shipping-taxable","15":"purchasable","16":"product-type-simple"},"_links":{"self":[{"href":"https:\/\/streetpower-rekond.se\/newsite\/sv\/wp-json\/wp\/v2\/product\/20147","targetHints":{"allow":["GET"]}}],"collection":[{"href":"https:\/\/streetpower-rekond.se\/newsite\/sv\/wp-json\/wp\/v2\/product"}],"about":[{"href":"https:\/\/streetpower-rekond.se\/newsite\/sv\/wp-json\/wp\/v2\/types\/product"}],"replies":[{"embeddable":true,"href":"https:\/\/streetpower-rekond.se\/newsite\/sv\/wp-json\/wp\/v2\/comments?post=20147"}],"version-history":[{"count":1,"href":"https:\/\/streetpower-rekond.se\/newsite\/sv\/wp-json\/wp\/v2\/product\/20147\/revisions"}],"predecessor-version":[{"id":23075,"href":"https:\/\/streetpower-rekond.se\/newsite\/sv\/wp-json\/wp\/v2\/product\/20147\/revisions\/23075"}],"wp:featuredmedia":[{"embeddable":true,"href":"https:\/\/streetpower-rekond.se\/newsite\/sv\/wp-json\/wp\/v2\/media\/20148"}],"wp:attachment":[{"href":"https:\/\/streetpower-rekond.se\/newsite\/sv\/wp-json\/wp\/v2\/media?parent=20147"}],"wp:term":[{"taxonomy":"brand","embeddable":true,"href":"https:\/\/streetpower-rekond.se\/newsite\/sv\/wp-json\/wp\/v2\/etheme_brands?post=20147"},{"taxonomy":"product_brand","embeddable":true,"href":"https:\/\/streetpower-rekond.se\/newsite\/sv\/wp-json\/wp\/v2\/product_brand?post=20147"},{"taxonomy":"product_cat","embeddable":true,"href":"https:\/\/streetpower-rekond.se\/newsite\/sv\/wp-json\/wp\/v2\/product_cat?post=20147"},{"taxonomy":"product_tag","embeddable":true,"href":"https:\/\/streetpower-rekond.se\/newsite\/sv\/wp-json\/wp\/v2\/product_tag?post=20147"}],"curies":[{"name":"wp","href":"https:\/\/api.w.org\/{rel}","templated":true}]}}