{"id":20139,"date":"2025-01-01T06:14:34","date_gmt":"2025-01-01T06:14:34","guid":{"rendered":"https:\/\/streetpower-rekond.se\/newsite\/product\/ultracoat-scoat-v2-limited-edition-500ml\/"},"modified":"2025-04-01T09:45:35","modified_gmt":"2025-04-01T09:45:35","slug":"ultracoat-scoat-v2-limited-edition-500ml","status":"publish","type":"product","link":"https:\/\/streetpower-rekond.se\/newsite\/sv\/product\/ultracoat-scoat-v2-limited-edition-500ml\/","title":{"rendered":"Ultracoat Scoat v2 &#8211; Limited Edition 500ml"},"content":{"rendered":"<p>Du b\u00f6r inte applicera i direkt solljus.<\/p>\n<p>Anv\u00e4nd alltid rena mikrofiberdukar.<\/p>\n<p>Applicera i bra ljus.<\/p>\n<p>L\u00e4gg till ett extra lager f\u00f6r att f\u00f6rb\u00e4ttra bel\u00e4ggningens prestanda. Du kan g\u00f6ra det snabbt efter att ha applicerat den f\u00f6rsta.<\/p>\n<p>Scoat v2 kr\u00e4ver inte h\u00e4rdning under l\u00e5ng tid. Applicera och k\u00f6r direkt!<\/p>\n<p>Ytan ska vara helt ren och sanerad.<\/p>\n<p>Gamla bel\u00e4ggningar, vaxer och andra skydd m\u00e5ste avl\u00e4gsnas f\u00f6re appliceringen.<\/p>\n<p>Ytan ska maskinpoleras om det finns repor, virvlar eller hologram.<\/p>\n<p>Ytan m\u00e5ste avfettas ordentligt av Ultracoat Wipe It! eller IPA. Vi rekommenderar en andra avfettning f\u00f6r att s\u00e4kerst\u00e4lla att ytan \u00e4r perfekt f\u00f6rberedd f\u00f6r appliceringsprocessen<\/p>\n<p>Spraya produkten p\u00e5 mikrofiberduken och ytan.<\/p>\n<p>Bred ut produkten med en trasa och torka bort \u00f6verskottet f\u00f6r en perfekt finish.<\/p>\n<p>Behandlade ytor \u00e4r redo att anv\u00e4ndas direkt efter applicering<\/p>\n<p>Ett annat s\u00e4tt att anv\u00e4nda Scoat V2 \u00e4r att blanda det 1: 4 med vatten och anv\u00e4nda den som wetcoat efter att ha tv\u00e4ttat bilen.<\/p>\n<p>Spraya direkt p\u00e5 v\u00e5t bil, v\u00e4nta 30 sekunder och sk\u00f6lj. D\u00e5 har du skyddat bilen i 2-3 m\u00e5nader. Kom ih\u00e5g att inte st\u00e5 i solljus under anv\u00e4ndning p\u00e5 detta s\u00e4tt.<\/p>\n<p><img decoding=\"async\" src=\"https:\/\/streetpower-rekond.se\/newsite\/img\/cms\/Faro%20Symboler\/exclam.gif\" alt=\"\" width=\"90\" height=\"90\" title=\"\"><\/p>\n<p>H\u00e4lso- och milj\u00f6farliga \u00e4mnen<\/p>\n<p>aceton propan-2-ol<\/p>\n<p>Varningstexter<\/p>\n<p>Varningstexter<\/p>\n<p>H319 Orsakar allvarlig \u00f6gonirritation.<\/p>\n<p>H336 Kan g\u00f6ra att man blir d\u00e5sig eller omt\u00f6cknad.<\/p>\n<p>S\u00e4kerhetsangivelser<\/p>\n<p>P101 Ha f\u00f6rpackningen eller etiketten till hands om du m\u00e5ste s\u00f6ka l\u00e4karv\u00e5rd.<\/p>\n<p>P102 F\u00f6rvaras o\u00e5tkomligt f\u00f6r barn.<\/p>\n<p>P264 Tv\u00e4tta h\u00e4nderna och utsatta delar av kroppen grundligt efter anv\u00e4ndning.<\/p>\n<p>P271Anv\u00e4nds endast utomhus eller i v\u00e4l ventilerade utrymmen.<\/p>\n<p>P405 F\u00f6rvaras inl\u00e5st<\/p>\n<p>P501 Inneh\u00e5llet\/beh\u00e5llaren l\u00e4mnas till enligt g\u00e4llade f\u00f6rordningar.<\/p>\n","protected":false},"excerpt":{"rendered":"<p>Begr\u00e4nsad upplaga av v\u00e5r b\u00e4sts\u00e4ljande SiO2 -coatning! H\u00f6g kiseldioxidhalt gjorde produkten \u00e4nnu mer h\u00e5llbar och hydrofob! Den mycket m\u00e5ngsidiga skyddande bel\u00e4ggningen baseras p\u00e5 fluorpolymer och Si02. Det \u00e4r perfekt som en uppfr\u00e4schning av keramiska behandlingar eftersom det ger ytan mycket hydrofoba egenskaper och maximal halhet. Scoat V2 fungerar utm\u00e4rkt som en oberoende behandling och tack vare dess mycket snabba och enkla applicering anv\u00e4nds den ofta ist\u00e4llet f\u00f6r traditionella vaxer. En annan f\u00f6rdel \u00e4r att det inte kr\u00e4ver n\u00e5gon h\u00e4rdningstid, s\u00e5 det \u00e4r bara att applicera &amp; k\u00f6ra. Scoat \u00e4r en perfekt entr\u00e9produkt. \u00c4ven oerfarna bilv\u00e5rdsentusiaster kommer uppskatta hur l\u00e4tt det \u00e4r applicera p\u00e5 sina bilar.<\/p>\n<p>Snabbt och enkelt &#8211; en perfekt ers\u00e4ttning f\u00f6r vaxer<\/p>\n<p>Starka hydrofoba egenskaper<\/p>\n<p>Mycket hal touch<\/p>\n","protected":false},"featured_media":20140,"comment_status":"open","ping_status":"closed","template":"","meta":[],"etheme_brands":[{"term_id":410,"name":"Ultracoat","slug":"ultracoat","term_group":0,"term_taxonomy_id":410,"taxonomy":"brand","description":"","parent":0,"count":79,"filter":"raw"}],"product_brand":[384],"product_cat":[210],"product_tag":[],"class_list":{"0":"post-20139","1":"product","2":"type-product","3":"status-publish","4":"has-post-thumbnail","6":"brand-ultracoat","7":"product_brand-ultracoat","8":"product_cat-keramiska-lackskydd","10":"first","11":"instock","12":"sale","13":"taxable","14":"shipping-taxable","15":"purchasable","16":"product-type-simple"},"_links":{"self":[{"href":"https:\/\/streetpower-rekond.se\/newsite\/sv\/wp-json\/wp\/v2\/product\/20139","targetHints":{"allow":["GET"]}}],"collection":[{"href":"https:\/\/streetpower-rekond.se\/newsite\/sv\/wp-json\/wp\/v2\/product"}],"about":[{"href":"https:\/\/streetpower-rekond.se\/newsite\/sv\/wp-json\/wp\/v2\/types\/product"}],"replies":[{"embeddable":true,"href":"https:\/\/streetpower-rekond.se\/newsite\/sv\/wp-json\/wp\/v2\/comments?post=20139"}],"version-history":[{"count":1,"href":"https:\/\/streetpower-rekond.se\/newsite\/sv\/wp-json\/wp\/v2\/product\/20139\/revisions"}],"predecessor-version":[{"id":22983,"href":"https:\/\/streetpower-rekond.se\/newsite\/sv\/wp-json\/wp\/v2\/product\/20139\/revisions\/22983"}],"wp:featuredmedia":[{"embeddable":true,"href":"https:\/\/streetpower-rekond.se\/newsite\/sv\/wp-json\/wp\/v2\/media\/20140"}],"wp:attachment":[{"href":"https:\/\/streetpower-rekond.se\/newsite\/sv\/wp-json\/wp\/v2\/media?parent=20139"}],"wp:term":[{"taxonomy":"brand","embeddable":true,"href":"https:\/\/streetpower-rekond.se\/newsite\/sv\/wp-json\/wp\/v2\/etheme_brands?post=20139"},{"taxonomy":"product_brand","embeddable":true,"href":"https:\/\/streetpower-rekond.se\/newsite\/sv\/wp-json\/wp\/v2\/product_brand?post=20139"},{"taxonomy":"product_cat","embeddable":true,"href":"https:\/\/streetpower-rekond.se\/newsite\/sv\/wp-json\/wp\/v2\/product_cat?post=20139"},{"taxonomy":"product_tag","embeddable":true,"href":"https:\/\/streetpower-rekond.se\/newsite\/sv\/wp-json\/wp\/v2\/product_tag?post=20139"}],"curies":[{"name":"wp","href":"https:\/\/api.w.org\/{rel}","templated":true}]}}