{"id":20135,"date":"2025-01-01T06:14:20","date_gmt":"2025-01-01T06:14:20","guid":{"rendered":"https:\/\/streetpower-rekond.se\/newsite\/product\/ultracoat-umbrella-50-ml\/"},"modified":"2025-04-01T09:45:42","modified_gmt":"2025-04-01T09:45:42","slug":"ultracoat-umbrella-50-ml","status":"publish","type":"product","link":"https:\/\/streetpower-rekond.se\/newsite\/sv\/product\/ultracoat-umbrella-50-ml\/","title":{"rendered":"Ultracoat Umbrella 50 ml"},"content":{"rendered":"<p>UMBRELLA garanterar s\u00e4kerhet under k\u00f6rning i tuffa f\u00f6rh\u00e5llanden. Den \u201dosynliga torkareffekten\u201d ger tydlig syn och beh\u00f6ver inte anv\u00e4ndas med torkare vid kraftigt regn.<\/p>\n<p>Mycket enkel applicering<\/p>\n<p>L\u00e5ng h\u00e5llbarhet<\/p>\n<p>&#8221;Osynlig torkar&#8221; -effekt<\/p>\n<p>Tips<\/p>\n<p>Du b\u00f6r aldrig applicera coatingen utomhus och i direkt solljus.<\/p>\n<p>De perfekta appliceringsf\u00f6rh\u00e5llandena \u00e4r temperaturer i intervallet 18-22 \u00b0 C och en luftfuktighet p\u00e5 50-70%.<\/p>\n<p>Anv\u00e4nd alltid en ny mikrofiberduk. Du b\u00f6r ha tillr\u00e4ckligt med dessa f\u00f6r att ofta byta dem under applikationen.<\/p>\n<p>Applicera i sm\u00e5 ytor. Vi rekommenderar att panelerna delas upp i sektioner p\u00e5 50 cm x 50 cm f\u00f6r att s\u00e4kerst\u00e4lla en s\u00e4ker och enkel applicering.<\/p>\n<p>Applicera i r\u00e4tt belysning.<\/p>\n<p>Applicera det andra lagret strax efter det f\u00f6rsta f\u00f6r att f\u00f6rb\u00e4ttra coatingens prestanda.<\/p>\n<p>L\u00e4mna behandlingen i minst 24 timmar f\u00f6r att h\u00e4rda helt. Den f\u00f6rsta tv\u00e4tten ska inte g\u00f6ras f\u00f6rr\u00e4n 7 dagar efter applicering<\/p>\n<p>Reng\u00f6r ytan ordentligt<\/p>\n<p>Polera ytan vid behov<\/p>\n<p>Avfetta ytan ordentligt med Ultracoat Wipe It! eller IPA och v\u00e4nta n\u00e5gra minuter tills l\u00f6sningsmedel har avdunstat.<\/p>\n<p>F\u00f6rbered coatingen, appliceringskuddarna och n\u00e5gra mikrofiberdukar.<\/p>\n<p>Fukta kanten p\u00e5 appliceringskudden med produkten.<\/p>\n<p>Applicera p\u00e5 ytan med cross-patch-metoden p\u00e5 50 cm x 50 cm sektioner.<\/p>\n<p>Polera ytan med en mjuk mikrofiberduk omedelbart. L\u00e4gg till ytterligare lager upprepa processen.<\/p>\n<p>L\u00e5t verka i 24 timmar.<\/p>\n<p><img decoding=\"async\" src=\"https:\/\/streetpower-rekond.se\/newsite\/img\/cms\/Faro%20Symboler\/flamme.gif\" alt=\"\" width=\"90\" height=\"90\" title=\"\"><img decoding=\"async\" src=\"https:\/\/streetpower-rekond.se\/newsite\/img\/cms\/Faro%20Symboler\/exclam.gif\" alt=\"\" width=\"90\" height=\"90\" title=\"\"><\/p>\n<p>Varningstexter<\/p>\n<p>H225 Mycket brandfarlig v\u00e4tska och \u00e5nga.<\/p>\n<p>H319 Orsakar allvarlig \u00f6gonirritation.<\/p>\n<p>H336 Kan g\u00f6ra att man blir d\u00e5sig eller omt\u00f6cknad.<\/p>\n<p>S\u00e4kerhetsangivelser<\/p>\n<p>P210 F\u00e5r inte uts\u00e4ttas f\u00f6r v\u00e4rme, heta ytor, gnistor, \u00f6ppen l\u00e5ga eller andra ant\u00e4ndningsk\u00e4llor. R\u00f6kning f\u00f6rbjuden.<\/p>\n<p>P271 Anv\u00e4nds endast utomhus eller i v\u00e4l ventilerade utrymmen.<\/p>\n<p>P305+P351+P338 VID KONTAKT MED \u00d6GONEN: Sk\u00f6lj f\u00f6rsiktigt med vatten i flera minuter. Ta ur eventuella kontaktlinser om det g\u00e5r l\u00e4tt. Forts\u00e4tt att sk\u00f6lja.<\/p>\n<p>P337+P313 Vid best\u00e5ende \u00f6gonirritation: S\u00f6k l\u00e4karhj\u00e4lp.<\/p>\n<p>P405 F\u00f6rvaras inl\u00e5st<\/p>\n","protected":false},"excerpt":{"rendered":"<p>Mycket hydrofob skyddande coating utformad f\u00f6r att skydda alla glasytor. Perfekt f\u00f6r att skydda f\u00f6nsterglas och skapa en &#8221;osynlig torkare&#8221; -effekt. UMBRELLA \u00e4r mycket enkelt och g\u00e5r snabbt att applicera. Tack vare sin formula ger den fantastisk h\u00e5llbarhet. Det ger stor komfort n\u00e4r du k\u00f6r i regn under ca. 25 000 km efter applicering.<\/p>\n","protected":false},"featured_media":20136,"comment_status":"open","ping_status":"closed","template":"","meta":[],"etheme_brands":[{"term_id":410,"name":"Ultracoat","slug":"ultracoat","term_group":0,"term_taxonomy_id":410,"taxonomy":"brand","description":"","parent":0,"count":79,"filter":"raw"}],"product_brand":[384],"product_cat":[255],"product_tag":[],"class_list":{"0":"post-20135","1":"product","2":"type-product","3":"status-publish","4":"has-post-thumbnail","6":"brand-ultracoat","7":"product_brand-ultracoat","8":"product_cat-glasbehandling","10":"first","11":"instock","12":"sale","13":"taxable","14":"shipping-taxable","15":"purchasable","16":"product-type-simple"},"_links":{"self":[{"href":"https:\/\/streetpower-rekond.se\/newsite\/sv\/wp-json\/wp\/v2\/product\/20135","targetHints":{"allow":["GET"]}}],"collection":[{"href":"https:\/\/streetpower-rekond.se\/newsite\/sv\/wp-json\/wp\/v2\/product"}],"about":[{"href":"https:\/\/streetpower-rekond.se\/newsite\/sv\/wp-json\/wp\/v2\/types\/product"}],"replies":[{"embeddable":true,"href":"https:\/\/streetpower-rekond.se\/newsite\/sv\/wp-json\/wp\/v2\/comments?post=20135"}],"version-history":[{"count":1,"href":"https:\/\/streetpower-rekond.se\/newsite\/sv\/wp-json\/wp\/v2\/product\/20135\/revisions"}],"predecessor-version":[{"id":23078,"href":"https:\/\/streetpower-rekond.se\/newsite\/sv\/wp-json\/wp\/v2\/product\/20135\/revisions\/23078"}],"wp:featuredmedia":[{"embeddable":true,"href":"https:\/\/streetpower-rekond.se\/newsite\/sv\/wp-json\/wp\/v2\/media\/20136"}],"wp:attachment":[{"href":"https:\/\/streetpower-rekond.se\/newsite\/sv\/wp-json\/wp\/v2\/media?parent=20135"}],"wp:term":[{"taxonomy":"brand","embeddable":true,"href":"https:\/\/streetpower-rekond.se\/newsite\/sv\/wp-json\/wp\/v2\/etheme_brands?post=20135"},{"taxonomy":"product_brand","embeddable":true,"href":"https:\/\/streetpower-rekond.se\/newsite\/sv\/wp-json\/wp\/v2\/product_brand?post=20135"},{"taxonomy":"product_cat","embeddable":true,"href":"https:\/\/streetpower-rekond.se\/newsite\/sv\/wp-json\/wp\/v2\/product_cat?post=20135"},{"taxonomy":"product_tag","embeddable":true,"href":"https:\/\/streetpower-rekond.se\/newsite\/sv\/wp-json\/wp\/v2\/product_tag?post=20135"}],"curies":[{"name":"wp","href":"https:\/\/api.w.org\/{rel}","templated":true}]}}