{"id":20133,"date":"2025-01-01T06:14:13","date_gmt":"2025-01-01T06:14:13","guid":{"rendered":"https:\/\/streetpower-rekond.se\/newsite\/product\/ultracoat-hydro-hd-30-ml\/"},"modified":"2025-04-01T09:45:45","modified_gmt":"2025-04-01T09:45:45","slug":"ultracoat-hydro-hd-30-ml","status":"publish","type":"product","link":"https:\/\/streetpower-rekond.se\/newsite\/sv\/product\/ultracoat-hydro-hd-30-ml\/","title":{"rendered":"Ultracoat Hydro HD 30 ml"},"content":{"rendered":"<p>Du b\u00f6r aldrig applicera bel\u00e4ggningen utomhus och i direkt solljus.<\/p>\n<p>De perfekta appliceringsf\u00f6rh\u00e5llandena \u00e4r temperaturer i intervallet 18-22 \u00b0 C och en luftfuktighet p\u00e5 50-70%.<\/p>\n<p>Anv\u00e4nd alltid en ny mikrofiberduk. Du b\u00f6r ha tillr\u00e4ckligt med dessa f\u00f6r att ofta \u00e4ndra dem under applikationen.<\/p>\n<p>Applicera p\u00e5 sm\u00e5 ytor. Vi rekommenderar att panelerna delas upp i sektioner p\u00e5 40 cm x 40 cm f\u00f6r att s\u00e4kerst\u00e4lla en s\u00e4ker och enkel applicering.<\/p>\n<p>Om temperaturen \u00e4r h\u00f6gre \u00e4n 25 \u00b0 C g\u00e4ller f\u00f6r mindre sektioner &#8211; 30 cm x 30 cm.<\/p>\n<p>Applicera i r\u00e4tt belysning.<\/p>\n<p>Applicera det andra lagret strax efter det f\u00f6rsta f\u00f6r att f\u00f6rb\u00e4ttra coatingens prestanda.<\/p>\n<p>L\u00e5t ytan vila i minst 30 minuter f\u00f6r att h\u00e4rda.<\/p>\n<p>1st applicator medf\u00f6ljer<\/p>\n<p>Ytan ska vara helt ren och sanerad.<\/p>\n<p>Gamla bel\u00e4ggningar, vaxer och andra skydd m\u00e5ste avl\u00e4gsnas f\u00f6re appliceringen.<\/p>\n<p>Ytan ska maskinpoleras om det finns repor, virvlar eller hologram.<\/p>\n<p>Ytan m\u00e5ste avfettas ordentligt av Ultracoat Wipe It! eller IPA. Vi rekommenderar en andra avfettning f\u00f6r att s\u00e4kerst\u00e4lla att ytan \u00e4r perfekt ren och f\u00f6rberedd f\u00f6r appliceringsprocessen.<\/p>\n<p>Om du applicerar Hydro HD som en topcoat, avfett inte ytan p\u00e5 den nyligen applicerade h\u00e5rda bel\u00e4ggningen.<\/p>\n<p>F\u00f6rbered coatingen, appliceringskuddarna och n\u00e5gra mikrofiberdukar.<\/p>\n<p>Fukta kanten p\u00e5 appliceringskudden med produkten.<\/p>\n<p>Applicera p\u00e5 ytan med cross-patch-metoden p\u00e5 sektioner p\u00e5 40 cm x 40 cm.<\/p>\n<p>Polera ytan med en mjuk mikrofiberduk omedelbart. L\u00e4gg till ytterligare lager upprepa processen<\/p>\n<p><img decoding=\"async\" src=\"https:\/\/streetpower-rekond.se\/newsite\/img\/cms\/Faro%20Symboler\/exclam.gif\" alt=\"\" width=\"90\" height=\"90\" title=\"\"><\/p>\n<p>H315 Irriterar huden.<\/p>\n<p>H319 Orsakar allvarlig \u00f6gonirritation. S\u00e4kerhetsangivelser<\/p>\n<p>P102 F\u00f6rvaras o\u00e5tkomligt f\u00f6r barn.<\/p>\n<p>P103 L\u00e4s etiketten f\u00f6re anv\u00e4ndning.<\/p>\n<p>P262 F\u00e5r inte komma i kontakt med \u00f6gonen, huden eller kl\u00e4derna. P280 Anv\u00e4nd skyddshandskar\/skyddskl\u00e4der\/\u00f6gonskydd\/ansiktsskydd.<\/p>\n<p>P301+P310 VID F\u00d6RT\u00c4RING: Kontakta genast l\u00e4kare.<\/p>\n<p>P305+P351+P338 VID KONTAKT MED \u00d6GONEN: Sk\u00f6lj f\u00f6rsiktigt med vatten i flera minuter. Ta ur eventuella kontaktlinser om det g\u00e5r l\u00e4tt. Forts\u00e4tt att sk\u00f6lja.<\/p>\n","protected":false},"excerpt":{"rendered":"<p>Si02 -baserad skyddande coating med h\u00e5llbarhet upp till 12+ m\u00e5nader. Den har mycket starka hydrofoba egenskaper och tack vare sin mycket snabba och enkla applicering anv\u00e4nds den ofta ist\u00e4llet f\u00f6r vax. Skyddar lack, plast och till och med bildsk\u00e4rmar. Den kan anv\u00e4ndas som en oberoende behandling eller som en toppcoat f\u00f6r Premium Bond 9H eller One och ger dem en mycket hal touch och f\u00f6rb\u00e4ttrar den hydrofoba effekten. Dammet fastnar inte p\u00e5 ytan tack vare antistatiska egenskaper hos Hydro HD, men det handlar inte bara om att vara anv\u00e4ndbart. Bel\u00e4ggningen ger bilen underbar glans som sticker ut din bil fr\u00e5n m\u00e4ngden!<\/p>\n<p>Maximal halhet<\/p>\n<p>Stark kemisk resistens<\/p>\n<p>Superhydrofob<\/p>\n","protected":false},"featured_media":20134,"comment_status":"open","ping_status":"closed","template":"","meta":[],"etheme_brands":[{"term_id":410,"name":"Ultracoat","slug":"ultracoat","term_group":0,"term_taxonomy_id":410,"taxonomy":"brand","description":"","parent":0,"count":79,"filter":"raw"}],"product_brand":[384],"product_cat":[210],"product_tag":[],"class_list":{"0":"post-20133","1":"product","2":"type-product","3":"status-publish","4":"has-post-thumbnail","6":"brand-ultracoat","7":"product_brand-ultracoat","8":"product_cat-keramiska-lackskydd","10":"first","11":"instock","12":"sale","13":"taxable","14":"shipping-taxable","15":"purchasable","16":"product-type-simple"},"_links":{"self":[{"href":"https:\/\/streetpower-rekond.se\/newsite\/sv\/wp-json\/wp\/v2\/product\/20133","targetHints":{"allow":["GET"]}}],"collection":[{"href":"https:\/\/streetpower-rekond.se\/newsite\/sv\/wp-json\/wp\/v2\/product"}],"about":[{"href":"https:\/\/streetpower-rekond.se\/newsite\/sv\/wp-json\/wp\/v2\/types\/product"}],"replies":[{"embeddable":true,"href":"https:\/\/streetpower-rekond.se\/newsite\/sv\/wp-json\/wp\/v2\/comments?post=20133"}],"version-history":[{"count":1,"href":"https:\/\/streetpower-rekond.se\/newsite\/sv\/wp-json\/wp\/v2\/product\/20133\/revisions"}],"predecessor-version":[{"id":22984,"href":"https:\/\/streetpower-rekond.se\/newsite\/sv\/wp-json\/wp\/v2\/product\/20133\/revisions\/22984"}],"wp:featuredmedia":[{"embeddable":true,"href":"https:\/\/streetpower-rekond.se\/newsite\/sv\/wp-json\/wp\/v2\/media\/20134"}],"wp:attachment":[{"href":"https:\/\/streetpower-rekond.se\/newsite\/sv\/wp-json\/wp\/v2\/media?parent=20133"}],"wp:term":[{"taxonomy":"brand","embeddable":true,"href":"https:\/\/streetpower-rekond.se\/newsite\/sv\/wp-json\/wp\/v2\/etheme_brands?post=20133"},{"taxonomy":"product_brand","embeddable":true,"href":"https:\/\/streetpower-rekond.se\/newsite\/sv\/wp-json\/wp\/v2\/product_brand?post=20133"},{"taxonomy":"product_cat","embeddable":true,"href":"https:\/\/streetpower-rekond.se\/newsite\/sv\/wp-json\/wp\/v2\/product_cat?post=20133"},{"taxonomy":"product_tag","embeddable":true,"href":"https:\/\/streetpower-rekond.se\/newsite\/sv\/wp-json\/wp\/v2\/product_tag?post=20133"}],"curies":[{"name":"wp","href":"https:\/\/api.w.org\/{rel}","templated":true}]}}