{"id":20111,"date":"2025-01-01T06:05:10","date_gmt":"2025-01-01T06:05:10","guid":{"rendered":"https:\/\/streetpower-rekond.se\/newsite\/product\/c-rock-permanent-ceramic-coating-30ml\/"},"modified":"2025-03-28T15:53:03","modified_gmt":"2025-03-28T15:53:03","slug":"c-rock-permanent-ceramic-coating-30ml","status":"publish","type":"product","link":"https:\/\/streetpower-rekond.se\/newsite\/sv\/product\/c-rock-permanent-ceramic-coating-30ml\/","title":{"rendered":"C-Rock Permanent Ceramic Coating 30ml"},"content":{"rendered":"<p>Efter avslutat poleringsarbete b\u00f6r ytan alltid kontrolleras f\u00f6r defekter(repor). Annars kommer dessa att vara f\u00f6rslutna och \u00f6vert\u00e4ckta \u00a0av skyddet och kommer att vara sv\u00e5ra att ta bort efter\u00e5t. N\u00e4r ytan \u00e4r klar anv\u00e4nder du PREPARATOR sealing PrePare (art.nr: 11083) f\u00f6r att reng\u00f6ra alla fordonsytor p\u00e5 vilka C-ROCK Permanent Ceramic Coating ska appliceras. F\u00f6r att vara p\u00e5 den s\u00e4kra sidan kan denna process upprepas en g\u00e5ng. Alla oljor, fetter, limrester, silikoner och vaxer m\u00e5ste avl\u00e4gsnas!<\/p>\n<p>Det f\u00f6rsta steget \u00e4r att linda mikrofiberduken runt applikationssvampen. Placera applikatorn centralt p\u00e5 SCHOLL Concepts -logotypen p\u00e5 mikrofiberduken och fixera alla fyra \u00e4ndarna av duken i skumsp\u00e5ret<\/p>\n<p>Flaskan C-ROCK Permanent Ceramic Coating m\u00e5ste skakas v\u00e4l f\u00f6re varje anv\u00e4ndning. Applicera 5-10 droppar p\u00e5 applikatorens stora, mikrofiberbelagda sida.<\/p>\n<p>Anv\u00e4nd sedan applikatorn f\u00f6r att applicera v\u00e4tskan j\u00e4mnt p\u00e5 lackytan i ett tv\u00e4rg\u00e5ende m\u00f6nster. Inget omr\u00e5de b\u00f6r utel\u00e4mnas och en homogen film ska bildas. Sj\u00e4lva tv\u00e4rg\u00e5ende r\u00f6relse f\u00e5r inte \u00f6verstiga en appliceringsyta p\u00e5 mer \u00e4n 60 \u00d7 60 cm.<\/p>\n<p>Efter applicering beh\u00f6ver C-ROCK Permanent Ceramic Coating en kort h\u00e4rdningstid p\u00e5 cirka 3-5 minuter. F\u00f6r kallare milj\u00f6er eller yttemperaturer rekommenderar vi vanligtvis en l\u00e4ngre h\u00e4rdningstid p\u00e5 upp till 5 &#8211; 6 minuter.<\/p>\n<p>N\u00e4r h\u00e4rdningen \u00e4r klar avl\u00e4gsnas resterna med hj\u00e4lp av en mikrofiberduk (luddfri). N\u00e4r alla v\u00e4tskerester har tagits bort \u00e4r appliceringssteget klart.<\/p>\n<p>Efter applicering och efterf\u00f6ljande avl\u00e4gsnande av v\u00e4tskeresterna b\u00f6rjar torkningsfasen. Under denna fas b\u00f6r du inte flytta ditt fordon med risk f\u00f6r fukt. L\u00e5t skyddet vila i 24 timmar. De viktigaste timmarna \u00e4r de f\u00f6rsta 9, Inom denna tidsram b\u00f6r ditt fordon inte uts\u00e4ttas f\u00f6r fukt! En vindskyddad och t\u00e4ckt parkeringsplats \u00e4r f\u00f6rdelaktigt. Efter 9 timmar \u00e4r den mest k\u00e4nsliga fasen \u00f6ver. Dock b\u00f6r du v\u00e4nta 24 timmar innan du flyttar ditt fordon utomhus f\u00f6r att uppn\u00e5 en v\u00e4derbest\u00e4ndig h\u00e5rdhet.<\/p>\n<p>Du kan g\u00f6ra den f\u00f6rsta tv\u00e4tten av din bil efter 7 dagar.<\/p>\n<p>Faroangivelser<\/p>\n<p>H302 Skadligt vid f\u00f6rt\u00e4ring.<\/p>\n<p>H314 Orsakar allvarliga fr\u00e4tskador p\u00e5 hud och \u00f6gon.<\/p>\n<p>H412 Skadliga l\u00e5ngtidseffekter f\u00f6r vattenlevande organismer.<\/p>\n<p>Skyddsangivelser<\/p>\n<p>P102 F\u00f6rvaras o\u00e5tkomligt f\u00f6r barn.<\/p>\n<p>P264 Tv\u00e4tta h\u00e4nderna grundligt efter anv\u00e4ndning.<\/p>\n<p>P273 Undvik utsl\u00e4pp till milj\u00f6n.<\/p>\n<p>P280 Anv\u00e4nd skyddshandskar\/skyddskl\u00e4der\/\u00f6gonskydd\/ansiktsskydd\/h\u00f6rselskydd. P301+P330+P331 VID F\u00d6RT\u00c4RING: Sk\u00f6lj munnen. Framkalla INTE kr\u00e4kning.<\/p>\n<p>P312 Vid obehag, kontakta GIFTINFORMATIONSCENTRALEN\/l\u00e4kare.<\/p>\n<p>P302+P352 VID HUDKONTAKT: Tv\u00e4tta med mycket vatten.<\/p>\n<p>P305+P351+P338 VID KONTAKT MED \u00d6GONEN: Sk\u00f6lj f\u00f6rsiktigt med vatten i flera minuter. Ta ur eventuella<\/p>\n<p>kontaktlinser om det g\u00e5r l\u00e4tt. Forts\u00e4tt att sk\u00f6lja. P337+P313 Vid best\u00e5ende \u00f6gonirritation: S\u00f6k l\u00e4karhj\u00e4lp.<\/p>\n<p>P501 Bortskaffa avfallet enligt till\u00e4mplig lagstiftning<\/p>\n","protected":false},"excerpt":{"rendered":"<p>Skydda din bil mot slitage orsakat av UV -str\u00e5lning, korrosion och smuts av olika slag. C-ROCK Permanent Ceramic Coating erbjuder skydd mot milj\u00f6p\u00e5verkan som varar upp till 50 000 km och minskar risken att smuts biter fast i lacken. Ett enormt l\u00e5ngvarigt skydd med en h\u00e5rdhetsgrad p\u00e5 9H och en utm\u00e4rkt p\u00e4rleffekt (hydrofob) tillsammans med Easy Clean-formeln kommer garanterat att \u00f6vertyga dig.<\/p>\n<p>Paketet inneh\u00e5ller;<\/p>\n<p>C-ROCK Permanent keramisk bel\u00e4ggning 30 ml (1x)<\/p>\n<p>Skumapplikator \u00d8 80mm (1x)<\/p>\n<p>Keramisk mikrofiberduk 20 \u00d7 20 cm (5x)<\/p>\n<p>Anv\u00e4ndarmanual<\/p>\n","protected":false},"featured_media":20112,"comment_status":"open","ping_status":"closed","template":"","meta":[],"etheme_brands":[{"term_id":403,"name":"Scholl Concept","slug":"scholl-concept","term_group":0,"term_taxonomy_id":403,"taxonomy":"brand","description":"","parent":0,"count":34,"filter":"raw"}],"product_brand":[423],"product_cat":[210],"product_tag":[],"class_list":{"0":"post-20111","1":"product","2":"type-product","3":"status-publish","4":"has-post-thumbnail","6":"brand-scholl-concept","7":"product_brand-scholl-concept","8":"product_cat-keramiska-lackskydd","10":"first","11":"instock","12":"taxable","13":"shipping-taxable","14":"purchasable","15":"product-type-simple"},"_links":{"self":[{"href":"https:\/\/streetpower-rekond.se\/newsite\/sv\/wp-json\/wp\/v2\/product\/20111","targetHints":{"allow":["GET"]}}],"collection":[{"href":"https:\/\/streetpower-rekond.se\/newsite\/sv\/wp-json\/wp\/v2\/product"}],"about":[{"href":"https:\/\/streetpower-rekond.se\/newsite\/sv\/wp-json\/wp\/v2\/types\/product"}],"replies":[{"embeddable":true,"href":"https:\/\/streetpower-rekond.se\/newsite\/sv\/wp-json\/wp\/v2\/comments?post=20111"}],"version-history":[{"count":1,"href":"https:\/\/streetpower-rekond.se\/newsite\/sv\/wp-json\/wp\/v2\/product\/20111\/revisions"}],"predecessor-version":[{"id":22987,"href":"https:\/\/streetpower-rekond.se\/newsite\/sv\/wp-json\/wp\/v2\/product\/20111\/revisions\/22987"}],"wp:featuredmedia":[{"embeddable":true,"href":"https:\/\/streetpower-rekond.se\/newsite\/sv\/wp-json\/wp\/v2\/media\/20112"}],"wp:attachment":[{"href":"https:\/\/streetpower-rekond.se\/newsite\/sv\/wp-json\/wp\/v2\/media?parent=20111"}],"wp:term":[{"taxonomy":"brand","embeddable":true,"href":"https:\/\/streetpower-rekond.se\/newsite\/sv\/wp-json\/wp\/v2\/etheme_brands?post=20111"},{"taxonomy":"product_brand","embeddable":true,"href":"https:\/\/streetpower-rekond.se\/newsite\/sv\/wp-json\/wp\/v2\/product_brand?post=20111"},{"taxonomy":"product_cat","embeddable":true,"href":"https:\/\/streetpower-rekond.se\/newsite\/sv\/wp-json\/wp\/v2\/product_cat?post=20111"},{"taxonomy":"product_tag","embeddable":true,"href":"https:\/\/streetpower-rekond.se\/newsite\/sv\/wp-json\/wp\/v2\/product_tag?post=20111"}],"curies":[{"name":"wp","href":"https:\/\/api.w.org\/{rel}","templated":true}]}}