{"id":20083,"date":"2025-01-01T05:55:30","date_gmt":"2025-01-01T05:55:30","guid":{"rendered":"https:\/\/streetpower-rekond.se\/newsite\/product\/w6-black-coatwax-500ml\/"},"modified":"2025-04-22T06:27:05","modified_gmt":"2025-04-22T06:27:05","slug":"w6-black-coatwax-500ml","status":"publish","type":"product","link":"https:\/\/streetpower-rekond.se\/newsite\/sv\/product\/w6-black-coatwax-500ml\/","title":{"rendered":"W6 Black COATWAX 500ml"},"content":{"rendered":"<div class=\"page\" title=\"Page 1\">\n<div class=\"layoutArea\">\n<div class=\"column\">\n<p><span style=\"font-size: 9pt; font-family: Arial;\">Sa\u0308kerhetsdatablad finns att rekvirera.<\/span><\/p>\n<\/div>\n<\/div>\n<\/div>\n<p><span style=\"font-family: Helvetica; font-size: 12px;\">Applicering;<\/span><br style=\"font-family: Helvetica; font-size: 12px;\" \/><span style=\"font-family: Helvetica; font-size: 12px;\">F\u00f6r repiga lackytor rekommenderar vi en f\u00f6rbehandling med v\u00e5ra premium polermedel.<\/span><br style=\"font-family: Helvetica; font-size: 12px;\" \/><span style=\"font-family: Helvetica; font-size: 12px;\">Innan W6 Black appliceras b\u00f6r ytan inte \u00f6verstiga 30 \u00b0 C, vara torr och dammfri. En manuell applicering g\u00f6rs b\u00e4st med v\u00e5r l\u00e4ttanv\u00e4nda, svarta applikationspuck med mjuka cirkelr\u00f6relser. F\u00f6r maskinbearbetning med polermaskiner rekommenderar vi att du applicerar premiumskyddet W6 Black med v\u00e5r SOFTouch WAFFLE PAD BLACK.<\/span><br style=\"font-family: Helvetica; font-size: 12px;\" \/><span style=\"font-family: Helvetica; font-size: 12px;\">Efter en torktid p\u00e5 3 &#8211; 5 minuter kan skyddsresterna enkelt torkas av med microfiberduk. Tack vare den speciella anv\u00e4ndarv\u00e4nliga formuleringen, kan W6 Black ocks\u00e5 enkelt torkas av \u00e4ven efter en l\u00e4ngre (h\u00e4rdning) tid.<\/span><br style=\"font-family: Helvetica; font-size: 12px;\" \/><span style=\"font-family: Helvetica; font-size: 12px;\">F\u00f6r oss \u00e4r det en revolution!<\/span><br style=\"font-family: Helvetica; font-size: 12px;\" \/><span style=\"font-family: Helvetica; font-size: 12px;\">Prova bara &#8230;<\/span><\/p>\n<p><span style=\"font-family: Helvetica; font-size: 12px;\"><img fetchpriority=\"high\" decoding=\"async\" src=\"https:\/\/streetpower-rekond.se\/newsite\/img\/cms\/W6_Black_Flyer_EN.jpg\" alt=\"\" width=\"900\" height=\"1269\" title=\"\"><\/span><\/p>\n","protected":false},"excerpt":{"rendered":"<p>W6 Black \u00e4r en ny generation av h\u00f6gpresterande vax med extremt l\u00e5ng skyddseffekt och mycket god best\u00e4ndighet mot alkaliska reng\u00f6ringsmedel och milj\u00f6p\u00e5verkan.<\/p>\n<p>Hittills har detta h\u00f6ga motst\u00e5nd endast varit k\u00e4nt fr\u00e5n permanenta Sio2 lackskydd (keramiska bel\u00e4ggningar).<\/p>\n<p>P\u00e5 grund av sin unika formulering, baserad p\u00e5 h\u00f6gkvalitativa syntetiska och naturliga ingredienser, \u00f6vertygar W6 Black med enast\u00e5ende hydrofoba effekter,<\/p>\n<p>som s\u00e4kerst\u00e4ller en perfekt smutsavst\u00f6tande effekt.<\/p>\n<p>Den lysande djupa glansen och den enkla hanteringen &#8211; b\u00e5de f\u00f6r hand och maskin &#8211; k\u00e4nnetecknar produkten och kommer att inspirera dig.<\/p>\n","protected":false},"featured_media":20084,"comment_status":"open","ping_status":"closed","template":"","meta":[],"etheme_brands":[],"product_brand":[],"product_cat":[208],"product_tag":[],"class_list":{"0":"post-20083","1":"product","2":"type-product","3":"status-publish","4":"has-post-thumbnail","6":"product_cat-lackskydd-vax","8":"first","9":"instock","10":"taxable","11":"shipping-taxable","12":"purchasable","13":"product-type-simple"},"_links":{"self":[{"href":"https:\/\/streetpower-rekond.se\/newsite\/sv\/wp-json\/wp\/v2\/product\/20083","targetHints":{"allow":["GET"]}}],"collection":[{"href":"https:\/\/streetpower-rekond.se\/newsite\/sv\/wp-json\/wp\/v2\/product"}],"about":[{"href":"https:\/\/streetpower-rekond.se\/newsite\/sv\/wp-json\/wp\/v2\/types\/product"}],"replies":[{"embeddable":true,"href":"https:\/\/streetpower-rekond.se\/newsite\/sv\/wp-json\/wp\/v2\/comments?post=20083"}],"version-history":[{"count":0,"href":"https:\/\/streetpower-rekond.se\/newsite\/sv\/wp-json\/wp\/v2\/product\/20083\/revisions"}],"wp:featuredmedia":[{"embeddable":true,"href":"https:\/\/streetpower-rekond.se\/newsite\/sv\/wp-json\/wp\/v2\/media\/20084"}],"wp:attachment":[{"href":"https:\/\/streetpower-rekond.se\/newsite\/sv\/wp-json\/wp\/v2\/media?parent=20083"}],"wp:term":[{"taxonomy":"brand","embeddable":true,"href":"https:\/\/streetpower-rekond.se\/newsite\/sv\/wp-json\/wp\/v2\/etheme_brands?post=20083"},{"taxonomy":"product_brand","embeddable":true,"href":"https:\/\/streetpower-rekond.se\/newsite\/sv\/wp-json\/wp\/v2\/product_brand?post=20083"},{"taxonomy":"product_cat","embeddable":true,"href":"https:\/\/streetpower-rekond.se\/newsite\/sv\/wp-json\/wp\/v2\/product_cat?post=20083"},{"taxonomy":"product_tag","embeddable":true,"href":"https:\/\/streetpower-rekond.se\/newsite\/sv\/wp-json\/wp\/v2\/product_tag?post=20083"}],"curies":[{"name":"wp","href":"https:\/\/api.w.org\/{rel}","templated":true}]}}