{"id":20058,"date":"2025-01-01T05:54:16","date_gmt":"2025-01-01T05:54:16","guid":{"rendered":"https:\/\/streetpower-rekond.se\/newsite\/product\/viking-heavy-cut-pad-140-x-25mm\/"},"modified":"2025-04-24T12:43:19","modified_gmt":"2025-04-24T12:43:19","slug":"viking-heavy-cut-pad-140-x-25mm","status":"publish","type":"product","link":"https:\/\/streetpower-rekond.se\/newsite\/sv\/product\/viking-heavy-cut-pad-140-x-25mm\/","title":{"rendered":"VIKING Heavy Cut Pad 140 x 25mm"},"content":{"rendered":"<p dir=\"auto\" data-pm-slice=\"1 1 []\">VIKING Heavy Cut Pad 140 x 25mm \u2013 din b\u00e4sta v\u00e4n f\u00f6r h\u00f6gkvalitativ ytbearbetning! Denna h\u00e5rda polersvamp av premiumkvalitet \u00e4r designad f\u00f6r att ge exceptionell avverkning p\u00e5 b\u00e5de h\u00e5rda och mjuka lacker. Med en medium avverkning f\u00f6r h\u00e5rda lacker och grov avverkning f\u00f6r mjuka lacker, erbjuder denna svamp en m\u00e5ngsidighet som g\u00f6r den oumb\u00e4rlig i ditt poleringskit.<\/p>\n<p>F\u00f6rb\u00e4ttrad velour kant och avfasade i \u00f6vre kanten<\/p>\n<p>L\u00e5ng livsl\u00e4ngd och f\u00f6rb\u00e4ttrad v\u00e4rmeavledning<\/p>\n<p>M\u00e5tt<\/p>\n<p>Ytterdiameter: 140 mm<\/p>\n<p>Innerdiameter : 125 mm<\/p>\n<p>H\u00f6jd: 25 mm<\/p>\n<p>Centrum h\u00e5l: 20 mm<\/p>\n<p>Vikt: 22 gram<\/p>\n<p>F\u00f6r anv\u00e4ndning med oscillerande polermaskiner (DA)<\/p>\n<p>Sk\u00f6tselr\u00e5d polerrondeller<\/p>\n<p>Reng\u00f6rs smidigt genom att bl\u00e5sa rent med tryckluft eller med en borste<\/p>\n<p dir=\"auto\" data-pm-slice=\"1 1 []\">Tveka inte \u2013 investera i VIKING Heavy Cut Pad idag och upplev skillnaden sj\u00e4lv!<\/p>\n","protected":false},"excerpt":{"rendered":"<p>VIKING Heavy Cut Pad 140 x 25mm \u2013 din b\u00e4sta v\u00e4n f\u00f6r h\u00f6gkvalitativ ytbearbetning! Denna h\u00e5rda polersvamp av premiumkvalitet \u00e4r designad f\u00f6r att ge exceptionell avverkning p\u00e5 b\u00e5de medium och mjuka lacker.<\/p>\n<p>Avverkning<\/p>\n<p>H\u00e5rd lack : Medium<\/p>\n<p>Medium lack: Grov<\/p>\n<p>Mjuk lack : Grov<\/p>\n","protected":false},"featured_media":23298,"comment_status":"open","ping_status":"closed","template":"","meta":[],"etheme_brands":[{"term_id":389,"name":"VIKING PADS","slug":"viking-pads","term_group":0,"term_taxonomy_id":389,"taxonomy":"brand","description":"","parent":0,"count":30,"filter":"raw"}],"product_brand":[386],"product_cat":[207],"product_tag":[],"class_list":{"0":"post-20058","1":"product","2":"type-product","3":"status-publish","4":"has-post-thumbnail","6":"brand-viking-pads","7":"product_brand-viking-pads","8":"product_cat-skumtrissor-135-145-mm","10":"first","11":"instock","12":"taxable","13":"shipping-taxable","14":"purchasable","15":"product-type-simple"},"_links":{"self":[{"href":"https:\/\/streetpower-rekond.se\/newsite\/sv\/wp-json\/wp\/v2\/product\/20058","targetHints":{"allow":["GET"]}}],"collection":[{"href":"https:\/\/streetpower-rekond.se\/newsite\/sv\/wp-json\/wp\/v2\/product"}],"about":[{"href":"https:\/\/streetpower-rekond.se\/newsite\/sv\/wp-json\/wp\/v2\/types\/product"}],"replies":[{"embeddable":true,"href":"https:\/\/streetpower-rekond.se\/newsite\/sv\/wp-json\/wp\/v2\/comments?post=20058"}],"version-history":[{"count":1,"href":"https:\/\/streetpower-rekond.se\/newsite\/sv\/wp-json\/wp\/v2\/product\/20058\/revisions"}],"predecessor-version":[{"id":23277,"href":"https:\/\/streetpower-rekond.se\/newsite\/sv\/wp-json\/wp\/v2\/product\/20058\/revisions\/23277"}],"wp:featuredmedia":[{"embeddable":true,"href":"https:\/\/streetpower-rekond.se\/newsite\/sv\/wp-json\/wp\/v2\/media\/23298"}],"wp:attachment":[{"href":"https:\/\/streetpower-rekond.se\/newsite\/sv\/wp-json\/wp\/v2\/media?parent=20058"}],"wp:term":[{"taxonomy":"brand","embeddable":true,"href":"https:\/\/streetpower-rekond.se\/newsite\/sv\/wp-json\/wp\/v2\/etheme_brands?post=20058"},{"taxonomy":"product_brand","embeddable":true,"href":"https:\/\/streetpower-rekond.se\/newsite\/sv\/wp-json\/wp\/v2\/product_brand?post=20058"},{"taxonomy":"product_cat","embeddable":true,"href":"https:\/\/streetpower-rekond.se\/newsite\/sv\/wp-json\/wp\/v2\/product_cat?post=20058"},{"taxonomy":"product_tag","embeddable":true,"href":"https:\/\/streetpower-rekond.se\/newsite\/sv\/wp-json\/wp\/v2\/product_tag?post=20058"}],"curies":[{"name":"wp","href":"https:\/\/api.w.org\/{rel}","templated":true}]}}