{"id":20051,"date":"2025-01-01T05:45:41","date_gmt":"2025-01-01T05:45:41","guid":{"rendered":"https:\/\/streetpower-rekond.se\/newsite\/product\/viking-heavy-cut-pad-90-x-25mm\/"},"modified":"2025-04-03T18:55:14","modified_gmt":"2025-04-03T18:55:14","slug":"viking-heavy-cut-pad-90-x-25mm","status":"publish","type":"product","link":"https:\/\/streetpower-rekond.se\/newsite\/sv\/product\/viking-heavy-cut-pad-90-x-25mm\/","title":{"rendered":"VIKING Heavy Cut Pad 90 x 25mm"},"content":{"rendered":"<p><img decoding=\"async\" src=\"https:\/\/streetpower-rekond.se\/newsite\/img\/cms\/VikingWTrans.png\" alt=\"\" width=\"200\" height=\"93\" title=\"\"><\/p>\n<p>H\u00e5rd polersvamp med mycket h\u00f6g avverkning<\/p>\n<p>L\u00e5ng livsl\u00e4ngd och f\u00f6rb\u00e4ttrad v\u00e4rmeavledning<\/p>\n<p>M\u00e5tt<\/p>\n<p>Ytterdiameter: 90 mm<\/p>\n<p>Innerdiameter : 75 mm<\/p>\n<p>H\u00f6jd: 25 mm<\/p>\n<p>Centrum h\u00e5l: 20 mm<\/p>\n<p>Vikt: 22 gram<\/p>\n<p>F\u00f6r anv\u00e4ndning med oscillerande polermaskiner (DA)<\/p>\n<p>Sk\u00f6tselr\u00e5d polerrondeller<\/p>\n<p>Reng\u00f6rs smidigt genom att bl\u00e5sa rent med tryckluft<\/p>\n<p style=\"margin-top: 0px; margin-bottom: 10px; color: #ffffff; font-family: Poppins, Arial, Helvetica, sans-serif; font-size: 13px;\"><img fetchpriority=\"high\" decoding=\"async\" src=\"https:\/\/streetpower-rekond.se\/newsite\/img\/cms\/VikingData.png\" alt=\"\" width=\"900\" height=\"400\" title=\"\"><\/p>\n","protected":false},"excerpt":{"rendered":"<p><img decoding=\"async\" src=\"https:\/\/streetpower-rekond.se\/newsite\/img\/cms\/VikingWTrans.png\" alt=\"\" width=\"100\" height=\"47\" \/><\/p>\n<p>H\u00e5rd polersvamp av Premium kvalitet med Heavy Cut\u00a0avverkning<\/p>\n","protected":false},"featured_media":20052,"comment_status":"open","ping_status":"closed","template":"","meta":[],"etheme_brands":[],"product_brand":[],"product_cat":[218],"product_tag":[],"class_list":{"0":"post-20051","1":"product","2":"type-product","3":"status-publish","4":"has-post-thumbnail","6":"product_cat-skumtrissor-80-100-mm","8":"first","9":"instock","10":"taxable","11":"shipping-taxable","12":"purchasable","13":"product-type-simple"},"_links":{"self":[{"href":"https:\/\/streetpower-rekond.se\/newsite\/sv\/wp-json\/wp\/v2\/product\/20051","targetHints":{"allow":["GET"]}}],"collection":[{"href":"https:\/\/streetpower-rekond.se\/newsite\/sv\/wp-json\/wp\/v2\/product"}],"about":[{"href":"https:\/\/streetpower-rekond.se\/newsite\/sv\/wp-json\/wp\/v2\/types\/product"}],"replies":[{"embeddable":true,"href":"https:\/\/streetpower-rekond.se\/newsite\/sv\/wp-json\/wp\/v2\/comments?post=20051"}],"version-history":[{"count":0,"href":"https:\/\/streetpower-rekond.se\/newsite\/sv\/wp-json\/wp\/v2\/product\/20051\/revisions"}],"wp:featuredmedia":[{"embeddable":true,"href":"https:\/\/streetpower-rekond.se\/newsite\/sv\/wp-json\/wp\/v2\/media\/20052"}],"wp:attachment":[{"href":"https:\/\/streetpower-rekond.se\/newsite\/sv\/wp-json\/wp\/v2\/media?parent=20051"}],"wp:term":[{"taxonomy":"brand","embeddable":true,"href":"https:\/\/streetpower-rekond.se\/newsite\/sv\/wp-json\/wp\/v2\/etheme_brands?post=20051"},{"taxonomy":"product_brand","embeddable":true,"href":"https:\/\/streetpower-rekond.se\/newsite\/sv\/wp-json\/wp\/v2\/product_brand?post=20051"},{"taxonomy":"product_cat","embeddable":true,"href":"https:\/\/streetpower-rekond.se\/newsite\/sv\/wp-json\/wp\/v2\/product_cat?post=20051"},{"taxonomy":"product_tag","embeddable":true,"href":"https:\/\/streetpower-rekond.se\/newsite\/sv\/wp-json\/wp\/v2\/product_tag?post=20051"}],"curies":[{"name":"wp","href":"https:\/\/api.w.org\/{rel}","templated":true}]}}