{"id":19999,"date":"2025-01-01T05:23:33","date_gmt":"2025-01-01T05:23:33","guid":{"rendered":"https:\/\/streetpower-rekond.se\/newsite\/product\/premium-topwool-85mm\/"},"modified":"2025-01-12T11:39:53","modified_gmt":"2025-01-12T11:39:53","slug":"premium-topwool-85mm","status":"publish","type":"product","link":"https:\/\/streetpower-rekond.se\/newsite\/sv\/product\/premium-topwool-85mm\/","title":{"rendered":"Premium TopWool 85mm"},"content":{"rendered":"<p>Avverkning: 9\/10<\/p>\n<p>Premium kvalitet med OEM-godk\u00e4nnande<\/p>\n<p>L\u00e4mpligt f\u00f6r anv\u00e4ndning med \u00a0roterande maskiner<\/p>\n<p align=\"left\">Dynorna kan handtv\u00e4ttas eller maskintv\u00e4ttas vid l\u00e5g temperatur (max. 30 \u00b0 C) och l\u00e4mnas f\u00f6r att lufttorka efter\u00e5t<\/p>\n","protected":false},"excerpt":{"rendered":"<p>100Premium TopWool 85mm anv\u00e4nds att minimera v\u00e4rme som alstras underpolering temperaturk\u00e4nsliga lacker<\/p>\n","protected":false},"featured_media":20000,"comment_status":"open","ping_status":"closed","template":"","meta":[],"etheme_brands":[],"product_brand":[],"product_cat":[223],"product_tag":[],"class_list":{"0":"post-19999","1":"product","2":"type-product","3":"status-publish","4":"has-post-thumbnail","6":"product_cat-ulltrissor-85-165-mm","8":"first","9":"instock","10":"taxable","11":"shipping-taxable","12":"purchasable","13":"product-type-simple"},"_links":{"self":[{"href":"https:\/\/streetpower-rekond.se\/newsite\/sv\/wp-json\/wp\/v2\/product\/19999","targetHints":{"allow":["GET"]}}],"collection":[{"href":"https:\/\/streetpower-rekond.se\/newsite\/sv\/wp-json\/wp\/v2\/product"}],"about":[{"href":"https:\/\/streetpower-rekond.se\/newsite\/sv\/wp-json\/wp\/v2\/types\/product"}],"replies":[{"embeddable":true,"href":"https:\/\/streetpower-rekond.se\/newsite\/sv\/wp-json\/wp\/v2\/comments?post=19999"}],"version-history":[{"count":0,"href":"https:\/\/streetpower-rekond.se\/newsite\/sv\/wp-json\/wp\/v2\/product\/19999\/revisions"}],"wp:featuredmedia":[{"embeddable":true,"href":"https:\/\/streetpower-rekond.se\/newsite\/sv\/wp-json\/wp\/v2\/media\/20000"}],"wp:attachment":[{"href":"https:\/\/streetpower-rekond.se\/newsite\/sv\/wp-json\/wp\/v2\/media?parent=19999"}],"wp:term":[{"taxonomy":"brand","embeddable":true,"href":"https:\/\/streetpower-rekond.se\/newsite\/sv\/wp-json\/wp\/v2\/etheme_brands?post=19999"},{"taxonomy":"product_brand","embeddable":true,"href":"https:\/\/streetpower-rekond.se\/newsite\/sv\/wp-json\/wp\/v2\/product_brand?post=19999"},{"taxonomy":"product_cat","embeddable":true,"href":"https:\/\/streetpower-rekond.se\/newsite\/sv\/wp-json\/wp\/v2\/product_cat?post=19999"},{"taxonomy":"product_tag","embeddable":true,"href":"https:\/\/streetpower-rekond.se\/newsite\/sv\/wp-json\/wp\/v2\/product_tag?post=19999"}],"curies":[{"name":"wp","href":"https:\/\/api.w.org\/{rel}","templated":true}]}}