{"id":19982,"date":"2025-01-01T05:15:30","date_gmt":"2025-01-01T05:15:30","guid":{"rendered":"https:\/\/streetpower-rekond.se\/newsite\/product\/degreaser-plus-1l\/"},"modified":"2025-01-11T16:25:06","modified_gmt":"2025-01-11T16:25:06","slug":"degreaser-plus-1l","status":"publish","type":"product","link":"https:\/\/streetpower-rekond.se\/newsite\/sv\/product\/degreaser-plus-1l\/","title":{"rendered":"Degreaser Plus 1L"},"content":{"rendered":"<p>Egenskaper<\/p>\n<p>\u2022 Snabbverkande p\u00e5 asfalt, tj\u00e4ra och vintersmuts<\/p>\n<p>\u2022 Effektiv \u00e4ven p\u00e5 bl\u00f6ta ytor<\/p>\n<p>\u2022 L\u00e5g egendoft<\/p>\n<p>Bruksanvisning<\/p>\n<p>Applicera med l\u00e5gtryck nerifr\u00e5n och upp p\u00e5 sektioner som beh\u00f6ver avfettas.<\/p>\n<p>L\u00e5t produkten verka, men l\u00e5t den inte torka in. (Om den b\u00f6rjar torka in, spraya p\u00e5 mer innan avsk\u00f6ljning.) Sk\u00f6lj med h\u00f6gtryck. Sk\u00f6lj av en sektion i taget.<\/p>\n<p>Applicera ej p\u00e5 varm eller solbelyst yta.<\/p>\n","protected":false},"excerpt":{"rendered":"<p>F\u00f6rst\u00e4rkt l\u00e5garomatiskt kallavfettningsmedel. L\u00f6ser effektivt upp olja, tj\u00e4ra, asfalt och salt,<\/p>\n<p>samtidigt som den \u00e4r skonsam. Fungerar utm\u00e4rkt \u00e4ven p\u00e5 bl\u00f6ta ytor.<\/p>\n","protected":false},"featured_media":19983,"comment_status":"open","ping_status":"closed","template":"","meta":[],"etheme_brands":[],"product_brand":[],"product_cat":[280],"product_tag":[],"class_list":{"0":"post-19982","1":"product","2":"type-product","3":"status-publish","4":"has-post-thumbnail","6":"product_cat-kallavfettning","8":"first","9":"instock","10":"taxable","11":"shipping-taxable","12":"purchasable","13":"product-type-simple"},"_links":{"self":[{"href":"https:\/\/streetpower-rekond.se\/newsite\/sv\/wp-json\/wp\/v2\/product\/19982","targetHints":{"allow":["GET"]}}],"collection":[{"href":"https:\/\/streetpower-rekond.se\/newsite\/sv\/wp-json\/wp\/v2\/product"}],"about":[{"href":"https:\/\/streetpower-rekond.se\/newsite\/sv\/wp-json\/wp\/v2\/types\/product"}],"replies":[{"embeddable":true,"href":"https:\/\/streetpower-rekond.se\/newsite\/sv\/wp-json\/wp\/v2\/comments?post=19982"}],"version-history":[{"count":0,"href":"https:\/\/streetpower-rekond.se\/newsite\/sv\/wp-json\/wp\/v2\/product\/19982\/revisions"}],"wp:featuredmedia":[{"embeddable":true,"href":"https:\/\/streetpower-rekond.se\/newsite\/sv\/wp-json\/wp\/v2\/media\/19983"}],"wp:attachment":[{"href":"https:\/\/streetpower-rekond.se\/newsite\/sv\/wp-json\/wp\/v2\/media?parent=19982"}],"wp:term":[{"taxonomy":"brand","embeddable":true,"href":"https:\/\/streetpower-rekond.se\/newsite\/sv\/wp-json\/wp\/v2\/etheme_brands?post=19982"},{"taxonomy":"product_brand","embeddable":true,"href":"https:\/\/streetpower-rekond.se\/newsite\/sv\/wp-json\/wp\/v2\/product_brand?post=19982"},{"taxonomy":"product_cat","embeddable":true,"href":"https:\/\/streetpower-rekond.se\/newsite\/sv\/wp-json\/wp\/v2\/product_cat?post=19982"},{"taxonomy":"product_tag","embeddable":true,"href":"https:\/\/streetpower-rekond.se\/newsite\/sv\/wp-json\/wp\/v2\/product_tag?post=19982"}],"curies":[{"name":"wp","href":"https:\/\/api.w.org\/{rel}","templated":true}]}}