{"id":19975,"date":"2025-01-01T05:15:06","date_gmt":"2025-01-01T05:15:06","guid":{"rendered":"https:\/\/streetpower-rekond.se\/newsite\/product\/degreaser-wet-tixo-5l\/"},"modified":"2025-04-10T08:41:13","modified_gmt":"2025-04-10T08:41:13","slug":"degreaser-wet-tixo-5l","status":"publish","type":"product","link":"https:\/\/streetpower-rekond.se\/newsite\/sv\/product\/degreaser-wet-tixo-5l\/","title":{"rendered":"Kallavfettning Degreaser Wet Tixo 5L"},"content":{"rendered":"<p class=\"NormalWeb\">Egenskaper<\/p>\n<p class=\"NormalWeb\">\u2022 Fungerar p\u00e5 v\u00e5ta underlag.<\/p>\n<p class=\"NormalWeb\">\u2022 Mycket effektiv och snabbverkande.<\/p>\n<p class=\"NormalWeb\">\u2022 Iaktag f\u00f6rsigtighet med k\u00e4nsliga material \u2022 L\u00e5g egendoft.<\/p>\n<p class=\"NormalWeb\">Bruksanvisning<\/p>\n<p class=\"NormalWeb\">Biltv\u00e4tt<\/p>\n<p class=\"NormalWeb\">\u2022 Om det sitter mycket l\u00f6s smuts p\u00e5 bilen b\u00f6r den sk\u00f6ljas av f\u00f6rst, men det \u00e4r inget krav.<\/p>\n<p class=\"NormalWeb\">\u2022 Applicera alltid Degreaser Tixo nerifr\u00e5n och upp. Det \u00e4r som regel bilens nedre del som beh\u00f6ver avfettning.<\/p>\n<p class=\"NormalWeb\">\u2022 L\u00e5t produkten verka, men l\u00e5t den inte torka in. (Om den b\u00f6rjar torka in, spraya p\u00e5 mer innan du sk\u00f6ljer av.<\/p>\n<p class=\"NormalWeb\">\u2022 Sk\u00f6lj alltid nerifr\u00e5n och upp. Sk\u00f6lj av en sektion i taget.<\/p>\n<p class=\"NormalWeb\">\u2022 Tv\u00e4tta alltid bilen f\u00f6r hand efter avfettning. Motortv\u00e4tt<\/p>\n<p class=\"NormalWeb\">\u2022 Se till att motorn \u00e4r kall.<\/p>\n<p class=\"NormalWeb\">\u2022 T\u00e4ck \u00f6ver k\u00e4nsliga elektriska komponenter som t.ex. generator, med plast- folie eller plastp\u00e5se.<\/p>\n<p class=\"NormalWeb\">\u2022 Spraya hela motorn med Degreaser WET Tixo och l\u00e5t produkten verka.<\/p>\n<p class=\"NormalWeb\">\u2022 Skrubba med en borste d\u00e4r det beh\u00f6vs.<\/p>\n<p class=\"NormalWeb\">\u2022 Sk\u00f6lj sedan av hela motorn med vatten. Om du anv\u00e4nder en h\u00f6gtryckst-<\/p>\n<p class=\"NormalWeb\">v\u00e4tt, ha ordentligt avst\u00e5nd (minst 40 cm)<\/p>\n","protected":false},"excerpt":{"rendered":"<p>Degreaser Wet Tixo \u00e4r en mycket effektiv petroelumbaserad kallavfettning f\u00f6r alla typer av fordon. Den fungerar lika bra p\u00e5 b\u00e5de v\u00e5ta och torra under- lag. Den l\u00f6ser snabbt upp olja, tj\u00e4ra, asfalt och annan smuts.<\/p>\n","protected":false},"featured_media":19976,"comment_status":"open","ping_status":"closed","template":"","meta":[],"etheme_brands":[],"product_brand":[],"product_cat":[280],"product_tag":[],"class_list":{"0":"post-19975","1":"product","2":"type-product","3":"status-publish","4":"has-post-thumbnail","6":"product_cat-kallavfettning","8":"first","9":"instock","10":"sale","11":"taxable","12":"shipping-taxable","13":"purchasable","14":"product-type-simple"},"_links":{"self":[{"href":"https:\/\/streetpower-rekond.se\/newsite\/sv\/wp-json\/wp\/v2\/product\/19975","targetHints":{"allow":["GET"]}}],"collection":[{"href":"https:\/\/streetpower-rekond.se\/newsite\/sv\/wp-json\/wp\/v2\/product"}],"about":[{"href":"https:\/\/streetpower-rekond.se\/newsite\/sv\/wp-json\/wp\/v2\/types\/product"}],"replies":[{"embeddable":true,"href":"https:\/\/streetpower-rekond.se\/newsite\/sv\/wp-json\/wp\/v2\/comments?post=19975"}],"version-history":[{"count":0,"href":"https:\/\/streetpower-rekond.se\/newsite\/sv\/wp-json\/wp\/v2\/product\/19975\/revisions"}],"wp:featuredmedia":[{"embeddable":true,"href":"https:\/\/streetpower-rekond.se\/newsite\/sv\/wp-json\/wp\/v2\/media\/19976"}],"wp:attachment":[{"href":"https:\/\/streetpower-rekond.se\/newsite\/sv\/wp-json\/wp\/v2\/media?parent=19975"}],"wp:term":[{"taxonomy":"brand","embeddable":true,"href":"https:\/\/streetpower-rekond.se\/newsite\/sv\/wp-json\/wp\/v2\/etheme_brands?post=19975"},{"taxonomy":"product_brand","embeddable":true,"href":"https:\/\/streetpower-rekond.se\/newsite\/sv\/wp-json\/wp\/v2\/product_brand?post=19975"},{"taxonomy":"product_cat","embeddable":true,"href":"https:\/\/streetpower-rekond.se\/newsite\/sv\/wp-json\/wp\/v2\/product_cat?post=19975"},{"taxonomy":"product_tag","embeddable":true,"href":"https:\/\/streetpower-rekond.se\/newsite\/sv\/wp-json\/wp\/v2\/product_tag?post=19975"}],"curies":[{"name":"wp","href":"https:\/\/api.w.org\/{rel}","templated":true}]}}