{"id":19970,"date":"2025-01-01T05:14:26","date_gmt":"2025-01-01T05:14:26","guid":{"rendered":"https:\/\/streetpower-rekond.se\/newsite\/product\/recover-advanced-high-gloss-tire-gel-500ml\/"},"modified":"2025-01-12T15:42:22","modified_gmt":"2025-01-12T15:42:22","slug":"recover-advanced-high-gloss-tire-gel-500ml","status":"publish","type":"product","link":"https:\/\/streetpower-rekond.se\/newsite\/sv\/product\/recover-advanced-high-gloss-tire-gel-500ml\/","title":{"rendered":"RECOVER \u2013 ADVANCED HIGH GLOSS TIRE GEL 500ml"},"content":{"rendered":"<p>Applicering:<\/p>\n<p>Reng\u00f6r d\u00e4cket noga<\/p>\n<p>Applicera RECOVER \u2013 ADVANCED HIGH GLOSS TIRE GEL p\u00e5 en l\u00e4mplig applikator<\/p>\n<p>Gnid in d\u00e4cket noga med d\u00e4ckgelen<\/p>\n<p>Efter tre till fyra timmar \u00e4r t\u00e4tningen p\u00e5 d\u00e4cket v\u00e4derbest\u00e4ndig<\/p>\n","protected":false},"excerpt":{"rendered":"<p>RECOVER \u2013 ADVANCED HIGH GLOSS TIRE GEL skapar en extrem glans och t\u00e4tar samtidigt d\u00e4ckens gummiyta.<\/p>\n<p>Den nyutvecklade formeln penetrerar \u00e4ven gummit och skapar stark hydrofobicitet.<\/p>\n","protected":false},"featured_media":19971,"comment_status":"open","ping_status":"closed","template":"","meta":[],"etheme_brands":[],"product_brand":[],"product_cat":[252],"product_tag":[],"class_list":{"0":"post-19970","1":"product","2":"type-product","3":"status-publish","4":"has-post-thumbnail","6":"product_cat-daeckglans","8":"first","9":"instock","10":"taxable","11":"shipping-taxable","12":"purchasable","13":"product-type-simple"},"_links":{"self":[{"href":"https:\/\/streetpower-rekond.se\/newsite\/sv\/wp-json\/wp\/v2\/product\/19970","targetHints":{"allow":["GET"]}}],"collection":[{"href":"https:\/\/streetpower-rekond.se\/newsite\/sv\/wp-json\/wp\/v2\/product"}],"about":[{"href":"https:\/\/streetpower-rekond.se\/newsite\/sv\/wp-json\/wp\/v2\/types\/product"}],"replies":[{"embeddable":true,"href":"https:\/\/streetpower-rekond.se\/newsite\/sv\/wp-json\/wp\/v2\/comments?post=19970"}],"version-history":[{"count":0,"href":"https:\/\/streetpower-rekond.se\/newsite\/sv\/wp-json\/wp\/v2\/product\/19970\/revisions"}],"wp:featuredmedia":[{"embeddable":true,"href":"https:\/\/streetpower-rekond.se\/newsite\/sv\/wp-json\/wp\/v2\/media\/19971"}],"wp:attachment":[{"href":"https:\/\/streetpower-rekond.se\/newsite\/sv\/wp-json\/wp\/v2\/media?parent=19970"}],"wp:term":[{"taxonomy":"brand","embeddable":true,"href":"https:\/\/streetpower-rekond.se\/newsite\/sv\/wp-json\/wp\/v2\/etheme_brands?post=19970"},{"taxonomy":"product_brand","embeddable":true,"href":"https:\/\/streetpower-rekond.se\/newsite\/sv\/wp-json\/wp\/v2\/product_brand?post=19970"},{"taxonomy":"product_cat","embeddable":true,"href":"https:\/\/streetpower-rekond.se\/newsite\/sv\/wp-json\/wp\/v2\/product_cat?post=19970"},{"taxonomy":"product_tag","embeddable":true,"href":"https:\/\/streetpower-rekond.se\/newsite\/sv\/wp-json\/wp\/v2\/product_tag?post=19970"}],"curies":[{"name":"wp","href":"https:\/\/api.w.org\/{rel}","templated":true}]}}