{"id":19959,"date":"2025-01-01T05:13:51","date_gmt":"2025-01-01T05:13:51","guid":{"rendered":"https:\/\/streetpower-rekond.se\/newsite\/product\/rim-7-rim-cleaning-gel-500-ml\/"},"modified":"2025-01-12T11:45:37","modified_gmt":"2025-01-12T11:45:37","slug":"rim-7-rim-cleaning-gel-500-ml","status":"publish","type":"product","link":"https:\/\/streetpower-rekond.se\/newsite\/sv\/product\/rim-7-rim-cleaning-gel-500-ml\/","title":{"rendered":"RIM 7 Rim Cleaning Gel 500 ml"},"content":{"rendered":"<p>Material v\u00e4nlig formul<\/p>\n<p>Den h\u00f6ga viskositeten i RIM 7 f\u00f6rhindrar att produkten rinner av efter applicering och s\u00e4kerst\u00e4ller att RIM7 fungerar d\u00e4r den anv\u00e4nds<\/p>\n<p>Den intelligenta f\u00e4rgf\u00f6r\u00e4ndring &#8211; fr\u00e5n r\u00f6tt till svart &#8211; efter appliceringen visar n\u00e4r RIM7 kan sk\u00f6ljas av<\/p>\n<p>Applicering:<\/p>\n<p>Skaka RIM-7 flaskan kraftigt f\u00f6re anv\u00e4ndning! Spraya p\u00e5 torra f\u00e4lgar fr\u00e5n ett avst\u00e5nd av ca 40 cm tills f\u00e4lgen \u00e4r t\u00e4ckt.<\/p>\n<p>V\u00e4nta i cirka 5 minuter och sk\u00f6lj sedan ordentligt med en kraftig vattenstr\u00e5le.<\/p>\n<p>Reng\u00f6r det mest inbitna bromsdammet med SCHOOL Spider Application Pad eller Rim Engine Brush f\u00f6re sk\u00f6ljning.<\/p>\n<p>F\u00f6r mycket v\u00e4rdefulla eller ovanliga f\u00e4lgar rekommenderar vi att du f\u00f6rst testar l\u00e4mpligheten p\u00e5 en icke synlig yta. Applicera aldrig RIM 7 p\u00e5 heta f\u00e4lgar<\/p>\n<p><img decoding=\"async\" src=\"https:\/\/streetpower-rekond.se\/newsite\/img\/cms\/Faro%20Symboler\/exclam.gif\" alt=\"\" width=\"90\" height=\"90\" title=\"\"><\/p>\n<p><strong><span style=\"color: #d0121a;\">Faroangivelser<\/span><\/strong><\/p>\n<p>H317 Kan orsaka allergisk hudreaktion.<\/p>\n<p><span style=\"color: #d0121a;\"><strong>Skyddsangivelser\u00a0<\/strong><\/span><\/p>\n<p>P261 Undvik att andas in damm\/r\u00f6k\/gaser\/dimma\/\u00e5ngor\/sprej.<\/p>\n<p>P280 Anv\u00e4nd skyddshandskar\/skyddskl\u00e4der\/\u00f6gonskydd\/ansiktsskydd.<\/p>\n<p>P302+P352 VID HUDKONTAKT: Tv\u00e4tta med mycket vatten.<\/p>\n<p>P333+P313 Vid hudirritation eller utslag: S\u00f6k l\u00e4karhj\u00e4lp<\/p>\n","protected":false},"excerpt":{"rendered":"<p>Till skillnad fr\u00e5n traditionella ofta mycket sura hjulreng\u00f6ringsmedel, \u00c4r RIM7 tack vare dess pH-neutral formulering \u00e4r extremt skonsam..<\/p>\n","protected":false},"featured_media":19960,"comment_status":"open","ping_status":"closed","template":"","meta":[],"etheme_brands":[],"product_brand":[],"product_cat":[241],"product_tag":[],"class_list":{"0":"post-19959","1":"product","2":"type-product","3":"status-publish","4":"has-post-thumbnail","6":"product_cat-faelgrengoering","8":"first","9":"instock","10":"taxable","11":"shipping-taxable","12":"purchasable","13":"product-type-simple"},"_links":{"self":[{"href":"https:\/\/streetpower-rekond.se\/newsite\/sv\/wp-json\/wp\/v2\/product\/19959","targetHints":{"allow":["GET"]}}],"collection":[{"href":"https:\/\/streetpower-rekond.se\/newsite\/sv\/wp-json\/wp\/v2\/product"}],"about":[{"href":"https:\/\/streetpower-rekond.se\/newsite\/sv\/wp-json\/wp\/v2\/types\/product"}],"replies":[{"embeddable":true,"href":"https:\/\/streetpower-rekond.se\/newsite\/sv\/wp-json\/wp\/v2\/comments?post=19959"}],"version-history":[{"count":0,"href":"https:\/\/streetpower-rekond.se\/newsite\/sv\/wp-json\/wp\/v2\/product\/19959\/revisions"}],"wp:featuredmedia":[{"embeddable":true,"href":"https:\/\/streetpower-rekond.se\/newsite\/sv\/wp-json\/wp\/v2\/media\/19960"}],"wp:attachment":[{"href":"https:\/\/streetpower-rekond.se\/newsite\/sv\/wp-json\/wp\/v2\/media?parent=19959"}],"wp:term":[{"taxonomy":"brand","embeddable":true,"href":"https:\/\/streetpower-rekond.se\/newsite\/sv\/wp-json\/wp\/v2\/etheme_brands?post=19959"},{"taxonomy":"product_brand","embeddable":true,"href":"https:\/\/streetpower-rekond.se\/newsite\/sv\/wp-json\/wp\/v2\/product_brand?post=19959"},{"taxonomy":"product_cat","embeddable":true,"href":"https:\/\/streetpower-rekond.se\/newsite\/sv\/wp-json\/wp\/v2\/product_cat?post=19959"},{"taxonomy":"product_tag","embeddable":true,"href":"https:\/\/streetpower-rekond.se\/newsite\/sv\/wp-json\/wp\/v2\/product_tag?post=19959"}],"curies":[{"name":"wp","href":"https:\/\/api.w.org\/{rel}","templated":true}]}}