{"id":19941,"date":"2025-01-01T04:57:01","date_gmt":"2025-01-01T04:57:01","guid":{"rendered":"https:\/\/streetpower-rekond.se\/newsite\/product\/spam-5l\/"},"modified":"2025-01-12T10:35:36","modified_gmt":"2025-01-12T10:35:36","slug":"spam-5l","status":"publish","type":"product","link":"https:\/\/streetpower-rekond.se\/newsite\/sv\/product\/spam-5l\/","title":{"rendered":"SPAM 5L"},"content":{"rendered":"<p>SPAM<br \/>\nEtt nyutvecklat universalt reng\u00f6ringsmedel.<br \/>\nSPAM SS har med sin nya formula blivit \u00e4nnu mer anv\u00e4ndarv\u00e4nlig.<br \/>\nReng\u00f6r snabbare och l\u00e4mnar en mild och behaglig doft efter sig.<br \/>\nEfterl\u00e4mnar heller inga rester av produkten.<br \/>\nSPAM har fortfarande samma djupreng\u00f6rande egenskaper som f\u00f6reg\u00e5ngaren.<br \/>\nPerfekt till dom flesta ytor och textiler.<br \/>\nPassar bra till b\u00e5de bil, b\u00e5t, mc, hush\u00e5ll mm.<\/p>\n<p><strong>Ej l\u00e4mplig f\u00f6r reng\u00f6ring av mocka eller Alcantara.<\/strong><\/p>\n<p style=\"font-weight: inherit; font-style: inherit; font-size: 11px; font-family: inherit; vertical-align: baseline; padding: 0px; margin: 0.5em 0px 0.5em 0px; border: 0px;\"><strong style=\"font-weight: bold; font-style: inherit; font-size: 11px; font-family: inherit; vertical-align: baseline; padding: 0px; margin: 0px; border: 0px;\">Reng\u00f6ring i kup\u00e9n:<\/strong><\/p>\n<p style=\"font-weight: inherit; font-style: inherit; font-size: 11px; font-family: inherit; vertical-align: baseline; padding: 0px; margin: 0.5em 0px 0.5em 0px; border: 0px;\">Spray SPAM direkt p\u00e5 en MicroPlus mikrofiberduk f\u00f6r att fukta den. Gnid in alla sl\u00e4ta ytor som, instrumentpanel, d\u00f6rrpaneler, l\u00e4der, krom, etc.<\/p>\n<p style=\"font-weight: inherit; font-style: inherit; font-size: 11px; font-family: inherit; vertical-align: baseline; padding: 0px; margin: 0.5em 0px 0.5em 0px; border: 0px;\">Torka med en ren trasa fuktad med rent vatten.<\/p>\n<p style=\"font-weight: inherit; font-style: inherit; font-size: 11px; font-family: inherit; vertical-align: baseline; padding: 0px; margin: 0.5em 0px 0.5em 0px; border: 0px;\"><strong style=\"font-weight: bold; font-style: inherit; font-size: 11px; font-family: inherit; vertical-align: baseline; padding: 0px; margin: 0px; border: 0px;\">Textilier:<\/strong><\/p>\n<p style=\"font-weight: inherit; font-style: inherit; font-size: 11px; font-family: inherit; vertical-align: baseline; padding: 0px; margin: 0.5em 0px 0.5em 0px; border: 0px;\">Spray SPAM direkt p\u00e5 starkt f\u00f6rorenade ytor gnid sedan i cirkul\u00e4ra r\u00f6relser med en MicroPlus trasa fuktad med rent vatten. Dammsug den uppl\u00f6sta smutsen.<\/p>\n<p style=\"font-weight: inherit; font-style: inherit; font-size: 11px; font-family: inherit; vertical-align: baseline; padding: 0px; margin: 0.5em 0px 0.5em 0px; border: 0px;\"><strong style=\"font-weight: bold; font-style: inherit; font-size: 11px; font-family: inherit; vertical-align: baseline; padding: 0px; margin: 0px; border: 0px;\">Reng\u00f6ring av motorn och motorrummet:<\/strong><\/p>\n<p style=\"font-weight: inherit; font-style: inherit; font-size: 11px; font-family: inherit; vertical-align: baseline; padding: 0px; margin: 0.5em 0px 0.5em 0px; border: 0px;\">Spray SPAM direkt p\u00e5 ytan och v\u00e4nta n\u00e5gra sekunder. Pensla med Rim &amp; Motor borste f\u00f6r att lossa f\u00f6roreningar. Sk\u00f6lj med vatten. Upprepa om det beh\u00f6vs.<\/p>\n<p>Detta medel \u00e4r otroligt effektivt vid reng\u00f6ring av &#8221;koksade&#8221; interna motordelar.<\/p>\n<p>F\u00f6r b\u00e4sta resultat b\u00f6r delen ligga i bl\u00f6t en stund, avl\u00e4gsna sedan f\u00f6roreningarna med en pensel etc.<\/p>\n<p><img decoding=\"async\" src=\"https:\/\/streetpower-rekond.se\/newsite\/img\/cms\/Faro%20Symboler\/acid_red.gif\" alt=\"\" width=\"90\" height=\"90\" title=\"\"><\/p>\n<p><span style=\"color: #d0121a;\"><strong>Faroangivelser<\/strong><\/span><\/p>\n<p>H315 Irriterar huden<\/p>\n<p>H318 Orsakar allvarliga \u00f6gonskador<\/p>\n<p><span style=\"color: #d0121a;\"><strong>Skyddsangivelser<\/strong><\/span><\/p>\n<p>P102 F\u00f6rvaras o\u00e5tkomligt f\u00f6r barn<\/p>\n<p>P280 Anv\u00e4nd skyddshandskar och \u00f6gonskydd<\/p>\n<p>P302+P352 VID HUDKONTAKT: Tv\u00e4tta med mycket tv\u00e5l och vatten<\/p>\n<p>P305+P351+P338 VID KONTAKT MED \u00d6GONEN: Sk\u00f6lj f\u00f6rsiktigt med vatten i flera minuter. Ta ur eventuella kontaktlinser om det<\/p>\n<p>g\u00e5r l\u00e4tt. Forts\u00e4tt att sk\u00f6lja<\/p>\n<p>P310 Kontakta genast l\u00e4kare<\/p>\n","protected":false},"excerpt":{"rendered":"<p>SPAM \u00e4r ett mycket effektivt universellt reng\u00f6ringsmedel f\u00f6r smidig borttagning av alla typer av smuts p\u00e5 n\u00e4stan alla ytor.<\/p>\n","protected":false},"featured_media":19942,"comment_status":"open","ping_status":"closed","template":"","meta":[],"etheme_brands":[],"product_brand":[],"product_cat":[250,253],"product_tag":[],"class_list":{"0":"post-19941","1":"product","2":"type-product","3":"status-publish","4":"has-post-thumbnail","6":"product_cat-apc","7":"product_cat-rengoring","9":"first","10":"outofstock","11":"taxable","12":"shipping-taxable","13":"purchasable","14":"product-type-simple"},"_links":{"self":[{"href":"https:\/\/streetpower-rekond.se\/newsite\/sv\/wp-json\/wp\/v2\/product\/19941","targetHints":{"allow":["GET"]}}],"collection":[{"href":"https:\/\/streetpower-rekond.se\/newsite\/sv\/wp-json\/wp\/v2\/product"}],"about":[{"href":"https:\/\/streetpower-rekond.se\/newsite\/sv\/wp-json\/wp\/v2\/types\/product"}],"replies":[{"embeddable":true,"href":"https:\/\/streetpower-rekond.se\/newsite\/sv\/wp-json\/wp\/v2\/comments?post=19941"}],"version-history":[{"count":0,"href":"https:\/\/streetpower-rekond.se\/newsite\/sv\/wp-json\/wp\/v2\/product\/19941\/revisions"}],"wp:featuredmedia":[{"embeddable":true,"href":"https:\/\/streetpower-rekond.se\/newsite\/sv\/wp-json\/wp\/v2\/media\/19942"}],"wp:attachment":[{"href":"https:\/\/streetpower-rekond.se\/newsite\/sv\/wp-json\/wp\/v2\/media?parent=19941"}],"wp:term":[{"taxonomy":"brand","embeddable":true,"href":"https:\/\/streetpower-rekond.se\/newsite\/sv\/wp-json\/wp\/v2\/etheme_brands?post=19941"},{"taxonomy":"product_brand","embeddable":true,"href":"https:\/\/streetpower-rekond.se\/newsite\/sv\/wp-json\/wp\/v2\/product_brand?post=19941"},{"taxonomy":"product_cat","embeddable":true,"href":"https:\/\/streetpower-rekond.se\/newsite\/sv\/wp-json\/wp\/v2\/product_cat?post=19941"},{"taxonomy":"product_tag","embeddable":true,"href":"https:\/\/streetpower-rekond.se\/newsite\/sv\/wp-json\/wp\/v2\/product_tag?post=19941"}],"curies":[{"name":"wp","href":"https:\/\/api.w.org\/{rel}","templated":true}]}}