{"id":19936,"date":"2025-01-01T04:56:43","date_gmt":"2025-01-01T04:56:43","guid":{"rendered":"https:\/\/streetpower-rekond.se\/newsite\/product\/skin-250ml\/"},"modified":"2025-01-12T11:45:24","modified_gmt":"2025-01-12T11:45:24","slug":"skin-250ml","status":"publish","type":"product","link":"https:\/\/streetpower-rekond.se\/newsite\/sv\/product\/skin-250ml\/","title":{"rendered":"SKIN 250ml"},"content":{"rendered":"<p>F\u00f6rst rekommenderar vi f\u00f6rst en grundlig och skonsam reng\u00f6ring med v\u00e5r SPAM Universal Cleaner.<\/p>\n<p>L\u00e4der gel ska sedan appliceras tunt med svarta l\u00e4der-pucken.<\/p>\n","protected":false},"excerpt":{"rendered":"<p>L\u00e4mnar efter sig en silkeslen matt naturlig glans Ger n\u00e4ring \u00e5t l\u00e4dret samtidigt som den ger en l\u00e5ngvarig skydd Naturliga ingredienser: kombination av solrosolja bivax och mandelolja<\/p>\n","protected":false},"featured_media":19937,"comment_status":"open","ping_status":"closed","template":"","meta":[],"etheme_brands":[],"product_brand":[],"product_cat":[254],"product_tag":[],"class_list":{"0":"post-19936","1":"product","2":"type-product","3":"status-publish","4":"has-post-thumbnail","6":"product_cat-laedervard","8":"first","9":"instock","10":"taxable","11":"shipping-taxable","12":"purchasable","13":"product-type-simple"},"_links":{"self":[{"href":"https:\/\/streetpower-rekond.se\/newsite\/sv\/wp-json\/wp\/v2\/product\/19936","targetHints":{"allow":["GET"]}}],"collection":[{"href":"https:\/\/streetpower-rekond.se\/newsite\/sv\/wp-json\/wp\/v2\/product"}],"about":[{"href":"https:\/\/streetpower-rekond.se\/newsite\/sv\/wp-json\/wp\/v2\/types\/product"}],"replies":[{"embeddable":true,"href":"https:\/\/streetpower-rekond.se\/newsite\/sv\/wp-json\/wp\/v2\/comments?post=19936"}],"version-history":[{"count":0,"href":"https:\/\/streetpower-rekond.se\/newsite\/sv\/wp-json\/wp\/v2\/product\/19936\/revisions"}],"wp:featuredmedia":[{"embeddable":true,"href":"https:\/\/streetpower-rekond.se\/newsite\/sv\/wp-json\/wp\/v2\/media\/19937"}],"wp:attachment":[{"href":"https:\/\/streetpower-rekond.se\/newsite\/sv\/wp-json\/wp\/v2\/media?parent=19936"}],"wp:term":[{"taxonomy":"brand","embeddable":true,"href":"https:\/\/streetpower-rekond.se\/newsite\/sv\/wp-json\/wp\/v2\/etheme_brands?post=19936"},{"taxonomy":"product_brand","embeddable":true,"href":"https:\/\/streetpower-rekond.se\/newsite\/sv\/wp-json\/wp\/v2\/product_brand?post=19936"},{"taxonomy":"product_cat","embeddable":true,"href":"https:\/\/streetpower-rekond.se\/newsite\/sv\/wp-json\/wp\/v2\/product_cat?post=19936"},{"taxonomy":"product_tag","embeddable":true,"href":"https:\/\/streetpower-rekond.se\/newsite\/sv\/wp-json\/wp\/v2\/product_tag?post=19936"}],"curies":[{"name":"wp","href":"https:\/\/api.w.org\/{rel}","templated":true}]}}