{"id":19900,"date":"2025-01-01T01:44:51","date_gmt":"2025-01-01T01:44:51","guid":{"rendered":"https:\/\/streetpower-rekond.se\/newsite\/product\/liquid-elements-t4500-15mm-pro\/"},"modified":"2025-04-26T11:03:08","modified_gmt":"2025-04-26T11:03:08","slug":"liquid-elements-t4500-15mm-pro","status":"publish","type":"product","link":"https:\/\/streetpower-rekond.se\/newsite\/sv\/product\/liquid-elements-t4500-15mm-pro\/","title":{"rendered":"Liquid Elements T4500 15mm Pro"},"content":{"rendered":"<p>Med en gener\u00f6s 15 mm omloppsbana s\u00e4kerst\u00e4ller den effektiv polering och en felfri finish p\u00e5 f\u00e4rgytor. Den innovativa Longdrive 2-motortekniken \u00e4r baserad p\u00e5 ett nytt borstl\u00f6st koncept.<\/p>\n<p>En utm\u00e4rkande egenskap hos denna polermaskin \u00e4r dess l\u00f6stagbara kabel, som ger maximal r\u00f6relsefrihet och f\u00f6rhindrar irriterande kabeltrassel. Den ergonomiska designen och slimmade konstruktionen g\u00f6r den extra anv\u00e4ndarv\u00e4nlig f\u00f6r b\u00e5de v\u00e4nster- och h\u00f6gerh\u00e4nta anv\u00e4ndare, \u00e4ven under l\u00e5nga arbetsperioder, tack vare LED (Liquid Edge Design).<\/p>\n<p>Tack vare sin dubbelreducerade v\u00e4xell\u00e5da erbjuder T4500 imponerande prestanda med minimala vibrationer. Detta s\u00e4kerst\u00e4ller exakt hantering och minskar anv\u00e4ndarens tr\u00f6tthet avsev\u00e4rt. T4500 Pro Orbital Polisher kr\u00e4ver inte tv\u00e5ngsrotation; frekvensomriktaren k\u00e4nner av hastigheten digitalt och justerar effekten d\u00e4refter.<\/p>\n<p>Trots sin kraftfulla prestanda \u00e4r T4500 l\u00e4tt och tyst i drift, vilket g\u00f6r den till ett oumb\u00e4rligt verktyg i alla professionella rekond verkst\u00e4der. Varje enhet tillverkas under strikta kvalitetskontroller f\u00f6r att s\u00e4kerst\u00e4lla maximal tillf\u00f6rlitlighet och h\u00e5llbarhet<\/p>\n<p>Tekniska specifikationer:<\/p>\n<p>Nominell ineffekt: 1000 watt<\/p>\n<p>Uteffekt: 800 watt<\/p>\n<p>Nominell hastighet: 5000 RPM<\/p>\n<p>Hastighetsomr\u00e5de: 2500 &#8211; 5000 rpm<\/p>\n<p>Max. St\u00f6dplattans diameter: 125 mm<\/p>\n<p>Orbit Storlek: 15 mm<\/p>\n<p>Spindelstorlek: 8 mm<\/p>\n<p>Vikt: 2.6 kg<\/p>\n<p>Kabell\u00e4ngd: 8 m<\/p>\n<p>Ljudtrycksniv\u00e5: LpA: 84 dB(A)<\/p>\n<p>Ljudeffektniv\u00e5: LwA: 95 dB(A)<\/p>\n","protected":false},"excerpt":{"rendered":"<p>Liquid Elements T4500 15mm Pro oscillerande polermskin\u00a0\u00e4r det ultimata valet f\u00f6r proffs som kr\u00e4ver h\u00f6gsta prestanda och precision i polering processen.<\/p>\n","protected":false},"featured_media":19901,"comment_status":"open","ping_status":"closed","template":"","meta":[],"etheme_brands":[],"product_brand":[],"product_cat":[238],"product_tag":[],"class_list":{"0":"post-19900","1":"product","2":"type-product","3":"status-publish","4":"has-post-thumbnail","6":"product_cat-polermaskiner","8":"first","9":"instock","10":"taxable","11":"shipping-taxable","12":"purchasable","13":"product-type-simple"},"_links":{"self":[{"href":"https:\/\/streetpower-rekond.se\/newsite\/sv\/wp-json\/wp\/v2\/product\/19900","targetHints":{"allow":["GET"]}}],"collection":[{"href":"https:\/\/streetpower-rekond.se\/newsite\/sv\/wp-json\/wp\/v2\/product"}],"about":[{"href":"https:\/\/streetpower-rekond.se\/newsite\/sv\/wp-json\/wp\/v2\/types\/product"}],"replies":[{"embeddable":true,"href":"https:\/\/streetpower-rekond.se\/newsite\/sv\/wp-json\/wp\/v2\/comments?post=19900"}],"version-history":[{"count":1,"href":"https:\/\/streetpower-rekond.se\/newsite\/sv\/wp-json\/wp\/v2\/product\/19900\/revisions"}],"predecessor-version":[{"id":23253,"href":"https:\/\/streetpower-rekond.se\/newsite\/sv\/wp-json\/wp\/v2\/product\/19900\/revisions\/23253"}],"wp:featuredmedia":[{"embeddable":true,"href":"https:\/\/streetpower-rekond.se\/newsite\/sv\/wp-json\/wp\/v2\/media\/19901"}],"wp:attachment":[{"href":"https:\/\/streetpower-rekond.se\/newsite\/sv\/wp-json\/wp\/v2\/media?parent=19900"}],"wp:term":[{"taxonomy":"brand","embeddable":true,"href":"https:\/\/streetpower-rekond.se\/newsite\/sv\/wp-json\/wp\/v2\/etheme_brands?post=19900"},{"taxonomy":"product_brand","embeddable":true,"href":"https:\/\/streetpower-rekond.se\/newsite\/sv\/wp-json\/wp\/v2\/product_brand?post=19900"},{"taxonomy":"product_cat","embeddable":true,"href":"https:\/\/streetpower-rekond.se\/newsite\/sv\/wp-json\/wp\/v2\/product_cat?post=19900"},{"taxonomy":"product_tag","embeddable":true,"href":"https:\/\/streetpower-rekond.se\/newsite\/sv\/wp-json\/wp\/v2\/product_tag?post=19900"}],"curies":[{"name":"wp","href":"https:\/\/api.w.org\/{rel}","templated":true}]}}