{"id":19896,"date":"2025-01-01T01:44:31","date_gmt":"2025-01-01T01:44:31","guid":{"rendered":"https:\/\/streetpower-rekond.se\/newsite\/product\/le-a2000-pro\/"},"modified":"2025-02-14T10:50:28","modified_gmt":"2025-02-14T10:50:28","slug":"le-a2000-pro","status":"publish","type":"product","link":"https:\/\/streetpower-rekond.se\/newsite\/sv\/product\/le-a2000-pro\/","title":{"rendered":"Liquid Elements A2000 PRO"},"content":{"rendered":"<p>Liquid Elements A2000 PRO<\/p>\n<p>Med de medf\u00f6ljande f\u00e4stena f\u00f6r 3 mm \/ 8 mm \/ 10 mm excentrisk mekanik och rotationsmekanik, kan A2000 Pro anv\u00e4ndas i olika applikationer. \u00c4ven sv\u00e5r\u00e5tkomliga omr\u00e5den kan bearbetas enkelt och effektivt. Denna maskin \u00e4r ett oumb\u00e4rligt verktyg f\u00f6r alla professionella inom fordonsdetaljer, som ger maximal prestanda och effektivitet under polering.<\/p>\n<p>Med det andra batteriet som ing\u00e5r i f\u00f6rpackningen \u00e4r n\u00e4stan kontinuerlig drift m\u00f6jlig.<\/p>\n<p>En speciell batteriindikator indikerar l\u00e5g batteriniv\u00e5 f\u00f6r att s\u00e4kerst\u00e4lla ett oavbrutet arbete.<\/p>\n<p>A2000 Pro \u00e4r idealisk f\u00f6r hela exteri\u00f6ren och alla andra m\u00e5lade omr\u00e5den p\u00e5 fordonet. Vi \u00e4r entusiastiska \u00f6ver A2000 Pro och \u00e4r \u00f6vertygade om att du ocks\u00e5 kommer att \u00e4lska den h\u00e4r maskinen.<\/p>\n<p><strong>Paketet Inneh\u00e5ller:<\/strong><\/p>\n<p>1 x 3 mm excentrisk mekanik f\u00f6r 38 mm st\u00f6dplatta<\/p>\n<p>\u2022 1 x 8 mm excentrisk mekanik f\u00f6r 38 mm st\u00f6dplatta<\/p>\n<p>\u2022 1 x 10 mm excentrisk mekanik f\u00f6r 75 mm st\u00f6dplatta<\/p>\n<p>\u2022 1 x Rotationsmekanisk adapter<\/p>\n<p>\u2022 1 x Borstef\u00e4ste<\/p>\n<p>\u2022 1 x St\u00f6dplatta 38 mm f\u00f6r 40 mm dynor<\/p>\n<p>\u2022 1 x St\u00f6dplatta 75 mm f\u00f6r 75 mm dynor<\/p>\n<p>\u2022 2 x 12V, 4,0 Ah batteri<\/p>\n<p>\u2022 1 x Batteriladdningsstation<\/p>\n<p>\u2022 2 x skiftnyckel<\/p>\n<p>\u2022 1 x Praktisk b\u00e4rv\u00e4ska med skuminl\u00e4gg<\/p>\n<p>\u2022 1 x Anv\u00e4ndarmanual<\/p>\n<p><strong>Tekniska specifikationer<\/strong><\/p>\n<p>Artikelnummer MP_A2000<\/p>\n<p>Nominell str\u00f6mf\u00f6rbrukning 360 W<\/p>\n<p>Uteffekt 280 W<\/p>\n<p>Nominell hastighet 5.000<\/p>\n<p>Hastighetsomr\u00e5de 2.500 \u2013 5.000<\/p>\n<p>Max Polerskiva Diameter 75 mm<\/p>\n<p>Orbit: 3mm \/ 8mm \/ 10 mm \/ Rotation<\/p>\n<p>Maskinspindelg\u00e4nga M12<\/p>\n<p>Excenter spindelg\u00e4nga M6<\/p>\n<p>Vikt 1,47 kg<\/p>\n<p>Ljudtrycksniv\u00e5 LpA: 80 dB(A)<\/p>\n<p>Ljudeffektniv\u00e5 LwA: 91 dB(A)<\/p>\n","protected":false},"excerpt":{"rendered":"<p>Liquid Elements A2000 PRO \u00e4r en innovativ produkt i kategorin sladdl\u00f6sa polermaskiner. Dess ergonomiska design m\u00f6jligg\u00f6r optimal hantering, medan den konstanta elektroniken s\u00e4kerst\u00e4ller konstant vridmoment och hastighet. Liquid Elements erbjuder en f\u00f6rstklassig produkt i kategorin professionella sladdl\u00f6sa polermaskiner med A2000 Pro. Strikta och kontinuerliga kvalitetskontroller s\u00e4kerst\u00e4ller h\u00f6gsta tillf\u00f6rlitlighet.<\/p>\n","protected":false},"featured_media":19897,"comment_status":"open","ping_status":"closed","template":"","meta":[],"etheme_brands":[],"product_brand":[],"product_cat":[238],"product_tag":[],"class_list":{"0":"post-19896","1":"product","2":"type-product","3":"status-publish","4":"has-post-thumbnail","6":"product_cat-polermaskiner","8":"first","9":"instock","10":"taxable","11":"shipping-taxable","12":"purchasable","13":"product-type-simple"},"_links":{"self":[{"href":"https:\/\/streetpower-rekond.se\/newsite\/sv\/wp-json\/wp\/v2\/product\/19896","targetHints":{"allow":["GET"]}}],"collection":[{"href":"https:\/\/streetpower-rekond.se\/newsite\/sv\/wp-json\/wp\/v2\/product"}],"about":[{"href":"https:\/\/streetpower-rekond.se\/newsite\/sv\/wp-json\/wp\/v2\/types\/product"}],"replies":[{"embeddable":true,"href":"https:\/\/streetpower-rekond.se\/newsite\/sv\/wp-json\/wp\/v2\/comments?post=19896"}],"version-history":[{"count":0,"href":"https:\/\/streetpower-rekond.se\/newsite\/sv\/wp-json\/wp\/v2\/product\/19896\/revisions"}],"wp:featuredmedia":[{"embeddable":true,"href":"https:\/\/streetpower-rekond.se\/newsite\/sv\/wp-json\/wp\/v2\/media\/19897"}],"wp:attachment":[{"href":"https:\/\/streetpower-rekond.se\/newsite\/sv\/wp-json\/wp\/v2\/media?parent=19896"}],"wp:term":[{"taxonomy":"brand","embeddable":true,"href":"https:\/\/streetpower-rekond.se\/newsite\/sv\/wp-json\/wp\/v2\/etheme_brands?post=19896"},{"taxonomy":"product_brand","embeddable":true,"href":"https:\/\/streetpower-rekond.se\/newsite\/sv\/wp-json\/wp\/v2\/product_brand?post=19896"},{"taxonomy":"product_cat","embeddable":true,"href":"https:\/\/streetpower-rekond.se\/newsite\/sv\/wp-json\/wp\/v2\/product_cat?post=19896"},{"taxonomy":"product_tag","embeddable":true,"href":"https:\/\/streetpower-rekond.se\/newsite\/sv\/wp-json\/wp\/v2\/product_tag?post=19896"}],"curies":[{"name":"wp","href":"https:\/\/api.w.org\/{rel}","templated":true}]}}