{"id":19844,"date":"2024-12-31T13:23:12","date_gmt":"2024-12-31T13:23:12","guid":{"rendered":"https:\/\/streetpower-rekond.se\/newsite\/product\/liquid-elements-glass-freezer-100ml\/"},"modified":"2025-01-12T15:42:22","modified_gmt":"2025-01-12T15:42:22","slug":"liquid-elements-glass-freezer-100ml","status":"publish","type":"product","link":"https:\/\/streetpower-rekond.se\/newsite\/sv\/product\/liquid-elements-glass-freezer-100ml\/","title":{"rendered":"Liquid Elements Glass Freezer 100ml"},"content":{"rendered":"<p>Instruktioner:<\/p>\n<p>Skaka flaskan f\u00f6re anv\u00e4ndning.<\/p>\n<p>Reng\u00f6r och torka vindrutan noggrant utan att l\u00e4mna n\u00e5gra rester.<\/p>\n<p>Applicera Glass Freezer med en l\u00e4mplig applikator.<\/p>\n<p>L\u00e5t den h\u00e4rda i cirka 5-10 sekunder och torka av med en mikrofiberduk.<\/p>\n<p>Skydda ytan fr\u00e5n vatten i cirka 12 timmar efter applicering.<\/p>\n<p>En flaska r\u00e4cker till ca. 30 vindrutor<\/p>\n<p>Notera:<\/p>\n<p>Applicera inte p\u00e5 heta ytor.<\/p>\n<p>Applicera inte i direkt solljus.<\/p>\n","protected":false},"excerpt":{"rendered":"<p>Liquid Elements Glass Freezer \u00e4r en keramisk bel\u00e4ggning som passar alla glasytor p\u00e5 ditt fordon. Efter anv\u00e4ndning av Glass Freezer t\u00e4cks den behandlade glasytan med ett mycket avvisande skikt som g\u00f6r att vattnet rinner av vid cirka 50 km\/h.<\/p>\n<p>Tack vare Glass Freezer fr\u00e5n Liquid Elements minimeras slitaget p\u00e5 vindrutetorkarna, vilket garanterar en s\u00e4ker k\u00f6rning i of\u00f6ruts\u00e4gbart v\u00e4der.<\/p>\n","protected":false},"featured_media":19845,"comment_status":"open","ping_status":"closed","template":"","meta":[],"etheme_brands":[],"product_brand":[],"product_cat":[255],"product_tag":[],"class_list":{"0":"post-19844","1":"product","2":"type-product","3":"status-publish","4":"has-post-thumbnail","6":"product_cat-glasbehandling","8":"first","9":"instock","10":"taxable","11":"shipping-taxable","12":"purchasable","13":"product-type-simple"},"_links":{"self":[{"href":"https:\/\/streetpower-rekond.se\/newsite\/sv\/wp-json\/wp\/v2\/product\/19844","targetHints":{"allow":["GET"]}}],"collection":[{"href":"https:\/\/streetpower-rekond.se\/newsite\/sv\/wp-json\/wp\/v2\/product"}],"about":[{"href":"https:\/\/streetpower-rekond.se\/newsite\/sv\/wp-json\/wp\/v2\/types\/product"}],"replies":[{"embeddable":true,"href":"https:\/\/streetpower-rekond.se\/newsite\/sv\/wp-json\/wp\/v2\/comments?post=19844"}],"version-history":[{"count":0,"href":"https:\/\/streetpower-rekond.se\/newsite\/sv\/wp-json\/wp\/v2\/product\/19844\/revisions"}],"wp:featuredmedia":[{"embeddable":true,"href":"https:\/\/streetpower-rekond.se\/newsite\/sv\/wp-json\/wp\/v2\/media\/19845"}],"wp:attachment":[{"href":"https:\/\/streetpower-rekond.se\/newsite\/sv\/wp-json\/wp\/v2\/media?parent=19844"}],"wp:term":[{"taxonomy":"brand","embeddable":true,"href":"https:\/\/streetpower-rekond.se\/newsite\/sv\/wp-json\/wp\/v2\/etheme_brands?post=19844"},{"taxonomy":"product_brand","embeddable":true,"href":"https:\/\/streetpower-rekond.se\/newsite\/sv\/wp-json\/wp\/v2\/product_brand?post=19844"},{"taxonomy":"product_cat","embeddable":true,"href":"https:\/\/streetpower-rekond.se\/newsite\/sv\/wp-json\/wp\/v2\/product_cat?post=19844"},{"taxonomy":"product_tag","embeddable":true,"href":"https:\/\/streetpower-rekond.se\/newsite\/sv\/wp-json\/wp\/v2\/product_tag?post=19844"}],"curies":[{"name":"wp","href":"https:\/\/api.w.org\/{rel}","templated":true}]}}