{"id":19836,"date":"2024-12-31T13:22:38","date_gmt":"2024-12-31T13:22:38","guid":{"rendered":"https:\/\/streetpower-rekond.se\/newsite\/product\/dust-cracker-extreme-wheel-cleaner-1l\/"},"modified":"2025-05-06T07:58:42","modified_gmt":"2025-05-06T07:58:42","slug":"dust-cracker-extreme-wheel-cleaner-1l","status":"publish","type":"product","link":"https:\/\/streetpower-rekond.se\/newsite\/sv\/product\/dust-cracker-extreme-wheel-cleaner-1l\/","title":{"rendered":"Dust Cracker Extreme &#8211; WHEEL CLEANER 1L"},"content":{"rendered":"<p>Kan anv\u00e4ndas p\u00e5 alla typer av hjul:<\/p>\n<p>Kromf\u00e4lgar, l\u00e4ttmetallf\u00e4lgar, st\u00e5lf\u00e4lgar<\/p>\n<p>H\u00f6gpolerad, pulverlackerad, etc.<\/p>\n<p>Behaglig lukt trots prestandaindikator<\/p>\n<p>Mycket stark reng\u00f6ringsf\u00f6rm\u00e5ga<\/p>\n<p>Skonsam reng\u00f6ring<\/p>\n<p>Syrafritt<\/p>\n<p>L\u00e4mplig som rostborttagare p\u00e5 f\u00e4rg<\/p>\n<p>pH-balanserad<\/p>\n<\/p>\n<p>Skaka v\u00e4l innan anv\u00e4ndning<\/p>\n<p>Spraya p\u00e5 ett svalt hjul och bl\u00f6t ordentligt<\/p>\n<p>L\u00e5t verka i cirka 1 minut (\u00f6verstig inte 3 minuter)<\/p>\n<p>Sk\u00f6lj bort rester med en h\u00f6gtryckstv\u00e4tt<\/p>\n<\/p>\n<p>Mycket envis smuts kan lossas med en hjulborste eller en mikrofiberduk innan sk\u00f6ljning.<\/p>\n<p>Inga rester ska finnas kvar p\u00e5 hjulet (sk\u00f6lj noggrant)<\/p>\n<p>Applicera inte p\u00e5 varma hjul<\/p>\n<p>L\u00e5t inte torka<\/p>\n<p><img decoding=\"async\" src=\"https:\/\/streetpower-rekond.se\/newsite\/img\/cms\/Faro%20Symboler\/exclam.gif\" alt=\"\" width=\"90\" height=\"90\" title=\"\"><\/p>\n<p>P101 Ha f\u00f6rpackningen eller etiketten till hands om du m\u00e5ste s\u00f6ka l\u00e4karv\u00e5rd.<\/p>\n<p>P102 F\u00f6rvaras o\u00e5tkomligt f\u00f6r barn.<\/p>\n<p>P260 Inandas inte damm\/r\u00f6k\/gaser\/dimma\/\u00e5ngor\/sprej.\u00a0<\/p>\n<p>P270 \u00c4t inte, drick inte och r\u00f6k inte n\u00e4r du anv\u00e4nder produkten.<\/p>\n<p>P280 Anv\u00e4nd skyddshandskar\/skyddskl\u00e4der\/\u00f6gonskydd\/ansiktsskydd.<\/p>\n<p>P301+P312 VID F\u00d6RT\u00c4RING: Vid obehag, kontakta GIFTINFORMATIONS- CENTRALEN\/l\u00e4kare&#8230;<\/p>\n<p>P302 + P352 VID HUDKONTAKT: Tv\u00e4tta med mycket vatten\/&#8230;<\/p>\n<p>P305 + P351 + P338 VID KONTAKT MED \u00d6GONEN: Sk\u00f6lj f\u00f6rsiktigt med vatten i flera minuter. Ta ur eventuella kontaktlinser om det g\u00e5r l\u00e4tt. Forts\u00e4tt att sk\u00f6lja<\/p>\n<p>H302 Skadligt vid f\u00f6rt\u00e4ring.<\/p>\n<p>H317 Kan orsaka allergisk hudreaktion.<\/p>\n<p>H319 Orsakar allvarlig \u00f6gonirritation.<\/p>\n<p>Faroavg\u00f6rande komponenter:<\/p>\n<p>Ammoniakmerkaptoacetat<\/p>\n<p>Metylisotiazolinon<\/p>\n","protected":false},"excerpt":{"rendered":"<p>Dust Cracker Extreme \u00e4r en syrafri, reaktiv hjulreng\u00f6ring f\u00f6r skonsam reng\u00f6ring av alla typer av hjul.<\/p>\n<p>Grundlig och effektiv reng\u00f6ring med h\u00f6gkvalitativa ytaktiva \u00e4mnen. Dust Cracker har ocks\u00e5 en prestandaindikator som visuellt representerar reng\u00f6ringsmedlets effektivitet och hj\u00e4lper till med efterf\u00f6ljande borttagning av smuts med vatten.<\/p>\n<p>Den kontinuerliga utvecklingen och f\u00f6rb\u00e4ttringen av Dust Cracker Extreme prestanda s\u00e4kerst\u00e4lls genom utveckling och kvalitetss\u00e4krings\u00e5tg\u00e4rder.<\/p>\n","protected":false},"featured_media":19837,"comment_status":"open","ping_status":"closed","template":"","meta":[],"etheme_brands":[],"product_brand":[],"product_cat":[241],"product_tag":[],"class_list":{"0":"post-19836","1":"product","2":"type-product","3":"status-publish","4":"has-post-thumbnail","6":"product_cat-faelgrengoering","8":"first","9":"instock","10":"taxable","11":"shipping-taxable","12":"purchasable","13":"product-type-simple"},"_links":{"self":[{"href":"https:\/\/streetpower-rekond.se\/newsite\/sv\/wp-json\/wp\/v2\/product\/19836","targetHints":{"allow":["GET"]}}],"collection":[{"href":"https:\/\/streetpower-rekond.se\/newsite\/sv\/wp-json\/wp\/v2\/product"}],"about":[{"href":"https:\/\/streetpower-rekond.se\/newsite\/sv\/wp-json\/wp\/v2\/types\/product"}],"replies":[{"embeddable":true,"href":"https:\/\/streetpower-rekond.se\/newsite\/sv\/wp-json\/wp\/v2\/comments?post=19836"}],"version-history":[{"count":0,"href":"https:\/\/streetpower-rekond.se\/newsite\/sv\/wp-json\/wp\/v2\/product\/19836\/revisions"}],"wp:featuredmedia":[{"embeddable":true,"href":"https:\/\/streetpower-rekond.se\/newsite\/sv\/wp-json\/wp\/v2\/media\/19837"}],"wp:attachment":[{"href":"https:\/\/streetpower-rekond.se\/newsite\/sv\/wp-json\/wp\/v2\/media?parent=19836"}],"wp:term":[{"taxonomy":"brand","embeddable":true,"href":"https:\/\/streetpower-rekond.se\/newsite\/sv\/wp-json\/wp\/v2\/etheme_brands?post=19836"},{"taxonomy":"product_brand","embeddable":true,"href":"https:\/\/streetpower-rekond.se\/newsite\/sv\/wp-json\/wp\/v2\/product_brand?post=19836"},{"taxonomy":"product_cat","embeddable":true,"href":"https:\/\/streetpower-rekond.se\/newsite\/sv\/wp-json\/wp\/v2\/product_cat?post=19836"},{"taxonomy":"product_tag","embeddable":true,"href":"https:\/\/streetpower-rekond.se\/newsite\/sv\/wp-json\/wp\/v2\/product_tag?post=19836"}],"curies":[{"name":"wp","href":"https:\/\/api.w.org\/{rel}","templated":true}]}}