{"id":19830,"date":"2024-12-31T13:14:56","date_gmt":"2024-12-31T13:14:56","guid":{"rendered":"https:\/\/streetpower-rekond.se\/newsite\/product\/one-4-all-apc-1l\/"},"modified":"2025-01-25T23:59:37","modified_gmt":"2025-01-25T23:59:37","slug":"one-4-all-apc-1l","status":"publish","type":"product","link":"https:\/\/streetpower-rekond.se\/newsite\/sv\/product\/one-4-all-apc-1l\/","title":{"rendered":"One 4 All APC 1L"},"content":{"rendered":"<p>Den extremt starka reng\u00f6ringskraften hos det alkaliska reng\u00f6ringskoncentratet \u00e4r speciellt anpassad f\u00f6r de h\u00f6ga kraven fr\u00e5n professionella anv\u00e4ndare. Alla typer av smuts, fett, olja etc. samt insektsrester l\u00f6ses upp p\u00e5 mycket kort tid. Idealisk f\u00f6r reng\u00f6ring av bilar, lastbilar och tv\u00e4ttmotorer inv\u00e4ndigt och exteri\u00f6rt. Kan \u00e4ven anv\u00e4ndas f\u00f6r att reng\u00f6ra industri- och verkstadsgolv. H\u00f6g materialkompatibilitet tack vare korrosionsinhibitorer.<\/p>\n<p>Reng\u00f6ring av fordons exteri\u00f6r och motor:<\/p>\n<p>Spraya utsp\u00e4dd 1:5 till 1:30 p\u00e5 ytan, l\u00e5t verka kort och sk\u00f6lj noggrant med en h\u00f6gtryckstv\u00e4tt.<\/p>\n<p>Fordonsinteri\u00f6r och textilreng\u00f6ring:<\/p>\n<p>1:10 till 1:20. Ta bort produktrester med en fuktig mikrofiberduk (bilateralt).<\/p>\n<p>Verkstads- och industrigolv:<\/p>\n<p>1:40 till 1:120. Exponeringstid max 5 min<\/p>\n<p>Varningar:<\/p>\n<p>Testa materialkompatibilitet p\u00e5 ett oansenligt omr\u00e5de. Anv\u00e4nd inte p\u00e5 heta ytor<\/p>\n<p>Ingredienser: 5-15 % anjoniska ytaktiva \u00e4mnen, nonjoniska ytaktiva \u00e4mnen. Inneh\u00e5ller doft\u00e4mnen (Limonene), konserveringsmedel (fenoxietanol, butylbensisotiazolinon, laurylamindipropylendiamin)<\/p>\n<p><img decoding=\"async\" src=\"https:\/\/streetpower-rekond.se\/newsite\/img\/cms\/Faro%20Symboler\/acid_red.gif\" alt=\"\" width=\"90\" height=\"90\" title=\"\"><\/p>\n<p>P102 F\u00f6rvaras o\u00e5tkomligt f\u00f6r barn.<\/p>\n<p>P280 Anv\u00e4nd skyddshandskar\/skyddskl\u00e4der\/\u00f6gonskydd\/ansiktsskydd.<\/p>\n<p>P305 + P351 + P338 VID KONTAKT MED \u00d6GONEN: Sk\u00f6lj f\u00f6rsiktigt med vatten i flera minuter. Ta ur eventuella kontaktlinser om det g\u00e5r l\u00e4tt. Forts\u00e4tt att sk\u00f6lja.<\/p>\n<p>H318 Orsakar allvarliga \u00f6gonskador.<\/p>\n","protected":false},"excerpt":{"rendered":"<p>One 4 All \u00e4r ett h\u00f6gkoncentrerat alkaliskt universalreng\u00f6ringsmedel som \u00e4r fosfat- och NTA-fritt .<\/p>\n","protected":false},"featured_media":19831,"comment_status":"open","ping_status":"closed","template":"","meta":[],"etheme_brands":[],"product_brand":[],"product_cat":[256,250],"product_tag":[],"class_list":{"0":"post-19830","1":"product","2":"type-product","3":"status-publish","4":"has-post-thumbnail","6":"product_cat-alkalisk-avfettning","7":"product_cat-apc","9":"first","10":"instock","11":"taxable","12":"shipping-taxable","13":"purchasable","14":"product-type-simple"},"_links":{"self":[{"href":"https:\/\/streetpower-rekond.se\/newsite\/sv\/wp-json\/wp\/v2\/product\/19830","targetHints":{"allow":["GET"]}}],"collection":[{"href":"https:\/\/streetpower-rekond.se\/newsite\/sv\/wp-json\/wp\/v2\/product"}],"about":[{"href":"https:\/\/streetpower-rekond.se\/newsite\/sv\/wp-json\/wp\/v2\/types\/product"}],"replies":[{"embeddable":true,"href":"https:\/\/streetpower-rekond.se\/newsite\/sv\/wp-json\/wp\/v2\/comments?post=19830"}],"version-history":[{"count":0,"href":"https:\/\/streetpower-rekond.se\/newsite\/sv\/wp-json\/wp\/v2\/product\/19830\/revisions"}],"wp:featuredmedia":[{"embeddable":true,"href":"https:\/\/streetpower-rekond.se\/newsite\/sv\/wp-json\/wp\/v2\/media\/19831"}],"wp:attachment":[{"href":"https:\/\/streetpower-rekond.se\/newsite\/sv\/wp-json\/wp\/v2\/media?parent=19830"}],"wp:term":[{"taxonomy":"brand","embeddable":true,"href":"https:\/\/streetpower-rekond.se\/newsite\/sv\/wp-json\/wp\/v2\/etheme_brands?post=19830"},{"taxonomy":"product_brand","embeddable":true,"href":"https:\/\/streetpower-rekond.se\/newsite\/sv\/wp-json\/wp\/v2\/product_brand?post=19830"},{"taxonomy":"product_cat","embeddable":true,"href":"https:\/\/streetpower-rekond.se\/newsite\/sv\/wp-json\/wp\/v2\/product_cat?post=19830"},{"taxonomy":"product_tag","embeddable":true,"href":"https:\/\/streetpower-rekond.se\/newsite\/sv\/wp-json\/wp\/v2\/product_tag?post=19830"}],"curies":[{"name":"wp","href":"https:\/\/api.w.org\/{rel}","templated":true}]}}