{"id":19819,"date":"2024-12-31T13:14:20","date_gmt":"2024-12-31T13:14:20","guid":{"rendered":"https:\/\/streetpower-rekond.se\/newsite\/product\/menzerna-cut-force-pro-250-ml\/"},"modified":"2025-01-16T12:27:05","modified_gmt":"2025-01-16T12:27:05","slug":"menzerna-cut-force-pro-250-ml","status":"publish","type":"product","link":"https:\/\/streetpower-rekond.se\/newsite\/sv\/product\/menzerna-cut-force-pro-250-ml\/","title":{"rendered":"Menzerna Cut Force Pro 250 ml"},"content":{"rendered":"<p>En helt ny niv\u00e5 p\u00e5 polermedel som minskar ett antal steg.<\/p>\n<p>Roterande maskin: Starta p\u00e5 500-800 rpm, avsluta 1800-2000 rpm.<\/p>\n<p>Oscilerande maskin: Starta p\u00e5 l\u00e5g hastighet och avsluta p\u00e5 h\u00f6gre hastighet.<\/p>\n<p>Fri fr\u00e5n silikon och fillers.<\/p>\n<p>Avverkning: 9 av 10<\/p>\n<p>Glans: 9 av 10 enl. uppgift fr\u00e5n Menzerna.<\/p>\n<p>Storlek: 250 ml<\/p>\n<p>Produkten \u00e4r inte klassificerad enligt CLP-f\u00f6rordningen<\/p>\n","protected":false},"excerpt":{"rendered":"<p><img fetchpriority=\"high\" decoding=\"async\" class=\"alignnone size-full wp-image-21904\" src=\"https:\/\/streetpower-rekond.se\/newsite\/wp-content\/uploads\/2024\/12\/menss.jpg\" alt=\"\" width=\"225\" height=\"225\" srcset=\"https:\/\/streetpower-rekond.se\/newsite\/wp-content\/uploads\/2024\/12\/menss.jpg 225w, https:\/\/streetpower-rekond.se\/newsite\/wp-content\/uploads\/2024\/12\/menss-100x100.jpg 100w, https:\/\/streetpower-rekond.se\/newsite\/wp-content\/uploads\/2024\/12\/menss-150x150.jpg 150w, https:\/\/streetpower-rekond.se\/newsite\/wp-content\/uploads\/2024\/12\/menss-12x12.jpg 12w\" sizes=\"(max-width: 225px) 100vw, 225px\" \/><\/p>\n","protected":false},"featured_media":19820,"comment_status":"open","ping_status":"closed","template":"","meta":[],"etheme_brands":[],"product_brand":[],"product_cat":[214],"product_tag":[],"class_list":{"0":"post-19819","1":"product","2":"type-product","3":"status-publish","4":"has-post-thumbnail","6":"product_cat-polermedel","8":"first","9":"instock","10":"taxable","11":"shipping-taxable","12":"purchasable","13":"product-type-simple"},"_links":{"self":[{"href":"https:\/\/streetpower-rekond.se\/newsite\/sv\/wp-json\/wp\/v2\/product\/19819","targetHints":{"allow":["GET"]}}],"collection":[{"href":"https:\/\/streetpower-rekond.se\/newsite\/sv\/wp-json\/wp\/v2\/product"}],"about":[{"href":"https:\/\/streetpower-rekond.se\/newsite\/sv\/wp-json\/wp\/v2\/types\/product"}],"replies":[{"embeddable":true,"href":"https:\/\/streetpower-rekond.se\/newsite\/sv\/wp-json\/wp\/v2\/comments?post=19819"}],"version-history":[{"count":0,"href":"https:\/\/streetpower-rekond.se\/newsite\/sv\/wp-json\/wp\/v2\/product\/19819\/revisions"}],"wp:featuredmedia":[{"embeddable":true,"href":"https:\/\/streetpower-rekond.se\/newsite\/sv\/wp-json\/wp\/v2\/media\/19820"}],"wp:attachment":[{"href":"https:\/\/streetpower-rekond.se\/newsite\/sv\/wp-json\/wp\/v2\/media?parent=19819"}],"wp:term":[{"taxonomy":"brand","embeddable":true,"href":"https:\/\/streetpower-rekond.se\/newsite\/sv\/wp-json\/wp\/v2\/etheme_brands?post=19819"},{"taxonomy":"product_brand","embeddable":true,"href":"https:\/\/streetpower-rekond.se\/newsite\/sv\/wp-json\/wp\/v2\/product_brand?post=19819"},{"taxonomy":"product_cat","embeddable":true,"href":"https:\/\/streetpower-rekond.se\/newsite\/sv\/wp-json\/wp\/v2\/product_cat?post=19819"},{"taxonomy":"product_tag","embeddable":true,"href":"https:\/\/streetpower-rekond.se\/newsite\/sv\/wp-json\/wp\/v2\/product_tag?post=19819"}],"curies":[{"name":"wp","href":"https:\/\/api.w.org\/{rel}","templated":true}]}}